{"id":771629,"date":"2025-08-28T15:12:11","date_gmt":"2025-08-28T12:12:11","guid":{"rendered":"https:\/\/roveyayinevi.com.tr\/index.php\/urun\/cocuklar-icin-yapay-zeka\/"},"modified":"2026-04-15T03:38:10","modified_gmt":"2026-04-15T00:38:10","slug":"cocuklar-icin-yapay-zeka","status":"publish","type":"product","link":"https:\/\/roveyayinevi.com.tr\/index.php\/urun\/cocuklar-icin-yapay-zeka\/","title":{"rendered":"\u00c7ocuklar \u0130\u00e7in Yapay Zeka"},"content":{"rendered":"<p>\u00c7ocuklar i\u00e7in yapay zek\u00e2 maceras\u0131: Bilgiyle dolu bir ke\u015fif yolculu\u011fu !Teknoloji d\u00fcnyas\u0131n\u0131n k\u00fc\u00e7\u00fck bilim adamlar\u0131, yapay zek\u00e2ya dair t\u00fcm gizemli bilgiler sizin elinizde olacak. Robotlarla tan\u0131\u015facak, bilgisayarlar\u0131n nas\u0131l \u00e7al\u0131\u015ft\u0131\u011f\u0131n\u0131 \u00f6\u011freneceksiniz. Makinelerin s\u0131rr\u0131n\u0131 ke\u015ffedecek ve yapay zek\u00e2y\u0131 \u00e7\u00f6zeceksiniz!Haydi o zaman, yapay zek\u00e2n\u0131n \u0131\u015f\u0131kl\u0131 d\u00fcnyas\u0131n\u0131 takip edip arad\u0131\u011f\u0131n\u0131z sorular\u0131n cevaplar\u0131n\u0131 birlikte bulal\u0131m<\/p>\n","protected":false},"excerpt":{"rendered":"<p>\u00c7ocuklar i\u00e7in yapay zek\u00e2 maceras\u0131: Bilgiyle dolu bir ke\u015fif yolculu\u011fu !Teknoloji d\u00fcnyas\u0131n\u0131n k\u00fc\u00e7\u00fck bilim adamlar\u0131, yapay zek\u00e2ya dair t\u00fcm gizemli bilgiler sizin elinizde olacak. Robotlarla tan\u0131\u015facak,<span class=\"excerpt-hellip\"> [\u2026]<\/span><\/p>\n","protected":false},"featured_media":0,"template":"","meta":{"_monsterinsights_skip_tracking":false,"_monsterinsights_sitenote_active":false,"_monsterinsights_sitenote_note":"","_monsterinsights_sitenote_category":0},"product_brand":[],"product_cat":[12274,24599],"product_tag":[],"class_list":{"0":"post-771629","1":"product","2":"type-product","3":"status-publish","5":"product_cat-cocuk-ve-genclik-kitaplari","6":"product_cat-zeka-gelisimi","7":"pa_cilt-ciltsiz","8":"pa_tur-kitap","9":"pa_yayinevi-yediveren-cocuk","10":"pa_yazar-burcu-karadas","12":"first","13":"instock","14":"sale","15":"shipping-taxable","16":"purchasable","17":"product-type-simple"},"_links":{"self":[{"href":"https:\/\/roveyayinevi.com.tr\/index.php\/wp-json\/wp\/v2\/product\/771629","targetHints":{"allow":["GET"]}}],"collection":[{"href":"https:\/\/roveyayinevi.com.tr\/index.php\/wp-json\/wp\/v2\/product"}],"about":[{"href":"https:\/\/roveyayinevi.com.tr\/index.php\/wp-json\/wp\/v2\/types\/product"}],"wp:attachment":[{"href":"https:\/\/roveyayinevi.com.tr\/index.php\/wp-json\/wp\/v2\/media?parent=771629"}],"wp:term":[{"taxonomy":"product_brand","embeddable":true,"href":"https:\/\/roveyayinevi.com.tr\/index.php\/wp-json\/wp\/v2\/product_brand?post=771629"},{"taxonomy":"product_cat","embeddable":true,"href":"https:\/\/roveyayinevi.com.tr\/index.php\/wp-json\/wp\/v2\/product_cat?post=771629"},{"taxonomy":"product_tag","embeddable":true,"href":"https:\/\/roveyayinevi.com.tr\/index.php\/wp-json\/wp\/v2\/product_tag?post=771629"}],"curies":[{"name":"wp","href":"https:\/\/api.w.org\/{rel}","templated":true}]}}