{"id":771628,"date":"2025-08-28T15:12:08","date_gmt":"2025-08-28T12:12:08","guid":{"rendered":"https:\/\/roveyayinevi.com.tr\/index.php\/urun\/kotu-kadin-bir-kukla-1\/"},"modified":"2026-04-15T03:38:10","modified_gmt":"2026-04-15T00:38:10","slug":"kotu-kadin-bir-kukla-1","status":"publish","type":"product","link":"https:\/\/roveyayinevi.com.tr\/index.php\/urun\/kotu-kadin-bir-kukla-1\/","title":{"rendered":"K\u00f6t\u00fc Kad\u0131n Bir Kukla 1"},"content":{"rendered":"<p>\u0130MPARATORLU\u011eUN EN G\u00dcZEL KIZI OLMASINA RA\u011eMEN L\u00dcKS VE K\u00d6T\u00dcL\u00dcKTEN BA\u015eKA B\u0130R \u015eEY B\u0130LMEYEN PRENSES KAYENA H\u0130LL&#8230; ZAL\u0130M ERKEK KARDE\u015e\u0130 TAHTI ELE GE\u00c7\u0130REB\u0130LMEK \u0130\u00c7\u0130N KAYENA\u2019YI B\u0130R P\u0130YON OLARAK KULLANDI VE SONUNDA DEL\u0130 KOCASI TARAFINDAN \u00d6LD\u00dcR\u00dcL\u00dcP KORKUN\u00c7 B\u0130R KADERE BOYUN E\u011eD\u0130. B\u00dcT\u00dcN BUNLAR O, PRENSES KAYENA OLMADAN \u00d6NCEYD\u0130.   \u201cSEN\u0130 \u0130MPARATOR YAPACA\u011eIM.\u201d \u201cBEN\u0130 M\u0130?\u201d \u201cKAR\u015eILI\u011eINDA BEN\u0130 \u00d6ZG\u00dcR KIL.\u201d   ZEH\u0130RL\u0130 D\u0130KENLER\u0130 OLAN B\u0130R G\u00dcL, \u00d6L\u00dcM\u00dc \u00c7A\u011eIRAN B\u0130R G\u00dcZELL\u0130K&#8230; \u201cYEN\u0130 HAYATIMDA KEND\u0130M G\u0130B\u0130 YA\u015eAMAK \u0130ST\u0130YORUM.\u201d <\/p>\n","protected":false},"excerpt":{"rendered":"<p>\u0130MPARATORLU\u011eUN EN G\u00dcZEL KIZI OLMASINA RA\u011eMEN L\u00dcKS VE K\u00d6T\u00dcL\u00dcKTEN BA\u015eKA B\u0130R \u015eEY B\u0130LMEYEN PRENSES KAYENA H\u0130LL&#8230; ZAL\u0130M ERKEK KARDE\u015e\u0130 TAHTI ELE GE\u00c7\u0130REB\u0130LMEK \u0130\u00c7\u0130N KAYENA\u2019YI B\u0130R P\u0130YON<span class=\"excerpt-hellip\"> [\u2026]<\/span><\/p>\n","protected":false},"featured_media":0,"template":"","meta":{"_monsterinsights_skip_tracking":false,"_monsterinsights_sitenote_active":false,"_monsterinsights_sitenote_note":"","_monsterinsights_sitenote_category":0},"product_brand":[],"product_cat":[12416,12291],"product_tag":[],"class_list":{"0":"post-771628","1":"product","2":"type-product","3":"status-publish","5":"product_cat-cizgi-roman","6":"product_cat-edebiyat","7":"pa_cilt-ciltsiz","8":"pa_tur-kitap","9":"pa_yayinevi-athica-yayinlari","10":"pa_yazar-hanirim","12":"first","13":"instock","14":"sale","15":"shipping-taxable","16":"purchasable","17":"product-type-simple"},"_links":{"self":[{"href":"https:\/\/roveyayinevi.com.tr\/index.php\/wp-json\/wp\/v2\/product\/771628","targetHints":{"allow":["GET"]}}],"collection":[{"href":"https:\/\/roveyayinevi.com.tr\/index.php\/wp-json\/wp\/v2\/product"}],"about":[{"href":"https:\/\/roveyayinevi.com.tr\/index.php\/wp-json\/wp\/v2\/types\/product"}],"wp:attachment":[{"href":"https:\/\/roveyayinevi.com.tr\/index.php\/wp-json\/wp\/v2\/media?parent=771628"}],"wp:term":[{"taxonomy":"product_brand","embeddable":true,"href":"https:\/\/roveyayinevi.com.tr\/index.php\/wp-json\/wp\/v2\/product_brand?post=771628"},{"taxonomy":"product_cat","embeddable":true,"href":"https:\/\/roveyayinevi.com.tr\/index.php\/wp-json\/wp\/v2\/product_cat?post=771628"},{"taxonomy":"product_tag","embeddable":true,"href":"https:\/\/roveyayinevi.com.tr\/index.php\/wp-json\/wp\/v2\/product_tag?post=771628"}],"curies":[{"name":"wp","href":"https:\/\/api.w.org\/{rel}","templated":true}]}}