{"id":771627,"date":"2025-08-28T15:12:05","date_gmt":"2025-08-28T12:12:05","guid":{"rendered":"https:\/\/roveyayinevi.com.tr\/index.php\/urun\/ilmin-altin-cagi-3-kitap-set\/"},"modified":"2026-04-15T03:38:10","modified_gmt":"2026-04-15T00:38:10","slug":"ilmin-altin-cagi-3-kitap-set","status":"publish","type":"product","link":"https:\/\/roveyayinevi.com.tr\/index.php\/urun\/ilmin-altin-cagi-3-kitap-set\/","title":{"rendered":"\u0130lmin Alt\u0131n \u00c7a\u011f\u0131 3 Kitap Set"},"content":{"rendered":"<p>Bilim tarihinde \u00e7\u0131\u011f\u0131r a\u00e7an ilim adamlar\u0131n\u0131n ilham verici hik\u00e2yeleri bu seride gen\u00e7 okurlar\u0131 bekliyor. \u0130bni Sina&#8217;n\u0131n t\u0131p alan\u0131ndak\u0130 devrim niteli\u011findeki ke\u015fifleri, Biruni&#8217;nin evrenin s\u0131rlar\u0131n\u0131 \u00e7\u00f6zmeye olan tutkusu, Cezeri&#8217;nin mekanik dehas\u0131 gen\u00e7lerin ke\u015fif tutkusunu ate\u015fleyerek zihinlerini ilhamla dolduracak.\u2022    \u0130lmin Alt\u0131n \u00c7a\u011f\u0131 \u0130bni Sina\u2022    \u0130lmin Alt\u0131n \u00c7a\u011f\u0131 Biruni\u2022    \u0130lmin Alt\u0131n \u00c7a\u011f\u0131 Cezeri<\/p>\n","protected":false},"excerpt":{"rendered":"<p>Bilim tarihinde \u00e7\u0131\u011f\u0131r a\u00e7an ilim adamlar\u0131n\u0131n ilham verici hik\u00e2yeleri bu seride gen\u00e7 okurlar\u0131 bekliyor. \u0130bni Sina&#8217;n\u0131n t\u0131p alan\u0131ndak\u0130 devrim niteli\u011findeki ke\u015fifleri, Biruni&#8217;nin evrenin s\u0131rlar\u0131n\u0131 \u00e7\u00f6zmeye olan<span class=\"excerpt-hellip\"> [\u2026]<\/span><\/p>\n","protected":false},"featured_media":0,"template":"","meta":{"_monsterinsights_skip_tracking":false,"_monsterinsights_sitenote_active":false,"_monsterinsights_sitenote_note":"","_monsterinsights_sitenote_category":0},"product_brand":[],"product_cat":[12274,15842],"product_tag":[],"class_list":{"0":"post-771627","1":"product","2":"type-product","3":"status-publish","5":"product_cat-cocuk-ve-genclik-kitaplari","6":"product_cat-egitici-kitaplar","7":"pa_cilt-ciltsiz","8":"pa_tur-kitap","9":"pa_yayinevi-yediveren-cocuk","10":"pa_yazar-gulhan-alisik","12":"first","13":"instock","14":"sale","15":"shipping-taxable","16":"purchasable","17":"product-type-simple"},"_links":{"self":[{"href":"https:\/\/roveyayinevi.com.tr\/index.php\/wp-json\/wp\/v2\/product\/771627","targetHints":{"allow":["GET"]}}],"collection":[{"href":"https:\/\/roveyayinevi.com.tr\/index.php\/wp-json\/wp\/v2\/product"}],"about":[{"href":"https:\/\/roveyayinevi.com.tr\/index.php\/wp-json\/wp\/v2\/types\/product"}],"wp:attachment":[{"href":"https:\/\/roveyayinevi.com.tr\/index.php\/wp-json\/wp\/v2\/media?parent=771627"}],"wp:term":[{"taxonomy":"product_brand","embeddable":true,"href":"https:\/\/roveyayinevi.com.tr\/index.php\/wp-json\/wp\/v2\/product_brand?post=771627"},{"taxonomy":"product_cat","embeddable":true,"href":"https:\/\/roveyayinevi.com.tr\/index.php\/wp-json\/wp\/v2\/product_cat?post=771627"},{"taxonomy":"product_tag","embeddable":true,"href":"https:\/\/roveyayinevi.com.tr\/index.php\/wp-json\/wp\/v2\/product_tag?post=771627"}],"curies":[{"name":"wp","href":"https:\/\/api.w.org\/{rel}","templated":true}]}}