{"id":771626,"date":"2025-08-28T15:12:03","date_gmt":"2025-08-28T12:12:03","guid":{"rendered":"https:\/\/roveyayinevi.com.tr\/index.php\/urun\/ilmin-altin-cagi-biruni\/"},"modified":"2026-04-15T03:38:10","modified_gmt":"2026-04-15T00:38:10","slug":"ilmin-altin-cagi-biruni","status":"publish","type":"product","link":"https:\/\/roveyayinevi.com.tr\/index.php\/urun\/ilmin-altin-cagi-biruni\/","title":{"rendered":"\u0130lmin Alt\u0131n \u00c7a\u011f\u0131 Biruni"},"content":{"rendered":"<p>Bug\u00fcn, uzaya \u00e7\u0131k\u0131p d\u00fcnyan\u0131n y\u00f6r\u00fcngesine uydular yerle\u015ftirebiliyorsak bunu binlerce y\u0131ll\u0131k bilim tarihindeki say\u0131s\u0131z kahramana bor\u00e7luyuz. \u015e\u00fcphesiz Biruni de bu kahramanlar\u0131n en \u00f6nemlilerinden. Astronomi alan\u0131nda yapt\u0131\u011f\u0131 \u00e7al\u0131\u015fmalarla astronomi biliminin temellerini atm\u0131\u015f, co\u011frafya ve t\u0131pla ilgili \u00f6nemli eserler b\u0131rakm\u0131\u015f bir d\u00e2hi. G\u00fcne\u015fin hareketlerinden mevsimlerin ne zaman ba\u015flad\u0131\u011f\u0131n\u0131 belirledi ve bug\u00fcnk\u00fc d\u00fcnyan\u0131n de\u011ferlere yak\u0131n bularak yer bilimlerinde \u00e7\u0131\u011f\u0131r a\u00e7t\u0131. Biruni\u2019nin hayat\u0131, bilime olan sevgisi ve s\u0131n\u0131rlar\u0131 a\u015fan azmi, okuyan herkese ilham kayna\u011f\u0131 olacakt\u0131r<\/p>\n","protected":false},"excerpt":{"rendered":"<p>Bug\u00fcn, uzaya \u00e7\u0131k\u0131p d\u00fcnyan\u0131n y\u00f6r\u00fcngesine uydular yerle\u015ftirebiliyorsak bunu binlerce y\u0131ll\u0131k bilim tarihindeki say\u0131s\u0131z kahramana bor\u00e7luyuz. \u015e\u00fcphesiz Biruni de bu kahramanlar\u0131n en \u00f6nemlilerinden. Astronomi alan\u0131nda yapt\u0131\u011f\u0131 \u00e7al\u0131\u015fmalarla<span class=\"excerpt-hellip\"> [\u2026]<\/span><\/p>\n","protected":false},"featured_media":0,"template":"","meta":{"_monsterinsights_skip_tracking":false,"_monsterinsights_sitenote_active":false,"_monsterinsights_sitenote_note":"","_monsterinsights_sitenote_category":0},"product_brand":[],"product_cat":[12274,15842],"product_tag":[],"class_list":{"0":"post-771626","1":"product","2":"type-product","3":"status-publish","5":"product_cat-cocuk-ve-genclik-kitaplari","6":"product_cat-egitici-kitaplar","7":"pa_cilt-ciltsiz","8":"pa_tur-kitap","9":"pa_yayinevi-yediveren-cocuk","10":"pa_yazar-gulhan-alisik","12":"first","13":"instock","14":"sale","15":"shipping-taxable","16":"purchasable","17":"product-type-simple"},"_links":{"self":[{"href":"https:\/\/roveyayinevi.com.tr\/index.php\/wp-json\/wp\/v2\/product\/771626","targetHints":{"allow":["GET"]}}],"collection":[{"href":"https:\/\/roveyayinevi.com.tr\/index.php\/wp-json\/wp\/v2\/product"}],"about":[{"href":"https:\/\/roveyayinevi.com.tr\/index.php\/wp-json\/wp\/v2\/types\/product"}],"wp:attachment":[{"href":"https:\/\/roveyayinevi.com.tr\/index.php\/wp-json\/wp\/v2\/media?parent=771626"}],"wp:term":[{"taxonomy":"product_brand","embeddable":true,"href":"https:\/\/roveyayinevi.com.tr\/index.php\/wp-json\/wp\/v2\/product_brand?post=771626"},{"taxonomy":"product_cat","embeddable":true,"href":"https:\/\/roveyayinevi.com.tr\/index.php\/wp-json\/wp\/v2\/product_cat?post=771626"},{"taxonomy":"product_tag","embeddable":true,"href":"https:\/\/roveyayinevi.com.tr\/index.php\/wp-json\/wp\/v2\/product_tag?post=771626"}],"curies":[{"name":"wp","href":"https:\/\/api.w.org\/{rel}","templated":true}]}}