{"id":771625,"date":"2025-08-28T15:12:01","date_gmt":"2025-08-28T12:12:01","guid":{"rendered":"https:\/\/roveyayinevi.com.tr\/index.php\/urun\/fantastik-macera-gemisi-3-kitap-set\/"},"modified":"2026-04-15T03:38:10","modified_gmt":"2026-04-15T00:38:10","slug":"fantastik-macera-gemisi-3-kitap-set","status":"publish","type":"product","link":"https:\/\/roveyayinevi.com.tr\/index.php\/urun\/fantastik-macera-gemisi-3-kitap-set\/","title":{"rendered":"Fantastik Macera Gemisi 3 Kitap Set"},"content":{"rendered":"<p>Do\u011fa\u00fcst\u00fc g\u00fc\u00e7lerini konu\u015fturan be\u015f genci bekleyen zor g\u00f6revler ve e\u015fi benzeri olmayan geminin i\u00e7inde fantastik bir ya\u015fam. \u2022    Fantastik Macera Gemisi\/Cesur D\u00fcnya (Karton)\u2022    Fantastik Macera Gemisi\/Kaybolan Sihirbaz (Karton)\u2022    Fantastik Macera Gemisi\/S\u0131rlar Kul\u00fcb\u00fc (Karton)<\/p>\n","protected":false},"excerpt":{"rendered":"<p>Do\u011fa\u00fcst\u00fc g\u00fc\u00e7lerini konu\u015fturan be\u015f genci bekleyen zor g\u00f6revler ve e\u015fi benzeri olmayan geminin i\u00e7inde fantastik bir ya\u015fam. \u2022 Fantastik Macera Gemisi\/Cesur D\u00fcnya (Karton)\u2022 Fantastik Macera Gemisi\/Kaybolan<span class=\"excerpt-hellip\"> [\u2026]<\/span><\/p>\n","protected":false},"featured_media":0,"template":"","meta":{"_monsterinsights_skip_tracking":false,"_monsterinsights_sitenote_active":false,"_monsterinsights_sitenote_note":"","_monsterinsights_sitenote_category":0},"product_brand":[],"product_cat":[12274,12284],"product_tag":[],"class_list":{"0":"post-771625","1":"product","2":"type-product","3":"status-publish","5":"product_cat-cocuk-ve-genclik-kitaplari","6":"product_cat-hikayeler","7":"pa_cilt-ciltsiz","8":"pa_tur-kitap","9":"pa_yayinevi-yediveren-cocuk","10":"pa_yazar-burcu-karadas","12":"first","13":"instock","14":"sale","15":"shipping-taxable","16":"purchasable","17":"product-type-simple"},"_links":{"self":[{"href":"https:\/\/roveyayinevi.com.tr\/index.php\/wp-json\/wp\/v2\/product\/771625","targetHints":{"allow":["GET"]}}],"collection":[{"href":"https:\/\/roveyayinevi.com.tr\/index.php\/wp-json\/wp\/v2\/product"}],"about":[{"href":"https:\/\/roveyayinevi.com.tr\/index.php\/wp-json\/wp\/v2\/types\/product"}],"wp:attachment":[{"href":"https:\/\/roveyayinevi.com.tr\/index.php\/wp-json\/wp\/v2\/media?parent=771625"}],"wp:term":[{"taxonomy":"product_brand","embeddable":true,"href":"https:\/\/roveyayinevi.com.tr\/index.php\/wp-json\/wp\/v2\/product_brand?post=771625"},{"taxonomy":"product_cat","embeddable":true,"href":"https:\/\/roveyayinevi.com.tr\/index.php\/wp-json\/wp\/v2\/product_cat?post=771625"},{"taxonomy":"product_tag","embeddable":true,"href":"https:\/\/roveyayinevi.com.tr\/index.php\/wp-json\/wp\/v2\/product_tag?post=771625"}],"curies":[{"name":"wp","href":"https:\/\/api.w.org\/{rel}","templated":true}]}}