{"id":771612,"date":"2025-08-28T15:11:29","date_gmt":"2025-08-28T12:11:29","guid":{"rendered":"https:\/\/roveyayinevi.com.tr\/index.php\/urun\/onun-adi-sevda\/"},"modified":"2026-04-15T03:38:10","modified_gmt":"2026-04-15T00:38:10","slug":"onun-adi-sevda","status":"publish","type":"product","link":"https:\/\/roveyayinevi.com.tr\/index.php\/urun\/onun-adi-sevda\/","title":{"rendered":"Onun Ad\u0131 Sevda"},"content":{"rendered":"<p>\u2026 Soruyorlar nas\u0131ls\u0131n?Her g\u00fcn ayn\u0131 soruS\u0131k\u0131l\u0131yorum art\u0131k cevap belliSevdam\u0131 soruyorsan sevdam dertliBeni soruyorsan sevdas\u0131 derdiYeni bir g\u00fcn a\u00e7\u0131yorum g\u00f6z\u00fcm\u00fcTam kar\u015f\u0131mda sevdam\u0131n g\u00f6zleriHat\u0131rl\u0131yorum bana olan s\u00f6zleriBitmiyor i\u00e7imdeki \u00f6zlemiYaz\u0131yorum i\u015fte o zamanYazarken sevdam\u0131 hissetti\u011fim anSesini bile duyam\u0131yorumSevdam\u0131 susturmu\u015flarOnu kirli bir kafese koymu\u015flarSabrediyorum i\u00e7in i\u00e7in a\u011fl\u0131yorum\u0130\u015fte bu y\u00fczden cevap belliSevdam\u0131 soruyorsan sevdam dertliBeni soruyorsan sevdas\u0131 derdiDertli sevda olmas\u0131n bu bir temenniDERD\u0130M\u0130Z SEVDA olsun en g\u00fczeli\u2026Yazabilmekti, anlatabilmekti en b\u00fcy\u00fck tutku. Bu tutku bitmedi aksine sevdaya d\u00f6n\u00fc\u015ft\u00fc.  O da yetmedi s\u00f6z oldu, \u015fark\u0131 oldu, \u015firk\u0131 oldu ve bu kez de dillerden dillere,  y\u00fcreklerden y\u00fcreklere doland\u0131. \u0130\u015fte,  \u015fimdi zaman\u0131 bunu s\u00f6ylemenin:\u201cDertli sevda olmas\u0131n Derdiniz sevda olsun.\u201d<\/p>\n","protected":false},"excerpt":{"rendered":"<p>\u2026 Soruyorlar nas\u0131ls\u0131n?Her g\u00fcn ayn\u0131 soruS\u0131k\u0131l\u0131yorum art\u0131k cevap belliSevdam\u0131 soruyorsan sevdam dertliBeni soruyorsan sevdas\u0131 derdiYeni bir g\u00fcn a\u00e7\u0131yorum g\u00f6z\u00fcm\u00fcTam kar\u015f\u0131mda sevdam\u0131n g\u00f6zleriHat\u0131rl\u0131yorum bana olan s\u00f6zleriBitmiyor i\u00e7imdeki<span class=\"excerpt-hellip\"> [\u2026]<\/span><\/p>\n","protected":false},"featured_media":0,"template":"","meta":{"_monsterinsights_skip_tracking":false,"_monsterinsights_sitenote_active":false,"_monsterinsights_sitenote_note":"","_monsterinsights_sitenote_category":0},"product_brand":[],"product_cat":[12291,12509],"product_tag":[],"class_list":{"0":"post-771612","1":"product","2":"type-product","3":"status-publish","5":"product_cat-edebiyat","6":"product_cat-siir","7":"pa_cilt-ciltsiz","8":"pa_tur-kitap","9":"pa_yayinevi-mihenk-kitap","10":"pa_yazar-ahmet-atil-esendemir","12":"first","13":"instock","14":"sale","15":"shipping-taxable","16":"purchasable","17":"product-type-simple"},"_links":{"self":[{"href":"https:\/\/roveyayinevi.com.tr\/index.php\/wp-json\/wp\/v2\/product\/771612","targetHints":{"allow":["GET"]}}],"collection":[{"href":"https:\/\/roveyayinevi.com.tr\/index.php\/wp-json\/wp\/v2\/product"}],"about":[{"href":"https:\/\/roveyayinevi.com.tr\/index.php\/wp-json\/wp\/v2\/types\/product"}],"wp:attachment":[{"href":"https:\/\/roveyayinevi.com.tr\/index.php\/wp-json\/wp\/v2\/media?parent=771612"}],"wp:term":[{"taxonomy":"product_brand","embeddable":true,"href":"https:\/\/roveyayinevi.com.tr\/index.php\/wp-json\/wp\/v2\/product_brand?post=771612"},{"taxonomy":"product_cat","embeddable":true,"href":"https:\/\/roveyayinevi.com.tr\/index.php\/wp-json\/wp\/v2\/product_cat?post=771612"},{"taxonomy":"product_tag","embeddable":true,"href":"https:\/\/roveyayinevi.com.tr\/index.php\/wp-json\/wp\/v2\/product_tag?post=771612"}],"curies":[{"name":"wp","href":"https:\/\/api.w.org\/{rel}","templated":true}]}}