{"id":771606,"date":"2025-08-28T15:11:18","date_gmt":"2025-08-28T12:11:18","guid":{"rendered":"https:\/\/roveyayinevi.com.tr\/index.php\/urun\/mondrostan-lozana\/"},"modified":"2026-04-15T03:38:10","modified_gmt":"2026-04-15T00:38:10","slug":"mondrostan-lozana","status":"publish","type":"product","link":"https:\/\/roveyayinevi.com.tr\/index.php\/urun\/mondrostan-lozana\/","title":{"rendered":"Mondros&#8217;tan Lozan&#8217;a"},"content":{"rendered":"<p>I. D\u00fcnya Sava\u015f\u0131&#8217;n\u0131n ard\u0131ndan yenilgiye u\u011frayan Osmanl\u0131 \u0130mparatorlu\u011fu, Avrupal\u0131 devletlerin eline ge\u00e7mi\u015f ve Osmanl\u0131 topraklar\u0131 i\u015fgal alt\u0131na al\u0131nm\u0131\u015ft\u0131r. Lozan Bar\u0131\u015f Antla\u015fmas\u0131 yeni do\u011fan T\u00fcrkiye Cumhuriyeti Devleti&#8217;nin kurtar\u0131c\u0131s\u0131 olan bir antla\u015fma niteli\u011fini ta\u015f\u0131maktad\u0131r. D\u0131\u015f bor\u00e7lar, Bo\u011fazlar sorunu, T\u00fcrk-Yunan \u00e7at\u0131\u015fmalar\u0131 ve daha bir\u00e7ok konuda T\u00fcrk devleti \u00fclkenin sorunlar\u0131n\u0131 \u00e7\u00f6zm\u00fc\u015f ve \u00fclkeyi s\u00f6m\u00fcrgeci devletlerden kurtarm\u0131\u015ft\u0131r. T\u00fcrk milletinin ba\u011f\u0131ms\u0131zl\u0131\u011f\u0131n\u0131 yok eden Mondros ve Sevr Antla\u015fmalar\u0131 ge\u00e7ersiz say\u0131lm\u0131\u015ft\u0131r. I. D\u00fcnya Sava\u015f\u0131&#8217;n\u0131 bitiren bu son bar\u0131\u015f antla\u015fmas\u0131, ayn\u0131 zamanda uzun y\u0131llar y\u00fcr\u00fcrl\u00fckte kalan tek bar\u0131\u015f antla\u015fmas\u0131d\u0131r. Antla\u015fma ile T\u00fcrk devletinin ba\u011f\u0131ms\u0131zl\u0131\u011f\u0131 resmen kabul edilmi\u015f; T\u00fcrkiye Cumhuriyeti antla\u015fma ko\u015fullar\u0131na ba\u011fl\u0131 olarak devletlerin boyunduru\u011funa girmemi\u015f ve hi\u00e7bir \u00fclkeye sava\u015f tazminat\u0131 \u00f6dememi\u015ftir. Lozan Antla\u015fmas\u0131 I. D\u00fcnya Sava\u015f\u0131 sonunda dayat\u0131lm\u0131\u015f bir antla\u015fmay\u0131 (Sevr) yeniden m\u00fczakereye a\u00e7arak bundan ba\u015far\u0131yla \u00e7\u0131k\u0131lmas\u0131n\u0131 sa\u011flayan ve ba\u011f\u0131ms\u0131z bir devletin do\u011fu\u015funa zemin haz\u0131rlayan \u00e7ok b\u00fcy\u00fck bir kazan\u0131md\u0131.<\/p>\n","protected":false},"excerpt":{"rendered":"<p>I. D\u00fcnya Sava\u015f\u0131&#8217;n\u0131n ard\u0131ndan yenilgiye u\u011frayan Osmanl\u0131 \u0130mparatorlu\u011fu, Avrupal\u0131 devletlerin eline ge\u00e7mi\u015f ve Osmanl\u0131 topraklar\u0131 i\u015fgal alt\u0131na al\u0131nm\u0131\u015ft\u0131r. Lozan Bar\u0131\u015f Antla\u015fmas\u0131 yeni do\u011fan T\u00fcrkiye Cumhuriyeti Devleti&#8217;nin<span class=\"excerpt-hellip\"> [\u2026]<\/span><\/p>\n","protected":false},"featured_media":0,"template":"","meta":{"_monsterinsights_skip_tracking":false,"_monsterinsights_sitenote_active":false,"_monsterinsights_sitenote_note":"","_monsterinsights_sitenote_category":0},"product_brand":[],"product_cat":[12370,12304],"product_tag":[],"class_list":{"0":"post-771606","1":"product","2":"type-product","3":"status-publish","5":"product_cat-arastirma-inceleme","6":"product_cat-tarih","7":"pa_cilt-ciltsiz","8":"pa_tur-kitap","9":"pa_yayinevi-eftalya-kitap","10":"pa_yazar-mevlut-yuksel","12":"first","13":"instock","14":"sale","15":"shipping-taxable","16":"purchasable","17":"product-type-simple"},"_links":{"self":[{"href":"https:\/\/roveyayinevi.com.tr\/index.php\/wp-json\/wp\/v2\/product\/771606","targetHints":{"allow":["GET"]}}],"collection":[{"href":"https:\/\/roveyayinevi.com.tr\/index.php\/wp-json\/wp\/v2\/product"}],"about":[{"href":"https:\/\/roveyayinevi.com.tr\/index.php\/wp-json\/wp\/v2\/types\/product"}],"wp:attachment":[{"href":"https:\/\/roveyayinevi.com.tr\/index.php\/wp-json\/wp\/v2\/media?parent=771606"}],"wp:term":[{"taxonomy":"product_brand","embeddable":true,"href":"https:\/\/roveyayinevi.com.tr\/index.php\/wp-json\/wp\/v2\/product_brand?post=771606"},{"taxonomy":"product_cat","embeddable":true,"href":"https:\/\/roveyayinevi.com.tr\/index.php\/wp-json\/wp\/v2\/product_cat?post=771606"},{"taxonomy":"product_tag","embeddable":true,"href":"https:\/\/roveyayinevi.com.tr\/index.php\/wp-json\/wp\/v2\/product_tag?post=771606"}],"curies":[{"name":"wp","href":"https:\/\/api.w.org\/{rel}","templated":true}]}}