{"id":771605,"date":"2025-08-28T15:11:16","date_gmt":"2025-08-28T12:11:16","guid":{"rendered":"https:\/\/roveyayinevi.com.tr\/index.php\/urun\/kavgam\/"},"modified":"2026-04-15T03:38:10","modified_gmt":"2026-04-15T00:38:10","slug":"kavgam","status":"publish","type":"product","link":"https:\/\/roveyayinevi.com.tr\/index.php\/urun\/kavgam\/","title":{"rendered":"Kavgam"},"content":{"rendered":"<p>D\u0131\u015f ya\u015fam bizim modern egzotizmimizin bo\u011fucu uyu\u015fuklu\u011fuyla beraber her \u00e7e\u015fit tutucu ve erkek\u00e7e olmaktan uzak riyak\u00e2rl\u0131ktan kurtar\u0131lmal\u0131d\u0131r. B\u00fct\u00fcn bu hususlar hakk\u0131nda ama\u00e7 ve yol milletimizin bedensel ve ahlaki s\u0131hhatini korumak endi\u015fesini ta\u015f\u0131mal\u0131d\u0131r. Ki\u015fisel h\u00fcrriyete tan\u0131nan hak, ulus s\u00f6z konusu oldu\u011funda geri \u00e7ekilmelidir. Ancak bu \u00f6nlemler al\u0131nd\u0131ktan sonra bu bula\u015f\u0131c\u0131 hastal\u0131\u011fa kar\u015f\u0131 m\u00fccadelenin ba\u015far\u0131s\u0131ndan \u00fcmit duyulabilir. Fakat bunda da yar\u0131m \u00f6nlemler de\u011fil, en a\u011f\u0131r ve en keskin \u00f6nlemlere ba\u015fvurmak gerekir<\/p>\n","protected":false},"excerpt":{"rendered":"<p>D\u0131\u015f ya\u015fam bizim modern egzotizmimizin bo\u011fucu uyu\u015fuklu\u011fuyla beraber her \u00e7e\u015fit tutucu ve erkek\u00e7e olmaktan uzak riyak\u00e2rl\u0131ktan kurtar\u0131lmal\u0131d\u0131r. B\u00fct\u00fcn bu hususlar hakk\u0131nda ama\u00e7 ve yol milletimizin bedensel<span class=\"excerpt-hellip\"> [\u2026]<\/span><\/p>\n","protected":false},"featured_media":0,"template":"","meta":{"_monsterinsights_skip_tracking":false,"_monsterinsights_sitenote_active":false,"_monsterinsights_sitenote_note":"","_monsterinsights_sitenote_category":0},"product_brand":[],"product_cat":[12305,12304],"product_tag":[],"class_list":{"0":"post-771605","1":"product","2":"type-product","3":"status-publish","5":"product_cat-dunya-tarihi","6":"product_cat-tarih","7":"pa_cilt-ciltsiz","8":"pa_tur-kitap","9":"pa_yayinevi-eftalya-kitap","10":"pa_yazar-adolf-hitler","12":"first","13":"instock","14":"sale","15":"shipping-taxable","16":"purchasable","17":"product-type-simple"},"_links":{"self":[{"href":"https:\/\/roveyayinevi.com.tr\/index.php\/wp-json\/wp\/v2\/product\/771605","targetHints":{"allow":["GET"]}}],"collection":[{"href":"https:\/\/roveyayinevi.com.tr\/index.php\/wp-json\/wp\/v2\/product"}],"about":[{"href":"https:\/\/roveyayinevi.com.tr\/index.php\/wp-json\/wp\/v2\/types\/product"}],"wp:attachment":[{"href":"https:\/\/roveyayinevi.com.tr\/index.php\/wp-json\/wp\/v2\/media?parent=771605"}],"wp:term":[{"taxonomy":"product_brand","embeddable":true,"href":"https:\/\/roveyayinevi.com.tr\/index.php\/wp-json\/wp\/v2\/product_brand?post=771605"},{"taxonomy":"product_cat","embeddable":true,"href":"https:\/\/roveyayinevi.com.tr\/index.php\/wp-json\/wp\/v2\/product_cat?post=771605"},{"taxonomy":"product_tag","embeddable":true,"href":"https:\/\/roveyayinevi.com.tr\/index.php\/wp-json\/wp\/v2\/product_tag?post=771605"}],"curies":[{"name":"wp","href":"https:\/\/api.w.org\/{rel}","templated":true}]}}