{"id":771604,"date":"2025-08-28T15:11:14","date_gmt":"2025-08-28T12:11:14","guid":{"rendered":"https:\/\/roveyayinevi.com.tr\/index.php\/urun\/hayatinizi-guzellestirecek-siradisi-202-fikir\/"},"modified":"2026-04-08T03:34:26","modified_gmt":"2026-04-08T00:34:26","slug":"hayatinizi-guzellestirecek-siradisi-202-fikir","status":"publish","type":"product","link":"https:\/\/roveyayinevi.com.tr\/index.php\/urun\/hayatinizi-guzellestirecek-siradisi-202-fikir\/","title":{"rendered":"Hayat\u0131n\u0131z\u0131 G\u00fczelle\u015ftirecek S\u0131rad\u0131\u015f\u0131 202 Fikir"},"content":{"rendered":"<p>Herkesin kendine g\u00f6re hayat\u0131n\u0131 kolayla\u015ft\u0131rma, onu d\u00fczene sokma, hayat\u0131n\u0131 g\u00fczel davran\u0131\u015flarla s\u00fcsleme imk\u00e2n\u0131 mutlaka vard\u0131r.Kendi hayat\u0131m\u0131z\u0131 g\u00fczelle\u015ftirmek, yaln\u0131z kendimize ait bir ya\u015fam in\u015fa etmek de\u011fildir, ayn\u0131 zamanda d\u00fcnya d\u00fczenini ya\u015fanabilir hale getirmeye de katk\u0131da bulunmu\u015f oluruz.Evren, bir ki\u015finin g\u00fczel ya\u015famas\u0131 i\u00e7in yarat\u0131lmad\u0131, i\u00e7inde her ne varsa e\u015fit ve adil ya\u015famas\u0131 i\u00e7in dizayn edildi.D\u00fcnyan\u0131n b\u00fct\u00fcn ya\u015fam tarzlar\u0131 bir ki\u015fiyle ba\u015flad\u0131\u011f\u0131n\u0131 ve yay\u0131ld\u0131\u011f\u0131n\u0131 unutmay\u0131n!\u00c7evreye duyarl\u0131 olmak, di\u011fer insanlara yard\u0131m etmek, insanlar d\u0131\u015f\u0131ndaki canl\u0131lara ya\u015fama hakk\u0131 tan\u0131mak evrensel bir g\u00f6revdir. Bu g\u00f6revi, sen, ben o ile ba\u015flay\u0131p; biz siz onlar ile bitirerek \u00f6zlenen d\u00fcnyay\u0131 yakalayabiliriz.B\u00fct\u00fcn bunlar\u0131n yolunu g\u00f6steren, nas\u0131l yap\u0131laca\u011f\u0131n\u0131 s\u0131ralayan bir kitap haz\u0131rlad\u0131k. Kitab\u0131 okuyun, be\u011fenirseniz l\u00fctfen herkese tavsiye edin!Hala kitab\u0131 almad\u0131n\u0131z m\u0131?Hadi!Daha neyi bekliyorsunuz?<\/p>\n","protected":false},"excerpt":{"rendered":"<p>Herkesin kendine g\u00f6re hayat\u0131n\u0131 kolayla\u015ft\u0131rma, onu d\u00fczene sokma, hayat\u0131n\u0131 g\u00fczel davran\u0131\u015flarla s\u00fcsleme imk\u00e2n\u0131 mutlaka vard\u0131r.Kendi hayat\u0131m\u0131z\u0131 g\u00fczelle\u015ftirmek, yaln\u0131z kendimize ait bir ya\u015fam in\u015fa etmek de\u011fildir, ayn\u0131<span class=\"excerpt-hellip\"> [\u2026]<\/span><\/p>\n","protected":false},"featured_media":0,"template":"","meta":{"_monsterinsights_skip_tracking":false,"_monsterinsights_sitenote_active":false,"_monsterinsights_sitenote_note":"","_monsterinsights_sitenote_category":0},"product_brand":[],"product_cat":[12364,12376],"product_tag":[],"class_list":{"0":"post-771604","1":"product","2":"type-product","3":"status-publish","5":"product_cat-genel-konular","6":"product_cat-kisisel-gelisim","7":"pa_cilt-ciltsiz","8":"pa_tur-kitap","9":"pa_yayinevi-eftalya-kitap","10":"pa_yazar-alexander-winterman","12":"first","13":"instock","14":"sale","15":"shipping-taxable","16":"purchasable","17":"product-type-simple"},"_links":{"self":[{"href":"https:\/\/roveyayinevi.com.tr\/index.php\/wp-json\/wp\/v2\/product\/771604","targetHints":{"allow":["GET"]}}],"collection":[{"href":"https:\/\/roveyayinevi.com.tr\/index.php\/wp-json\/wp\/v2\/product"}],"about":[{"href":"https:\/\/roveyayinevi.com.tr\/index.php\/wp-json\/wp\/v2\/types\/product"}],"wp:attachment":[{"href":"https:\/\/roveyayinevi.com.tr\/index.php\/wp-json\/wp\/v2\/media?parent=771604"}],"wp:term":[{"taxonomy":"product_brand","embeddable":true,"href":"https:\/\/roveyayinevi.com.tr\/index.php\/wp-json\/wp\/v2\/product_brand?post=771604"},{"taxonomy":"product_cat","embeddable":true,"href":"https:\/\/roveyayinevi.com.tr\/index.php\/wp-json\/wp\/v2\/product_cat?post=771604"},{"taxonomy":"product_tag","embeddable":true,"href":"https:\/\/roveyayinevi.com.tr\/index.php\/wp-json\/wp\/v2\/product_tag?post=771604"}],"curies":[{"name":"wp","href":"https:\/\/api.w.org\/{rel}","templated":true}]}}