{"id":771603,"date":"2025-08-28T15:11:13","date_gmt":"2025-08-28T12:11:13","guid":{"rendered":"https:\/\/roveyayinevi.com.tr\/index.php\/urun\/ingiliz-derin-devleti-gizli-teskilat\/"},"modified":"2026-04-15T03:38:10","modified_gmt":"2026-04-15T00:38:10","slug":"ingiliz-derin-devleti-gizli-teskilat","status":"publish","type":"product","link":"https:\/\/roveyayinevi.com.tr\/index.php\/urun\/ingiliz-derin-devleti-gizli-teskilat\/","title":{"rendered":"\u0130ngiliz Derin Devleti Gizli Te\u015fkilat"},"content":{"rendered":"<p>T\u00fcrkiye&#8217;de ilk defa bu kitapta de\u015fifre edilen \u0130ngiltere Krali\u00e7esi Elizabeth&#8217;in y\u00f6netici taht\u0131nda oturdu\u011fu &#8220;The Pilgrims Society&#8221; isimli gizemli yap\u0131lanma ve \u0130ngiliz Derin Devleti&#8217;nin ili\u015fkisi nedir?\u0130ngiliz Derin Devleti&#8217;nin kurdu\u011fu k\u00fcresel s\u00f6m\u00fcr\u00fc d\u00fczeni nedir?Think-tank kurulu\u015flar\u0131 CFR, Bilderberg, Trilater Komisyon, Chatham House, Rand, Tavistock gibi yap\u0131larla nas\u0131l alg\u0131 operasyonu y\u00fcr\u00fct\u00fcrler.\u0130ngiliz Derin Devleti ile Rothschild ve Rockefeller ailelerinin ba\u011flant\u0131s\u0131 nedir?Gizli Te\u015fkilat\u2019\u0131n petrol \u00fczerinde ki entrikalar\u0131 neler? T\u00fcrkiye&#8217;de ki petrol kuyular\u0131 nas\u0131l kapat\u0131lm\u0131\u015ft\u0131r? Yeni D\u00fcnya D\u00fczeni projesinin arkas\u0131nda Gizli Te\u015fkilat m\u0131 var?13 rakam\u0131n\u0131n \u015fifresi ve illuminati piramidinin s\u0131rlar\u0131 neler?\u0130ngiliz Derin Devleti nas\u0131l sava\u015f \u00e7\u0131kar\u0131r ve &#8220;Sava\u015f Ticareti&#8221; nedir?Silah, organ ve uyu\u015fturucu ticretinin arkas\u0131nda kimler var?Evanjelizm, B&#8217;nai B&#8217;rith, G\u00fcl ve Ha\u00e7, \u0130lluminati gibi yap\u0131lanmalar Gizli Te\u015fkilata m\u0131 hizmet ediyor?Kut&#8217;\u00fcl Amare Sava\u015f\u0131 ve \u0130ngiliz Derin Devleti&#8217;nin ba\u011flant\u0131s\u0131 nedir?Kristof Kolomb&#8217;un &#8220;S\u00fcleyman Tap\u0131na\u011f\u0131&#8221; kurma ideolojisinin arkas\u0131nda \u0130ngiliz Derin Devleti mi var?Sabetay Sevi ve \u0130ngiliz Derin Devleti&#8217;nin ba\u011flant\u0131s\u0131 nedir?Gizli Te\u015fkilat &#8220;zihin kontrol&#8221; operasyonlar\u0131n\u0131 destekliyor mu?K\u0131yamet Sava\u015f\u0131 &#8220;Armageddon&#8221; \u0130ngiliz Derin Devleti taraf\u0131ndan m\u0131 kurgulan\u0131yor?Hepsi ve daha fazlas\u0131n\u0131 hayretle okuyacaks\u0131n\u0131z&#8230;<\/p>\n","protected":false},"excerpt":{"rendered":"<p>T\u00fcrkiye&#8217;de ilk defa bu kitapta de\u015fifre edilen \u0130ngiltere Krali\u00e7esi Elizabeth&#8217;in y\u00f6netici taht\u0131nda oturdu\u011fu &#8220;The Pilgrims Society&#8221; isimli gizemli yap\u0131lanma ve \u0130ngiliz Derin Devleti&#8217;nin ili\u015fkisi nedir?\u0130ngiliz Derin<span class=\"excerpt-hellip\"> [\u2026]<\/span><\/p>\n","protected":false},"featured_media":0,"template":"","meta":{"_monsterinsights_skip_tracking":false,"_monsterinsights_sitenote_active":false,"_monsterinsights_sitenote_note":"","_monsterinsights_sitenote_category":0},"product_brand":[],"product_cat":[12337],"product_tag":[],"class_list":{"0":"post-771603","1":"product","2":"type-product","3":"status-publish","5":"product_cat-politika-siyaset","6":"pa_cilt-ciltsiz","7":"pa_tur-kitap","8":"pa_yayinevi-eftalya-kitap","9":"pa_yazar-kursad-berkkan","11":"first","12":"instock","13":"sale","14":"shipping-taxable","15":"purchasable","16":"product-type-simple"},"_links":{"self":[{"href":"https:\/\/roveyayinevi.com.tr\/index.php\/wp-json\/wp\/v2\/product\/771603","targetHints":{"allow":["GET"]}}],"collection":[{"href":"https:\/\/roveyayinevi.com.tr\/index.php\/wp-json\/wp\/v2\/product"}],"about":[{"href":"https:\/\/roveyayinevi.com.tr\/index.php\/wp-json\/wp\/v2\/types\/product"}],"wp:attachment":[{"href":"https:\/\/roveyayinevi.com.tr\/index.php\/wp-json\/wp\/v2\/media?parent=771603"}],"wp:term":[{"taxonomy":"product_brand","embeddable":true,"href":"https:\/\/roveyayinevi.com.tr\/index.php\/wp-json\/wp\/v2\/product_brand?post=771603"},{"taxonomy":"product_cat","embeddable":true,"href":"https:\/\/roveyayinevi.com.tr\/index.php\/wp-json\/wp\/v2\/product_cat?post=771603"},{"taxonomy":"product_tag","embeddable":true,"href":"https:\/\/roveyayinevi.com.tr\/index.php\/wp-json\/wp\/v2\/product_tag?post=771603"}],"curies":[{"name":"wp","href":"https:\/\/api.w.org\/{rel}","templated":true}]}}