{"id":771602,"date":"2025-08-28T15:11:11","date_gmt":"2025-08-28T12:11:11","guid":{"rendered":"https:\/\/roveyayinevi.com.tr\/index.php\/urun\/ufo-dosyasi\/"},"modified":"2026-04-15T03:38:09","modified_gmt":"2026-04-15T00:38:09","slug":"ufo-dosyasi","status":"publish","type":"product","link":"https:\/\/roveyayinevi.com.tr\/index.php\/urun\/ufo-dosyasi\/","title":{"rendered":"Ufo Dosyas\u0131"},"content":{"rendered":"<p>K\u0131sa s\u00fcre \u00f6nce &#8220;yine bir internet sitesinde&#8221; bizden bir yazar taraf\u0131ndan kaleme al\u0131nm\u0131\u015f baz\u0131 ara\u015ft\u0131rma-inceleme \u00e7al\u0131\u015fmalar\u0131 dikkatimi \u00e7ekti. K\u00fcr\u015fad Berkkan adl\u0131 bu gen\u00e7 yazar y\u0131llar \u00f6nce ustalar\u0131n ba\u015flad\u0131\u011f\u0131 ve \u00f6nlerine \u00e7\u0131kan engeller nedeniyle geri \u00e7ekilmek zorunda kald\u0131klar\u0131 yolu tekrar a\u00e7m\u0131\u015ft\u0131. Tamamen ger\u00e7ek belge ve bilgilere dayanan, \u00fcstelik \u00e7ok da sars\u0131c\u0131 olabilen bu eserler \u0130lluminati, Gizli \u00d6rg\u00fctler ve D\u00fcnya D\u0131\u015f\u0131 dedi\u011fimiz varl\u0131klar\u0131n asl\u0131nda ne kadar da D\u00fcnya i\u00e7inde ve bize yak\u0131n ya\u015fad\u0131klar\u0131 hakk\u0131ndayd\u0131.K\u00fcr\u015fad Berkkan daha \u015fimdiden metafizik ve UFO ara\u015ft\u0131rmalar\u0131na kaynak olacak eserlere imza att\u0131 ve gelecekte de atacakt\u0131r. Elinizdeki son eseri &#8220;Ufo Dosyas\u0131&#8221; UFOlojinin bir magazin malzemesi de\u011fil, ciddiye al\u0131nmas\u0131 gereken bir ara\u015ft\u0131rma alan\u0131 oldu\u011funun alt\u0131n\u0131 \u00e7izmektedir. K\u00fcr\u015fad Berkkan eserlerini son derece tarafs\u0131z ve k\u00fcresel bir bak\u0131\u015fla yazarken, k\u00f6r\u00fc k\u00f6r\u00fcne inan\u00e7 \u00e7izgisinden tamamen uzakt\u0131r.Meslekda\u015f\u0131m\u0131 kutluyor, yaz\u0131m hayat\u0131nda ba\u015far\u0131lar diliyorum ve sizi bu \u00e7ok se\u00e7kin eserle ba\u015fba\u015fa b\u0131rak\u0131yorum.Farah Yurd\u00f6z\u00fcUfolog &#8211; Yazar<\/p>\n","protected":false},"excerpt":{"rendered":"<p>K\u0131sa s\u00fcre \u00f6nce &#8220;yine bir internet sitesinde&#8221; bizden bir yazar taraf\u0131ndan kaleme al\u0131nm\u0131\u015f baz\u0131 ara\u015ft\u0131rma-inceleme \u00e7al\u0131\u015fmalar\u0131 dikkatimi \u00e7ekti. K\u00fcr\u015fad Berkkan adl\u0131 bu gen\u00e7 yazar y\u0131llar \u00f6nce<span class=\"excerpt-hellip\"> [\u2026]<\/span><\/p>\n","protected":false},"featured_media":0,"template":"","meta":{"_monsterinsights_skip_tracking":false,"_monsterinsights_sitenote_active":false,"_monsterinsights_sitenote_note":"","_monsterinsights_sitenote_category":0},"product_brand":[],"product_cat":[12364,16154],"product_tag":[],"class_list":{"0":"post-771602","1":"product","2":"type-product","3":"status-publish","5":"product_cat-genel-konular","6":"product_cat-parapsikoloji","7":"pa_cilt-ciltsiz","8":"pa_tur-kitap","9":"pa_yayinevi-eftalya-kitap","10":"pa_yazar-kursad-berkkan","12":"first","13":"instock","14":"sale","15":"shipping-taxable","16":"purchasable","17":"product-type-simple"},"_links":{"self":[{"href":"https:\/\/roveyayinevi.com.tr\/index.php\/wp-json\/wp\/v2\/product\/771602","targetHints":{"allow":["GET"]}}],"collection":[{"href":"https:\/\/roveyayinevi.com.tr\/index.php\/wp-json\/wp\/v2\/product"}],"about":[{"href":"https:\/\/roveyayinevi.com.tr\/index.php\/wp-json\/wp\/v2\/types\/product"}],"wp:attachment":[{"href":"https:\/\/roveyayinevi.com.tr\/index.php\/wp-json\/wp\/v2\/media?parent=771602"}],"wp:term":[{"taxonomy":"product_brand","embeddable":true,"href":"https:\/\/roveyayinevi.com.tr\/index.php\/wp-json\/wp\/v2\/product_brand?post=771602"},{"taxonomy":"product_cat","embeddable":true,"href":"https:\/\/roveyayinevi.com.tr\/index.php\/wp-json\/wp\/v2\/product_cat?post=771602"},{"taxonomy":"product_tag","embeddable":true,"href":"https:\/\/roveyayinevi.com.tr\/index.php\/wp-json\/wp\/v2\/product_tag?post=771602"}],"curies":[{"name":"wp","href":"https:\/\/api.w.org\/{rel}","templated":true}]}}