{"id":771600,"date":"2025-08-28T15:11:07","date_gmt":"2025-08-28T12:11:07","guid":{"rendered":"https:\/\/roveyayinevi.com.tr\/index.php\/urun\/kalbime-fisilda\/"},"modified":"2026-04-15T03:37:50","modified_gmt":"2026-04-15T00:37:50","slug":"kalbime-fisilda","status":"publish","type":"product","link":"https:\/\/roveyayinevi.com.tr\/index.php\/urun\/kalbime-fisilda\/","title":{"rendered":"Kalbime F\u0131s\u0131lda"},"content":{"rendered":"<p>Bir kalp ikinci kez a\u015f\u0131k olabilir miydi?Kalbini a\u015fka, sevgiye, mutlulu\u011fa, en \u00f6nemlisi de ya\u015famaya kapatm\u0131\u015fbir adam ve kendi mazbut d\u00fcnyas\u0131ndan bir anda al\u0131narak, \u0131\u015f\u0131lt\u0131l\u0131 birhayata mahk\u00fbm edilen gen bir kad\u0131n.D\u0131\u015ftan peri masallar\u0131na \u00f6zendiren, ger\u00e7ekte ise nefretle bezenmi\u015f birhayat&#8230;\u00d6mer Atay, y\u0131llar \u00f6nce kalbini a\u015fka dair her \u015feye kapatm\u0131\u015ft\u0131. Sevgi,a\u015fk, mutluluk gibi duygular onun i\u00e7in birer basit kelime halini al\u0131rken,sadece i\u015f odakl\u0131 ya\u015fam\u0131ndan ve s\u00fcre gelen hayat\u0131ndan olduk\u00e7amemnun bir adamd\u0131. Ta ki dedesinin ani \u00f6l\u00fcm\u00fc ile kendini bir andaistemedi\u011fi bir evlili\u011fin i\u00e7inde bulana kadar.Buket Say, kendi halinde ya\u015fayan sessiz, sakin bir gen\u00e7 k\u0131zd\u0131. Hayatonun i\u00e7in ailesinden ve sakinlikten ibaretti. Bir g\u00fcn, evine gelen ikiadamla t\u00fcm hayat\u0131 bir anda de\u011fi\u015fmi\u015f, kendini ait olmad\u0131\u011f\u0131 bir evdeve ait olmad\u0131\u011f\u0131 bir toplumun i\u00e7inde bulmu\u015ftu.Bir adam\u0131n g\u00fc\u00e7 ve sevgi aras\u0131ndaki bocalay\u0131\u015f\u0131&#8230;Bir kad\u0131n\u0131n gurur ve sevgi aras\u0131ndaki imtihan\u0131&#8230;\u0130ki g\u00f6n\u00fclde filizlenen sevgi&#8230; Gurur ve g\u00fcc\u00fc yok etmeye yeter miydi?<\/p>\n","protected":false},"excerpt":{"rendered":"<p>Bir kalp ikinci kez a\u015f\u0131k olabilir miydi?Kalbini a\u015fka, sevgiye, mutlulu\u011fa, en \u00f6nemlisi de ya\u015famaya kapatm\u0131\u015fbir adam ve kendi mazbut d\u00fcnyas\u0131ndan bir anda al\u0131narak, \u0131\u015f\u0131lt\u0131l\u0131 birhayata mahk\u00fbm<span class=\"excerpt-hellip\"> [\u2026]<\/span><\/p>\n","protected":false},"featured_media":0,"template":"","meta":{"_monsterinsights_skip_tracking":false,"_monsterinsights_sitenote_active":false,"_monsterinsights_sitenote_note":"","_monsterinsights_sitenote_category":0},"product_brand":[],"product_cat":[12291,12711],"product_tag":[],"class_list":{"0":"post-771600","1":"product","2":"type-product","3":"status-publish","5":"product_cat-edebiyat","6":"product_cat-roman-oyku","7":"pa_cilt-ciltsiz","8":"pa_tur-kitap","9":"pa_yayinevi-mortena-yayinlari","10":"pa_yazar-dilek-taygun","12":"first","13":"instock","14":"sale","15":"shipping-taxable","16":"purchasable","17":"product-type-simple"},"_links":{"self":[{"href":"https:\/\/roveyayinevi.com.tr\/index.php\/wp-json\/wp\/v2\/product\/771600","targetHints":{"allow":["GET"]}}],"collection":[{"href":"https:\/\/roveyayinevi.com.tr\/index.php\/wp-json\/wp\/v2\/product"}],"about":[{"href":"https:\/\/roveyayinevi.com.tr\/index.php\/wp-json\/wp\/v2\/types\/product"}],"wp:attachment":[{"href":"https:\/\/roveyayinevi.com.tr\/index.php\/wp-json\/wp\/v2\/media?parent=771600"}],"wp:term":[{"taxonomy":"product_brand","embeddable":true,"href":"https:\/\/roveyayinevi.com.tr\/index.php\/wp-json\/wp\/v2\/product_brand?post=771600"},{"taxonomy":"product_cat","embeddable":true,"href":"https:\/\/roveyayinevi.com.tr\/index.php\/wp-json\/wp\/v2\/product_cat?post=771600"},{"taxonomy":"product_tag","embeddable":true,"href":"https:\/\/roveyayinevi.com.tr\/index.php\/wp-json\/wp\/v2\/product_tag?post=771600"}],"curies":[{"name":"wp","href":"https:\/\/api.w.org\/{rel}","templated":true}]}}