{"id":771599,"date":"2025-08-28T15:11:04","date_gmt":"2025-08-28T12:11:04","guid":{"rendered":"https:\/\/roveyayinevi.com.tr\/index.php\/urun\/ekime-kac-var-daha\/"},"modified":"2026-04-15T03:37:50","modified_gmt":"2026-04-15T00:37:50","slug":"ekime-kac-var-daha","status":"publish","type":"product","link":"https:\/\/roveyayinevi.com.tr\/index.php\/urun\/ekime-kac-var-daha\/","title":{"rendered":"Ekime Ka\u00e7 Var Daha"},"content":{"rendered":"<p>Yine, yine bakacaks\u0131n \u00f6ylesine Barda\u011f\u0131nda so\u011fuyacak \u00e7ay\u0131n Senin yerin sensiz yetim gibi Koltu\u011fun e\u011filmiyor sensiz ard\u0131na Ho\u015f sohbetler bile t\u00fckendi g\u00fcnlerden Yalandan bile olsa gelece\u011fin \u00fcmidi Y\u0131llar ge\u00e7er damakta ac\u0131 kahve tad\u0131 Ya\u015flanmak bir \u015fey de\u011fil de yaln\u0131zl\u0131\u011f\u0131 Seninle dost sohbeti olmad\u0131k\u00e7a G\u00fcn do\u011fsun, gece olsun fark etmiyor nedense Ka\u00e7 ekim daha b\u00f6ylesi yaln\u0131z? Ekime ka\u00e7 var daha? <\/p>\n","protected":false},"excerpt":{"rendered":"<p>Yine, yine bakacaks\u0131n \u00f6ylesine Barda\u011f\u0131nda so\u011fuyacak \u00e7ay\u0131n Senin yerin sensiz yetim gibi Koltu\u011fun e\u011filmiyor sensiz ard\u0131na Ho\u015f sohbetler bile t\u00fckendi g\u00fcnlerden Yalandan bile olsa gelece\u011fin \u00fcmidi<span class=\"excerpt-hellip\"> [\u2026]<\/span><\/p>\n","protected":false},"featured_media":0,"template":"","meta":{"_monsterinsights_skip_tracking":false,"_monsterinsights_sitenote_active":false,"_monsterinsights_sitenote_note":"","_monsterinsights_sitenote_category":0},"product_brand":[],"product_cat":[12291,12509],"product_tag":[],"class_list":{"0":"post-771599","1":"product","2":"type-product","3":"status-publish","5":"product_cat-edebiyat","6":"product_cat-siir","7":"pa_cilt-ciltsiz","8":"pa_tur-kitap","9":"pa_yayinevi-favori-yayinlari","10":"pa_yazar-a-aytekin-acuner","12":"first","13":"instock","14":"sale","15":"shipping-taxable","16":"purchasable","17":"product-type-simple"},"_links":{"self":[{"href":"https:\/\/roveyayinevi.com.tr\/index.php\/wp-json\/wp\/v2\/product\/771599","targetHints":{"allow":["GET"]}}],"collection":[{"href":"https:\/\/roveyayinevi.com.tr\/index.php\/wp-json\/wp\/v2\/product"}],"about":[{"href":"https:\/\/roveyayinevi.com.tr\/index.php\/wp-json\/wp\/v2\/types\/product"}],"wp:attachment":[{"href":"https:\/\/roveyayinevi.com.tr\/index.php\/wp-json\/wp\/v2\/media?parent=771599"}],"wp:term":[{"taxonomy":"product_brand","embeddable":true,"href":"https:\/\/roveyayinevi.com.tr\/index.php\/wp-json\/wp\/v2\/product_brand?post=771599"},{"taxonomy":"product_cat","embeddable":true,"href":"https:\/\/roveyayinevi.com.tr\/index.php\/wp-json\/wp\/v2\/product_cat?post=771599"},{"taxonomy":"product_tag","embeddable":true,"href":"https:\/\/roveyayinevi.com.tr\/index.php\/wp-json\/wp\/v2\/product_tag?post=771599"}],"curies":[{"name":"wp","href":"https:\/\/api.w.org\/{rel}","templated":true}]}}