{"id":771598,"date":"2025-08-28T15:11:02","date_gmt":"2025-08-28T12:11:02","guid":{"rendered":"https:\/\/roveyayinevi.com.tr\/index.php\/urun\/ebruli-hayatlar\/"},"modified":"2026-04-13T03:34:13","modified_gmt":"2026-04-13T00:34:13","slug":"ebruli-hayatlar","status":"publish","type":"product","link":"https:\/\/roveyayinevi.com.tr\/index.php\/urun\/ebruli-hayatlar\/","title":{"rendered":"Ebruli Hayatlar"},"content":{"rendered":"<p>Doktor ve hastanenin \u00e2deta bir hayal kadar uzak oldu\u011fu \u015eark\u0131\u015fla\u2019n\u0131n yoksul bir k\u00f6y\u00fcnde diz boyu karlar i\u00e7inde ya\u015fama g\u00f6zlerini a\u00e7an ve ilk isyan \u00e7\u0131\u011fl\u0131\u011f\u0131n\u0131 -20 derecede atan, Zarife \u00c7al\u0131\u015fkan, ko\u015fullar\u0131n dayatmas\u0131 sonucunda ailesiyle birlikte \u00f6nce Sivas\u2019tan Ankara\u2019ya, oradan Almanya\u2019ya en son olarak da Hollanda\u2019ya g\u00f6\u00e7 etmek zorunda kalm\u0131\u015ft\u0131r.   Bu zorluklarla dolu yolculuklar s\u0131ras\u0131nda tan\u0131k oldu\u011fu, yine kendisi gibi hayata 1-0 ma\u011flup ba\u015flayan insanlar\u0131n ya\u015fama tutunma m\u00fccadelelerini \u00f6nce b\u00fcy\u00fcte\u00e7 alt\u0131na sonra da kaleme ald\u0131.   \u00c7al\u0131\u015fkan, onlar\u0131n ac\u0131lar\u0131n\u0131, sevin\u00e7lerini, co\u015fkular\u0131n\u0131 ve isyanlar\u0131n\u0131 \u015fiirsel bir dille aktar\u0131yor okurlar\u0131na. Onu okurken T\u00fcrklerin, K\u00fcrtlerin, Alevilerin, Avrupal\u0131 ve g\u00f6\u00e7men i\u015f\u00e7ilerin, yan\u0131 ba\u015f\u0131nda hissedecek, onlarla birlikte bulacaks\u0131n\u0131z maceralar\u0131n i\u00e7inde kendinizi. <\/p>\n","protected":false},"excerpt":{"rendered":"<p>Doktor ve hastanenin \u00e2deta bir hayal kadar uzak oldu\u011fu \u015eark\u0131\u015fla\u2019n\u0131n yoksul bir k\u00f6y\u00fcnde diz boyu karlar i\u00e7inde ya\u015fama g\u00f6zlerini a\u00e7an ve ilk isyan \u00e7\u0131\u011fl\u0131\u011f\u0131n\u0131 -20 derecede<span class=\"excerpt-hellip\"> [\u2026]<\/span><\/p>\n","protected":false},"featured_media":0,"template":"","meta":{"_monsterinsights_skip_tracking":false,"_monsterinsights_sitenote_active":false,"_monsterinsights_sitenote_note":"","_monsterinsights_sitenote_category":0},"product_brand":[],"product_cat":[12291,12711],"product_tag":[],"class_list":{"0":"post-771598","1":"product","2":"type-product","3":"status-publish","5":"product_cat-edebiyat","6":"product_cat-roman-oyku","7":"pa_cilt-ciltsiz","8":"pa_tur-kitap","9":"pa_yayinevi-favori-yayinlari","10":"pa_yazar-zarife-caliskan","12":"first","13":"instock","14":"sale","15":"shipping-taxable","16":"purchasable","17":"product-type-simple"},"_links":{"self":[{"href":"https:\/\/roveyayinevi.com.tr\/index.php\/wp-json\/wp\/v2\/product\/771598","targetHints":{"allow":["GET"]}}],"collection":[{"href":"https:\/\/roveyayinevi.com.tr\/index.php\/wp-json\/wp\/v2\/product"}],"about":[{"href":"https:\/\/roveyayinevi.com.tr\/index.php\/wp-json\/wp\/v2\/types\/product"}],"wp:attachment":[{"href":"https:\/\/roveyayinevi.com.tr\/index.php\/wp-json\/wp\/v2\/media?parent=771598"}],"wp:term":[{"taxonomy":"product_brand","embeddable":true,"href":"https:\/\/roveyayinevi.com.tr\/index.php\/wp-json\/wp\/v2\/product_brand?post=771598"},{"taxonomy":"product_cat","embeddable":true,"href":"https:\/\/roveyayinevi.com.tr\/index.php\/wp-json\/wp\/v2\/product_cat?post=771598"},{"taxonomy":"product_tag","embeddable":true,"href":"https:\/\/roveyayinevi.com.tr\/index.php\/wp-json\/wp\/v2\/product_tag?post=771598"}],"curies":[{"name":"wp","href":"https:\/\/api.w.org\/{rel}","templated":true}]}}