{"id":771597,"date":"2025-08-28T15:10:59","date_gmt":"2025-08-28T12:10:59","guid":{"rendered":"https:\/\/roveyayinevi.com.tr\/index.php\/urun\/derslerini-verelim-ikinci-cilt-get-schooled\/"},"modified":"2026-04-15T03:37:50","modified_gmt":"2026-04-15T00:37:50","slug":"derslerini-verelim-ikinci-cilt-get-schooled","status":"publish","type":"product","link":"https:\/\/roveyayinevi.com.tr\/index.php\/urun\/derslerini-verelim-ikinci-cilt-get-schooled\/","title":{"rendered":"Derslerini Verelim &#8211; \u0130kinci Cilt Get Schooled"},"content":{"rendered":"<p>Okullarda disiplini \u00e7\u00f6zmek giderek zorla\u015ft\u0131\u011f\u0131nda, Na Hwajin, \u0130m Han-rim ve \u00d6\u011fretmen Haklar\u0131n\u0131 Koruma Birimi en belal\u0131 zorbalara haddini bildirmek i\u00e7in devreye girer. Ama mesele sadece birka\u00e7 ba\u015f\u0131bozu\u011fu yola getirmek de\u011fildir. Okul y\u00f6netimi i\u015fi tamamen bo\u015flam\u0131\u015f, \u00f6\u011fretmenler umudu kesmi\u015f, \u00f6\u011frenciler ise kendi ba\u015flar\u0131n\u0131n \u00e7aresine bakmak zorunda kalm\u0131\u015ft\u0131r. Koridorlar art\u0131k bilgi yuvas\u0131 de\u011fil, kimin daha g\u00fc\u00e7l\u00fc oldu\u011funun belirlendi\u011fi bir sava\u015f alan\u0131na d\u00f6n\u00fc\u015fm\u00fc\u015ft\u00fcr. Hwajin ve Han-rim i\u015fin \u00fcstesinden gelmek i\u00e7in ellerinden geleni yapacaklard\u0131r ama kar\u015f\u0131lar\u0131na \u00e7\u0131kacak engeller sadece ba\u015f\u0131bo\u015f \u00f6\u011frenciler olmayacakt\u0131r.   Zorbalara g\u00f6z a\u00e7t\u0131rmamak bir yana, Hwajin k\u0131sa s\u00fcrede bu i\u015fin sand\u0131\u011f\u0131ndan \u00e7ok daha karma\u015f\u0131k oldu\u011funu fark eder. Okulun as\u0131l sorunu birka\u00e7 haylazdan ibaret de\u011fildir; \u00e7\u00fcr\u00fcm\u00fc\u015f bir sistem, i\u015fini savsaklayan y\u00f6neticiler ve g\u00f6z\u00fcn\u00fc para b\u00fcr\u00fcm\u00fc\u015f ki\u015filer i\u015fin i\u00e7indedir. Hwajin, adaleti sa\u011flamak i\u00e7in kendi y\u00f6ntemlerini devreye sokmaya haz\u0131rd\u0131r ama bu yozla\u015fm\u0131\u015f d\u00fczende kim dost, kim d\u00fc\u015fman belli de\u011fildir. Peki, bir adam tek ba\u015f\u0131na t\u00fcm bu pisli\u011fi temizleyebilir mi? Yoksa d\u00fczeni sa\u011flamak sand\u0131\u011f\u0131ndan \u00e7ok daha m\u0131 zordur? \u00c7\u00fcnk\u00fc&#8230; &#8230;bazen zorbalara dersini verene kadar iyi bir e\u011fitim alamazs\u0131n! <\/p>\n","protected":false},"excerpt":{"rendered":"<p>Okullarda disiplini \u00e7\u00f6zmek giderek zorla\u015ft\u0131\u011f\u0131nda, Na Hwajin, \u0130m Han-rim ve \u00d6\u011fretmen Haklar\u0131n\u0131 Koruma Birimi en belal\u0131 zorbalara haddini bildirmek i\u00e7in devreye girer. Ama mesele sadece birka\u00e7<span class=\"excerpt-hellip\"> [\u2026]<\/span><\/p>\n","protected":false},"featured_media":0,"template":"","meta":{"_monsterinsights_skip_tracking":false,"_monsterinsights_sitenote_active":false,"_monsterinsights_sitenote_note":"","_monsterinsights_sitenote_category":0},"product_brand":[],"product_cat":[12416,12291],"product_tag":[],"class_list":{"0":"post-771597","1":"product","2":"type-product","3":"status-publish","5":"product_cat-cizgi-roman","6":"product_cat-edebiyat","7":"pa_cilt-ciltsiz","8":"pa_tur-kitap","9":"pa_yayinevi-artemis-yayinlari","10":"pa_yazar-yongtaek-chae","12":"first","13":"instock","14":"sale","15":"shipping-taxable","16":"purchasable","17":"product-type-simple"},"_links":{"self":[{"href":"https:\/\/roveyayinevi.com.tr\/index.php\/wp-json\/wp\/v2\/product\/771597","targetHints":{"allow":["GET"]}}],"collection":[{"href":"https:\/\/roveyayinevi.com.tr\/index.php\/wp-json\/wp\/v2\/product"}],"about":[{"href":"https:\/\/roveyayinevi.com.tr\/index.php\/wp-json\/wp\/v2\/types\/product"}],"wp:attachment":[{"href":"https:\/\/roveyayinevi.com.tr\/index.php\/wp-json\/wp\/v2\/media?parent=771597"}],"wp:term":[{"taxonomy":"product_brand","embeddable":true,"href":"https:\/\/roveyayinevi.com.tr\/index.php\/wp-json\/wp\/v2\/product_brand?post=771597"},{"taxonomy":"product_cat","embeddable":true,"href":"https:\/\/roveyayinevi.com.tr\/index.php\/wp-json\/wp\/v2\/product_cat?post=771597"},{"taxonomy":"product_tag","embeddable":true,"href":"https:\/\/roveyayinevi.com.tr\/index.php\/wp-json\/wp\/v2\/product_tag?post=771597"}],"curies":[{"name":"wp","href":"https:\/\/api.w.org\/{rel}","templated":true}]}}