{"id":771596,"date":"2025-08-28T15:10:58","date_gmt":"2025-08-28T12:10:58","guid":{"rendered":"https:\/\/roveyayinevi.com.tr\/index.php\/urun\/hz-peygamberin-savaslari\/"},"modified":"2026-04-15T03:37:50","modified_gmt":"2026-04-15T00:37:50","slug":"hz-peygamberin-savaslari","status":"publish","type":"product","link":"https:\/\/roveyayinevi.com.tr\/index.php\/urun\/hz-peygamberin-savaslari\/","title":{"rendered":"Hz. Peygamberin Sava\u015flar\u0131"},"content":{"rendered":"<p>Hz. Muhammed Mustafa. Kainat\u0131n efendisi. Son \u0130slam peygamberi olarak alemlere rahmet olsun diye g\u00f6nderildi. \u0130slam\u2019\u0131n do\u011fu\u015fu ve yay\u0131l\u0131\u015f\u0131 bir dizi sava\u015f ve \u00e7at\u0131\u015fmalar\u0131 da i\u00e7erir. Cihat, \u0130slam\u2019\u0131n ana ilkelerinden birisidir. Peygamberimiz sava\u015fa nas\u0131l bak\u0131yordu? O hangi ilkeleri temel edinmi\u015fti? Bedir, Uhud, Hendek Sava\u015flar\u0131 ba\u015fta olmak \u00fczere b\u00fct\u00fcn bu \u00e7at\u0131\u015fmalarda nas\u0131l bir yol izlemi\u015f, neleri tavsiye etmi\u015fti? Ahmed Refik, tarih\u00e7i bak\u0131\u015f\u0131n\u0131, \u0130slam tarihi bilgisi ile yo\u011furup peygamberimizin ba\u015fka bir y\u00f6n\u00fcne odaklan\u0131yor. Hem \u0130slam tarihi hem de peygamberin hayat\u0131na \u0131\u015f\u0131k tutacak bilgi ve yorumlar getiriyor.<\/p>\n","protected":false},"excerpt":{"rendered":"<p>Hz. Muhammed Mustafa. Kainat\u0131n efendisi. Son \u0130slam peygamberi olarak alemlere rahmet olsun diye g\u00f6nderildi. \u0130slam\u2019\u0131n do\u011fu\u015fu ve yay\u0131l\u0131\u015f\u0131 bir dizi sava\u015f ve \u00e7at\u0131\u015fmalar\u0131 da i\u00e7erir. Cihat,<span class=\"excerpt-hellip\"> [\u2026]<\/span><\/p>\n","protected":false},"featured_media":0,"template":"","meta":{"_monsterinsights_skip_tracking":false,"_monsterinsights_sitenote_active":false,"_monsterinsights_sitenote_note":"","_monsterinsights_sitenote_category":0},"product_brand":[],"product_cat":[12304],"product_tag":[],"class_list":{"0":"post-771596","1":"product","2":"type-product","3":"status-publish","5":"product_cat-tarih","6":"pa_cilt-ciltsiz","7":"pa_tur-kitap","8":"pa_yayinevi-kapi-yayinlari","9":"pa_yazar-ahmed-refik","11":"first","12":"instock","13":"sale","14":"shipping-taxable","15":"purchasable","16":"product-type-simple"},"_links":{"self":[{"href":"https:\/\/roveyayinevi.com.tr\/index.php\/wp-json\/wp\/v2\/product\/771596","targetHints":{"allow":["GET"]}}],"collection":[{"href":"https:\/\/roveyayinevi.com.tr\/index.php\/wp-json\/wp\/v2\/product"}],"about":[{"href":"https:\/\/roveyayinevi.com.tr\/index.php\/wp-json\/wp\/v2\/types\/product"}],"wp:attachment":[{"href":"https:\/\/roveyayinevi.com.tr\/index.php\/wp-json\/wp\/v2\/media?parent=771596"}],"wp:term":[{"taxonomy":"product_brand","embeddable":true,"href":"https:\/\/roveyayinevi.com.tr\/index.php\/wp-json\/wp\/v2\/product_brand?post=771596"},{"taxonomy":"product_cat","embeddable":true,"href":"https:\/\/roveyayinevi.com.tr\/index.php\/wp-json\/wp\/v2\/product_cat?post=771596"},{"taxonomy":"product_tag","embeddable":true,"href":"https:\/\/roveyayinevi.com.tr\/index.php\/wp-json\/wp\/v2\/product_tag?post=771596"}],"curies":[{"name":"wp","href":"https:\/\/api.w.org\/{rel}","templated":true}]}}