{"id":771591,"date":"2025-08-28T15:10:47","date_gmt":"2025-08-28T12:10:47","guid":{"rendered":"https:\/\/roveyayinevi.com.tr\/index.php\/urun\/germanicia-guzeli\/"},"modified":"2026-04-15T03:37:50","modified_gmt":"2026-04-15T00:37:50","slug":"germanicia-guzeli","status":"publish","type":"product","link":"https:\/\/roveyayinevi.com.tr\/index.php\/urun\/germanicia-guzeli\/","title":{"rendered":"Germanicia G\u00fczeli"},"content":{"rendered":"<p>Tarih, k\u00fclt\u00fcr, sanat ve edebiyat\u0131n bulu\u015ftu\u011fu \u201cGermanicia G\u00fczeli\u201d roman\u0131n\u0131n sahifeleri aras\u0131nda gezintiye \u00e7\u0131kt\u0131\u011f\u0131n\u0131zda, kendinizi bir anda tarihin s\u0131r dolu koridorlar\u0131nda bulacaks\u0131n\u0131z. \u00c2deta iki bin y\u0131l \u00f6ncesinin havas\u0131n\u0131 soluyacak, d\u00fc\u015f\u00fcnce d\u00fcnyan\u0131z bir t\u00fcy gibi hafifleyecek yeni ufuklara kanat a\u00e7acaks\u0131n\u0131z. Prof. Dr. Mehmet \u00d6ZKARCI \u201cGermanicia G\u00fczeli\u201d roman\u0131 arkeoloji d\u00fcnyas\u0131n\u0131n da heyecanla okuyaca\u011f\u0131 bir roman. Konusu ve kahramanlar\u0131yla, s\u00fcr\u00fckleyici olay ak\u0131\u015f\u0131yla, efsunla\u015fm\u0131\u015f tarihi okuyacak ve mozaiklerin gizemli d\u00fcnyas\u0131ndan tarihi eserlere bak\u0131\u015f a\u00e7\u0131n\u0131z\u0131 de\u011fi\u015ftirece\u011finiz bu muhte\u015fem roman\u0131 mutlaka okumal\u0131s\u0131n\u0131z. Do\u00e7. Dr. Oktay DUMANKAYA \u0130ki bin y\u0131ld\u0131r topra\u011f\u0131n alt\u0131nda uyuyan antik bir \u015fehri ve \u015fehrin hik\u00e2yesini ke\u015ffe \u00e7\u0131kan iki arkeolog&#8230; Ve antik kentin dramatik hik\u00e2yesi&#8230; Kaba g\u00fc\u00e7 ile sanat\u0131n, h\u0131rsl\u0131 y\u00f6neticiler ile sanatk\u00e2r\u0131n m\u00fccadelesinden do\u011fan bu kentin zarif mozaiklerine kaz\u0131nm\u0131\u015f emsalsiz bir a\u015fk\u2026 Germanicia\u2019da do\u011fup t\u00fcrl\u00fc entrikalar\u0131 a\u015farak Konstantaniye\u2019de patrik olan ve hakikati sofistik bir anlay\u0131\u015fla insanlara anlatan bir din adam\u0131\u2026 Bu hik\u00e2yeleri g\u00fcn \u0131\u015f\u0131\u011f\u0131na \u00e7\u0131kartmak i\u00e7in m\u00fccadele verirken i\u00e7lerindeki derin a\u015fk\u0131 ke\u015ffeden iki arkeolog\u2026 Bunlar elinizdeki eserin \u00f6zg\u00fcnl\u00fc\u011f\u00fcne i\u015faret eden birka\u00e7 ipucu. Ger\u00e7ek olaylar\u0131 roman kurgusuyla kayna\u015ft\u0131r\u0131rken eserin tarihsel ger\u00e7eklerle uyumlu olmas\u0131na \u00f6zen g\u00f6steren bu eser ki\u015fileri tarih\u00ee bir \u015fahsiyet de\u011fil, psikolojileriyle birlikte, karakter olu\u015fturarak sunmaktad\u0131r. Bu roman\u0131 okuduktan sonra Germanicia\u2019ya \u00e7ok farkl\u0131 bir g\u00f6zle bakacaks\u0131n\u0131z. E\u011fitimci Yazar Ramazan AVCI<\/p>\n","protected":false},"excerpt":{"rendered":"<p>Tarih, k\u00fclt\u00fcr, sanat ve edebiyat\u0131n bulu\u015ftu\u011fu \u201cGermanicia G\u00fczeli\u201d roman\u0131n\u0131n sahifeleri aras\u0131nda gezintiye \u00e7\u0131kt\u0131\u011f\u0131n\u0131zda, kendinizi bir anda tarihin s\u0131r dolu koridorlar\u0131nda bulacaks\u0131n\u0131z. \u00c2deta iki bin y\u0131l \u00f6ncesinin<span class=\"excerpt-hellip\"> [\u2026]<\/span><\/p>\n","protected":false},"featured_media":0,"template":"","meta":{"_monsterinsights_skip_tracking":false,"_monsterinsights_sitenote_active":false,"_monsterinsights_sitenote_note":"","_monsterinsights_sitenote_category":0},"product_brand":[],"product_cat":[12291,12711],"product_tag":[],"class_list":{"0":"post-771591","1":"product","2":"type-product","3":"status-publish","5":"product_cat-edebiyat","6":"product_cat-roman-oyku","7":"pa_cilt-ciltsiz","8":"pa_tur-kitap","9":"pa_yayinevi-eftalya-kitap","10":"pa_yazar-ali-avgin","12":"first","13":"instock","14":"sale","15":"shipping-taxable","16":"purchasable","17":"product-type-simple"},"_links":{"self":[{"href":"https:\/\/roveyayinevi.com.tr\/index.php\/wp-json\/wp\/v2\/product\/771591","targetHints":{"allow":["GET"]}}],"collection":[{"href":"https:\/\/roveyayinevi.com.tr\/index.php\/wp-json\/wp\/v2\/product"}],"about":[{"href":"https:\/\/roveyayinevi.com.tr\/index.php\/wp-json\/wp\/v2\/types\/product"}],"wp:attachment":[{"href":"https:\/\/roveyayinevi.com.tr\/index.php\/wp-json\/wp\/v2\/media?parent=771591"}],"wp:term":[{"taxonomy":"product_brand","embeddable":true,"href":"https:\/\/roveyayinevi.com.tr\/index.php\/wp-json\/wp\/v2\/product_brand?post=771591"},{"taxonomy":"product_cat","embeddable":true,"href":"https:\/\/roveyayinevi.com.tr\/index.php\/wp-json\/wp\/v2\/product_cat?post=771591"},{"taxonomy":"product_tag","embeddable":true,"href":"https:\/\/roveyayinevi.com.tr\/index.php\/wp-json\/wp\/v2\/product_tag?post=771591"}],"curies":[{"name":"wp","href":"https:\/\/api.w.org\/{rel}","templated":true}]}}