{"id":771590,"date":"2025-08-28T15:10:44","date_gmt":"2025-08-28T12:10:44","guid":{"rendered":"https:\/\/roveyayinevi.com.tr\/index.php\/urun\/cilgin-kizlar-takimi-surpriz-karsilasmalar\/"},"modified":"2026-04-03T03:29:32","modified_gmt":"2026-04-03T00:29:32","slug":"cilgin-kizlar-takimi-surpriz-karsilasmalar","status":"publish","type":"product","link":"https:\/\/roveyayinevi.com.tr\/index.php\/urun\/cilgin-kizlar-takimi-surpriz-karsilasmalar\/","title":{"rendered":"\u00c7\u0131lg\u0131n K\u0131zlar Tak\u0131m\u0131- S\u00fcrpriz Kar\u015f\u0131la\u015fmalar"},"content":{"rendered":"<p>\u0130talya&#8217;n\u0131n bir yat\u0131l\u0131 okulunda ba\u015flayan macera, kendi okulunu temsil edecekleri Liseler Aras\u0131 M\u00fczik Yar\u0131\u015fmas\u0131 ile devam ediyordu. Kar\u015f\u0131lar\u0131ndaki di\u015fli rakip, \u00c7\u0131lg\u0131n K\u0131zlar Tak\u0131m\u0131&#8217;n\u0131 se\u00e7melerde zorlayacak gibiydi! Dostluklar\u0131, birbirlerine olan g\u00fcvenleri s\u0131nan\u0131rken b\u00fcy\u00fck rekabetin ya\u015fand\u0131\u011f\u0131 bu yar\u0131\u015fmaya kat\u0131lmak i\u00e7in kar\u015f\u0131 tak\u0131ma k\u00fc\u00e7\u00fck ve e\u011flenceli oyunlar oynayacaklard\u0131. Ekibin lideri Marla, i\u015fi kapmak i\u00e7in m\u00fccadele eden Beatriz ve g\u00fczelli\u011fiyle dikkat \u00e7eken Lauren, kimseye benzemeyen kurnaz, ak\u0131ll\u0131 ve cesur birinin akl\u0131yla ba\u015f etmek zorunda kalacaklard\u0131 bu kez. \u00dc\u00e7 tatl\u0131 k\u0131z, e\u015fitli\u011fin ve adaletin varl\u0131\u011f\u0131na inan\u0131yorlard\u0131. \u0130nsan\u0131 g\u00fczel s\u00fcrprizlerle kar\u015f\u0131la\u015ft\u0131r\u0131rd\u0131 yap\u0131lan iyilikler. Ailenin \u00f6nemini anlayacaklar, dostluklar\u0131n\u0131n en de\u011ferli \u015fey oldu\u011funu ya\u015fad\u0131klar\u0131 olaylardan \u00f6\u011freneceklerdi.<\/p>\n","protected":false},"excerpt":{"rendered":"<p>\u0130talya&#8217;n\u0131n bir yat\u0131l\u0131 okulunda ba\u015flayan macera, kendi okulunu temsil edecekleri Liseler Aras\u0131 M\u00fczik Yar\u0131\u015fmas\u0131 ile devam ediyordu. Kar\u015f\u0131lar\u0131ndaki di\u015fli rakip, \u00c7\u0131lg\u0131n K\u0131zlar Tak\u0131m\u0131&#8217;n\u0131 se\u00e7melerde zorlayacak gibiydi!<span class=\"excerpt-hellip\"> [\u2026]<\/span><\/p>\n","protected":false},"featured_media":0,"template":"","meta":{"_monsterinsights_skip_tracking":false,"_monsterinsights_sitenote_active":false,"_monsterinsights_sitenote_note":"","_monsterinsights_sitenote_category":0},"product_brand":[],"product_cat":[12291,12711],"product_tag":[],"class_list":{"0":"post-771590","1":"product","2":"type-product","3":"status-publish","5":"product_cat-edebiyat","6":"product_cat-roman-oyku","7":"pa_cilt-ciltsiz","8":"pa_tur-kitap","9":"pa_yayinevi-eftalya-kitap","10":"pa_yazar-kolektif","12":"first","13":"instock","14":"sale","15":"shipping-taxable","16":"purchasable","17":"product-type-simple"},"_links":{"self":[{"href":"https:\/\/roveyayinevi.com.tr\/index.php\/wp-json\/wp\/v2\/product\/771590","targetHints":{"allow":["GET"]}}],"collection":[{"href":"https:\/\/roveyayinevi.com.tr\/index.php\/wp-json\/wp\/v2\/product"}],"about":[{"href":"https:\/\/roveyayinevi.com.tr\/index.php\/wp-json\/wp\/v2\/types\/product"}],"wp:attachment":[{"href":"https:\/\/roveyayinevi.com.tr\/index.php\/wp-json\/wp\/v2\/media?parent=771590"}],"wp:term":[{"taxonomy":"product_brand","embeddable":true,"href":"https:\/\/roveyayinevi.com.tr\/index.php\/wp-json\/wp\/v2\/product_brand?post=771590"},{"taxonomy":"product_cat","embeddable":true,"href":"https:\/\/roveyayinevi.com.tr\/index.php\/wp-json\/wp\/v2\/product_cat?post=771590"},{"taxonomy":"product_tag","embeddable":true,"href":"https:\/\/roveyayinevi.com.tr\/index.php\/wp-json\/wp\/v2\/product_tag?post=771590"}],"curies":[{"name":"wp","href":"https:\/\/api.w.org\/{rel}","templated":true}]}}