{"id":771587,"date":"2025-08-28T15:10:38","date_gmt":"2025-08-28T12:10:38","guid":{"rendered":"https:\/\/roveyayinevi.com.tr\/index.php\/urun\/ilk-kursundan-cumhuriyete-milli-mucadele\/"},"modified":"2026-04-15T03:37:50","modified_gmt":"2026-04-15T00:37:50","slug":"ilk-kursundan-cumhuriyete-milli-mucadele","status":"publish","type":"product","link":"https:\/\/roveyayinevi.com.tr\/index.php\/urun\/ilk-kursundan-cumhuriyete-milli-mucadele\/","title":{"rendered":"\u0130lk Kur\u015fundan Cumhuriyete Milli M\u00fccadele"},"content":{"rendered":"<p>T\u00fcrk \u0130stiklal Sava\u015f\u0131 yokluk, imk\u00e2ns\u0131zl\u0131k ve her t\u00fcrl\u00fc s\u0131k\u0131nt\u0131ya ra\u011fmen milleti esaretin s\u0131n\u0131r\u0131ndan kurtaran topyek\u00fbn verilmi\u015f bir m\u00fccadeledir. Milli M\u00fccadele, T\u00fcrk tarihinin en sanc\u0131l\u0131 g\u00fcnlerinin ya\u015fand\u0131\u011f\u0131 bir d\u00f6nemde son on y\u0131l\u0131n\u0131 sava\u015f meydanlar\u0131nda, yokluk i\u00e7inde ge\u00e7iren bir neslin; ba\u011f\u0131ms\u0131zl\u0131k sava\u015f\u0131n\u0131n \u00f6nderi Mustafa Kemal Atat\u00fcrk ve silah arkada\u015flar\u0131na g\u00f6sterdi\u011fi tam ba\u011fl\u0131l\u0131k ve inan\u00e7la kendi kaderini de\u011fi\u015ftirdi\u011fi bir ger\u00e7ekliktir.Yeni nesillerin o d\u00f6nemin \u015fartlar\u0131n\u0131 anlayabilmesi atalar\u0131n\u0131n g\u00f6stermi\u015f oldu\u011fu mutlak direni\u015f ve sars\u0131lmaz karal\u0131l\u0131\u011f\u0131 kavrayabilmesi gereklidir. Vatan savunmas\u0131 u\u011frunda cepheye giderken geride b\u0131rak\u0131lan e\u015fleri, analar\u0131, evlatlar\u0131; a\u00e7l\u0131kla, yoklukla ba\u015f ba\u015fa b\u0131rakt\u0131\u011f\u0131n\u0131 bilerek; ard\u0131na bakmadan, g\u00f6z\u00fcn\u00fc k\u0131rpmadan \u015fehadete ko\u015fan atalar\u0131m\u0131z\u0131n fedak\u00e2rl\u0131klar\u0131 her y\u00f6n\u00fcyle iyi anla\u015f\u0131lmal\u0131d\u0131r.Yar\u0131n\u0131n ger\u00e7ek teminat\u0131 olan gen\u00e7 neslin bilin\u00e7lendirilmesi, Milli M\u00fccadele ruhunun hissettirilmesi ve lay\u0131k\u0131yla anlat\u0131lmas\u0131na olan ihtiyac\u0131m\u0131z b\u00fcy\u00fckt\u00fcr. Elinizdeki \u00e7al\u0131\u015fma bu ihtiyac\u0131 kar\u015f\u0131lamaya bir nebze hizmet edebilirse, ba\u015far\u0131l\u0131 olmu\u015f demektir.<\/p>\n","protected":false},"excerpt":{"rendered":"<p>T\u00fcrk \u0130stiklal Sava\u015f\u0131 yokluk, imk\u00e2ns\u0131zl\u0131k ve her t\u00fcrl\u00fc s\u0131k\u0131nt\u0131ya ra\u011fmen milleti esaretin s\u0131n\u0131r\u0131ndan kurtaran topyek\u00fbn verilmi\u015f bir m\u00fccadeledir. Milli M\u00fccadele, T\u00fcrk tarihinin en sanc\u0131l\u0131 g\u00fcnlerinin ya\u015fand\u0131\u011f\u0131<span class=\"excerpt-hellip\"> [\u2026]<\/span><\/p>\n","protected":false},"featured_media":0,"template":"","meta":{"_monsterinsights_skip_tracking":false,"_monsterinsights_sitenote_active":false,"_monsterinsights_sitenote_note":"","_monsterinsights_sitenote_category":0},"product_brand":[],"product_cat":[12370,12304],"product_tag":[],"class_list":{"0":"post-771587","1":"product","2":"type-product","3":"status-publish","5":"product_cat-arastirma-inceleme","6":"product_cat-tarih","7":"pa_cilt-ciltsiz","8":"pa_tur-kitap","9":"pa_yayinevi-eftalya-kitap","10":"pa_yazar-mevlut-yuksel","12":"first","13":"instock","14":"sale","15":"shipping-taxable","16":"purchasable","17":"product-type-simple"},"_links":{"self":[{"href":"https:\/\/roveyayinevi.com.tr\/index.php\/wp-json\/wp\/v2\/product\/771587","targetHints":{"allow":["GET"]}}],"collection":[{"href":"https:\/\/roveyayinevi.com.tr\/index.php\/wp-json\/wp\/v2\/product"}],"about":[{"href":"https:\/\/roveyayinevi.com.tr\/index.php\/wp-json\/wp\/v2\/types\/product"}],"wp:attachment":[{"href":"https:\/\/roveyayinevi.com.tr\/index.php\/wp-json\/wp\/v2\/media?parent=771587"}],"wp:term":[{"taxonomy":"product_brand","embeddable":true,"href":"https:\/\/roveyayinevi.com.tr\/index.php\/wp-json\/wp\/v2\/product_brand?post=771587"},{"taxonomy":"product_cat","embeddable":true,"href":"https:\/\/roveyayinevi.com.tr\/index.php\/wp-json\/wp\/v2\/product_cat?post=771587"},{"taxonomy":"product_tag","embeddable":true,"href":"https:\/\/roveyayinevi.com.tr\/index.php\/wp-json\/wp\/v2\/product_tag?post=771587"}],"curies":[{"name":"wp","href":"https:\/\/api.w.org\/{rel}","templated":true}]}}