{"id":771586,"date":"2025-08-28T15:10:36","date_gmt":"2025-08-28T12:10:36","guid":{"rendered":"https:\/\/roveyayinevi.com.tr\/index.php\/urun\/hep-birlikte-okul-insaati-kitap-ve-oyun-seti\/"},"modified":"2026-04-15T03:37:50","modified_gmt":"2026-04-15T00:37:50","slug":"hep-birlikte-okul-insaati-kitap-ve-oyun-seti","status":"publish","type":"product","link":"https:\/\/roveyayinevi.com.tr\/index.php\/urun\/hep-birlikte-okul-insaati-kitap-ve-oyun-seti\/","title":{"rendered":"Hep Birlikte &#8211; Okul \u0130n\u015faat\u0131 Kitap ve Oyun Seti"},"content":{"rendered":"<p>\u015eimdi okul in\u015faat\u0131 ba\u015fl\u0131yoooor!Bu e\u011flenceli macerada i\u015f birli\u011finin ve dayan\u0131\u015fman\u0131n g\u00fcc\u00fcn\u00fc ke\u015ffetmeye haz\u0131r m\u0131s\u0131n? Haydi, i\u015f makineni se\u00e7. Tav\u015fan Tita ve arkada\u015flar\u0131na kat\u0131l!Hayallerine ortak ol!<\/p>\n","protected":false},"excerpt":{"rendered":"<p>\u015eimdi okul in\u015faat\u0131 ba\u015fl\u0131yoooor!Bu e\u011flenceli macerada i\u015f birli\u011finin ve dayan\u0131\u015fman\u0131n g\u00fcc\u00fcn\u00fc ke\u015ffetmeye haz\u0131r m\u0131s\u0131n? Haydi, i\u015f makineni se\u00e7. Tav\u015fan Tita ve arkada\u015flar\u0131na kat\u0131l!Hayallerine ortak ol!<\/p>\n","protected":false},"featured_media":0,"template":"","meta":{"_monsterinsights_skip_tracking":false,"_monsterinsights_sitenote_active":false,"_monsterinsights_sitenote_note":"","_monsterinsights_sitenote_category":0},"product_brand":[],"product_cat":[12274,12518],"product_tag":[],"class_list":{"0":"post-771586","1":"product","2":"type-product","3":"status-publish","5":"product_cat-cocuk-ve-genclik-kitaplari","6":"product_cat-okul-oncesi-kitaplar","7":"pa_cilt-set","8":"pa_tur-kitap","9":"pa_yayinevi-bi-kutu-oyun","10":"pa_yazar-kolektif","12":"first","13":"instock","14":"sale","15":"shipping-taxable","16":"purchasable","17":"product-type-simple"},"_links":{"self":[{"href":"https:\/\/roveyayinevi.com.tr\/index.php\/wp-json\/wp\/v2\/product\/771586","targetHints":{"allow":["GET"]}}],"collection":[{"href":"https:\/\/roveyayinevi.com.tr\/index.php\/wp-json\/wp\/v2\/product"}],"about":[{"href":"https:\/\/roveyayinevi.com.tr\/index.php\/wp-json\/wp\/v2\/types\/product"}],"wp:attachment":[{"href":"https:\/\/roveyayinevi.com.tr\/index.php\/wp-json\/wp\/v2\/media?parent=771586"}],"wp:term":[{"taxonomy":"product_brand","embeddable":true,"href":"https:\/\/roveyayinevi.com.tr\/index.php\/wp-json\/wp\/v2\/product_brand?post=771586"},{"taxonomy":"product_cat","embeddable":true,"href":"https:\/\/roveyayinevi.com.tr\/index.php\/wp-json\/wp\/v2\/product_cat?post=771586"},{"taxonomy":"product_tag","embeddable":true,"href":"https:\/\/roveyayinevi.com.tr\/index.php\/wp-json\/wp\/v2\/product_tag?post=771586"}],"curies":[{"name":"wp","href":"https:\/\/api.w.org\/{rel}","templated":true}]}}