{"id":771585,"date":"2025-08-28T15:10:35","date_gmt":"2025-08-28T12:10:35","guid":{"rendered":"https:\/\/roveyayinevi.com.tr\/index.php\/urun\/eglenceli-yapboz-tasitlar-ciltli\/"},"modified":"2026-04-15T03:37:50","modified_gmt":"2026-04-15T00:37:50","slug":"eglenceli-yapboz-tasitlar-ciltli","status":"publish","type":"product","link":"https:\/\/roveyayinevi.com.tr\/index.php\/urun\/eglenceli-yapboz-tasitlar-ciltli\/","title":{"rendered":"E\u011flenceli Yapboz &#8211; Ta\u015f\u0131tlar (Ciltli)"},"content":{"rendered":"<p>\u00d6nce en sevdi\u011finta\u015f\u0131tlar\u0131 tan\u0131, sonra da\u201cdokun ve hisset\u201dbilmecelerini \u00e7\u00f6z! Minikler \u0130\u00e7in Hareket Dolu Bir Macera: &#8220;E\u011flenceli Yapboz &#8211; Ta\u015f\u0131tlar&#8221;\u00c7ocuklar i\u00e7in hem \u00f6\u011fretici hem de dokunsal deneyim sunan E\u011flenceli Yapboz &#8211; Ta\u015f\u0131tlar, minikleri sevdikleri ara\u00e7larla tan\u0131\u015ft\u0131r\u0131yor! Renkli ve sevimli \u00e7izimlerle haz\u0131rlanan bu kitapta, \u00e7ocuklar d\u00f6rt par\u00e7al\u0131 yapbozlar\u0131 tamamlayarak ta\u015f\u0131tlar\u0131 tan\u0131yor, dokun ve hisset sayfalar\u0131yla ke\u015ffetmenin tad\u0131n\u0131 \u00e7\u0131kar\u0131yor. \u0130tfaiye arabas\u0131, tren, kamyon ve daha fazlas\u0131 seni bekliyor!Bilmeceleri \u00e7\u00f6z, par\u00e7alar\u0131 birle\u015ftir ve ta\u015f\u0131tlar\u0131n d\u00fcnyas\u0131na e\u011flenceli bir yolculuk yap!<\/p>\n","protected":false},"excerpt":{"rendered":"<p>\u00d6nce en sevdi\u011finta\u015f\u0131tlar\u0131 tan\u0131, sonra da\u201cdokun ve hisset\u201dbilmecelerini \u00e7\u00f6z! Minikler \u0130\u00e7in Hareket Dolu Bir Macera: &#8220;E\u011flenceli Yapboz &#8211; Ta\u015f\u0131tlar&#8221;\u00c7ocuklar i\u00e7in hem \u00f6\u011fretici hem de dokunsal deneyim<span class=\"excerpt-hellip\"> [\u2026]<\/span><\/p>\n","protected":false},"featured_media":0,"template":"","meta":{"_monsterinsights_skip_tracking":false,"_monsterinsights_sitenote_active":false,"_monsterinsights_sitenote_note":"","_monsterinsights_sitenote_category":0},"product_brand":[],"product_cat":[12274,12518],"product_tag":[],"class_list":{"0":"post-771585","1":"product","2":"type-product","3":"status-publish","5":"product_cat-cocuk-ve-genclik-kitaplari","6":"product_cat-okul-oncesi-kitaplar","7":"pa_cilt-ciltli","8":"pa_tur-kitap","9":"pa_yayinevi-ucan-fil-yayinlari","10":"pa_yazar-anonim","12":"first","13":"instock","14":"sale","15":"shipping-taxable","16":"purchasable","17":"product-type-simple"},"_links":{"self":[{"href":"https:\/\/roveyayinevi.com.tr\/index.php\/wp-json\/wp\/v2\/product\/771585","targetHints":{"allow":["GET"]}}],"collection":[{"href":"https:\/\/roveyayinevi.com.tr\/index.php\/wp-json\/wp\/v2\/product"}],"about":[{"href":"https:\/\/roveyayinevi.com.tr\/index.php\/wp-json\/wp\/v2\/types\/product"}],"wp:attachment":[{"href":"https:\/\/roveyayinevi.com.tr\/index.php\/wp-json\/wp\/v2\/media?parent=771585"}],"wp:term":[{"taxonomy":"product_brand","embeddable":true,"href":"https:\/\/roveyayinevi.com.tr\/index.php\/wp-json\/wp\/v2\/product_brand?post=771585"},{"taxonomy":"product_cat","embeddable":true,"href":"https:\/\/roveyayinevi.com.tr\/index.php\/wp-json\/wp\/v2\/product_cat?post=771585"},{"taxonomy":"product_tag","embeddable":true,"href":"https:\/\/roveyayinevi.com.tr\/index.php\/wp-json\/wp\/v2\/product_tag?post=771585"}],"curies":[{"name":"wp","href":"https:\/\/api.w.org\/{rel}","templated":true}]}}