{"id":771583,"date":"2025-08-28T15:10:31","date_gmt":"2025-08-28T12:10:31","guid":{"rendered":"https:\/\/roveyayinevi.com.tr\/index.php\/urun\/denizin-gelini\/"},"modified":"2026-04-08T03:34:26","modified_gmt":"2026-04-08T00:34:26","slug":"denizin-gelini","status":"publish","type":"product","link":"https:\/\/roveyayinevi.com.tr\/index.php\/urun\/denizin-gelini\/","title":{"rendered":"Denizin Gelini"},"content":{"rendered":"<p>Denizin Gelini din, aile, akraba evlilikleri, kad\u0131n-erkek ili\u015fkileri ve k\u00fclt\u00fcr \u00e7at\u0131\u015fmas\u0131 \u00fczerine etkileyici bir ilk roman- kayb\u0131n, yaralanman\u0131n ve iyile\u015fmenin ne oldu\u011funu sorgulayan samimi bir anlat\u0131. Hik\u00e2ye 1970\u2019lerde Suudi Arabistan\u2019da ba\u015flar. Seda ve M\u00fcnir, iki akraba ailenin \u00e7ocuklar\u0131, kolay ya\u015fanamayacak bir ili\u015fkiye ba\u015flarlar. K\u0131z\u0131ldeniz, Seda ve M\u00fcnir\u2019in i\u00e7erisinden gelece\u011fe bakt\u0131klar\u0131 bir ufka d\u00f6n\u00fc\u015f\u00fcr: Evlenirler, Ohio\u2019ya ta\u015f\u0131n\u0131rlar ve bir \u00e7ocuklar\u0131 olur. Seda ba\u015f\u0131na buyruk, kendi kurallar\u0131n\u0131 kendisi koymaya kararl\u0131 bir kad\u0131nd\u0131r. Do\u011fduklar\u0131 yeri terk etmenin b\u00fcy\u00fcs\u00fcyle hangi topraklara yabanc\u0131 olduklar\u0131n\u0131 kar\u0131\u015ft\u0131r\u0131rlar ve aralar\u0131ndaki mesafe gitgide b\u00fcy\u00fcr. Bo\u015fanma s\u00f6zc\u00fc\u011f\u00fc kulaklarda f\u0131s\u0131ldanmaya ba\u015flar. Ama bo\u015fanmak, \u00f6zellikle Seda i\u00e7in sorunsuz de\u011fildir: Bo\u015fanabilmek i\u00e7in yaln\u0131zca kocas\u0131ndan de\u011fil, k\u0131z\u0131ndan, k\u00f6klerinden, belki de b\u00fct\u00fcn bir ge\u00e7mi\u015finden kopmas\u0131 gerekir. Ne de olsa Seda tek bir adam\u0131n, tek bir ailenin de\u011fil K\u0131z\u0131ldeniz\u2019in gelinidir. Arka plan\u0131nda Ortado\u011fu\u2019nun \u00e7alkant\u0131l\u0131 olaylar\u0131n\u0131n yer ald\u0131\u011f\u0131 bu roman\u0131nda aidiyet hissini, b\u00f6l\u00fcnmeyi ve d\u00fc\u015fmanl\u0131\u011f\u0131 ustal\u0131kla i\u015fleyen yazar, okuyucuyu t\u0131pk\u0131 karakterler gibi bir taraf se\u00e7mek durumunda hissettiriyor: Kim hakl\u0131d\u0131r? Sevdiklerinden ayr\u0131lmamak i\u00e7in ka\u00e7mak zorunda kalanlar m\u0131, yoksa elinden ka\u00e7an sevdiklerini aramaya yazg\u0131l\u0131 olanlar m\u0131? Yersiz-yurtsuzlu\u011fun \u00e7ocuklarda a\u00e7t\u0131\u011f\u0131 yaralar bir g\u00fcn kapan\u0131r m\u0131? Birbirleriyle has\u0131m h\u00e2le gelen iki aile taraf\u0131ndan y\u0131llarca s\u00fcrd\u00fcr\u00fclen bir aray\u0131\u015f\u0131 konu edinen Eman Quotah, Denizin Gelini\u2019nde zor bir co\u011frafyan\u0131n tan\u0131d\u0131k \u00f6yk\u00fcs\u00fcn\u00fc anlat\u0131yor. <\/p>\n","protected":false},"excerpt":{"rendered":"<p>Denizin Gelini din, aile, akraba evlilikleri, kad\u0131n-erkek ili\u015fkileri ve k\u00fclt\u00fcr \u00e7at\u0131\u015fmas\u0131 \u00fczerine etkileyici bir ilk roman- kayb\u0131n, yaralanman\u0131n ve iyile\u015fmenin ne oldu\u011funu sorgulayan samimi bir anlat\u0131.<span class=\"excerpt-hellip\"> [\u2026]<\/span><\/p>\n","protected":false},"featured_media":0,"template":"","meta":{"_monsterinsights_skip_tracking":false,"_monsterinsights_sitenote_active":false,"_monsterinsights_sitenote_note":"","_monsterinsights_sitenote_category":0},"product_brand":[],"product_cat":[12291,12711],"product_tag":[],"class_list":{"0":"post-771583","1":"product","2":"type-product","3":"status-publish","5":"product_cat-edebiyat","6":"product_cat-roman-oyku","7":"pa_cilt-ciltsiz","8":"pa_tur-kitap","9":"pa_yayinevi-livera-yayinevi","10":"pa_yazar-eman-quotah","12":"first","13":"instock","14":"sale","15":"shipping-taxable","16":"purchasable","17":"product-type-simple"},"_links":{"self":[{"href":"https:\/\/roveyayinevi.com.tr\/index.php\/wp-json\/wp\/v2\/product\/771583","targetHints":{"allow":["GET"]}}],"collection":[{"href":"https:\/\/roveyayinevi.com.tr\/index.php\/wp-json\/wp\/v2\/product"}],"about":[{"href":"https:\/\/roveyayinevi.com.tr\/index.php\/wp-json\/wp\/v2\/types\/product"}],"wp:attachment":[{"href":"https:\/\/roveyayinevi.com.tr\/index.php\/wp-json\/wp\/v2\/media?parent=771583"}],"wp:term":[{"taxonomy":"product_brand","embeddable":true,"href":"https:\/\/roveyayinevi.com.tr\/index.php\/wp-json\/wp\/v2\/product_brand?post=771583"},{"taxonomy":"product_cat","embeddable":true,"href":"https:\/\/roveyayinevi.com.tr\/index.php\/wp-json\/wp\/v2\/product_cat?post=771583"},{"taxonomy":"product_tag","embeddable":true,"href":"https:\/\/roveyayinevi.com.tr\/index.php\/wp-json\/wp\/v2\/product_tag?post=771583"}],"curies":[{"name":"wp","href":"https:\/\/api.w.org\/{rel}","templated":true}]}}