{"id":771582,"date":"2025-08-28T15:10:28","date_gmt":"2025-08-28T12:10:28","guid":{"rendered":"https:\/\/roveyayinevi.com.tr\/index.php\/urun\/mescid-i-nebevi-ve-cocuk\/"},"modified":"2026-04-15T03:37:50","modified_gmt":"2026-04-15T00:37:50","slug":"mescid-i-nebevi-ve-cocuk","status":"publish","type":"product","link":"https:\/\/roveyayinevi.com.tr\/index.php\/urun\/mescid-i-nebevi-ve-cocuk\/","title":{"rendered":"Mescid-i Nebevi ve \u00c7ocuk"},"content":{"rendered":"<p>HAYD\u0130 \u00c7OCUKLAR MESC\u0130D-\u0130 NEBEV\u0130\u2019Y\u0130 E\u011eLENEREK \u00d6\u011eRENEL\u0130M.Mescid-i Nebev\u00ee neresidir?\u0130\u00e7inde neler var?Orada \u00e7ocuklar neler yapar?Bu sorular\u0131n cevaplar\u0131n\u0131 Mescid-i Nebev\u00ee\u2019nin dilinden dinleyelim. Bu g\u00fczel mescidi yak\u0131ndan tan\u0131yal\u0131m.Kitaptaki ara bul etkinlerini yaparken kendimizi Mescid-i Nebevi\u2019ye gitmi\u015f gibi hayal edelim.Bu arada kitab\u0131n hediyesi olan \u201c\u00c7IKARTMALARIN\u201d bir k\u0131sm\u0131n\u0131 arkada\u015flar\u0131nla payla\u015fmaya ne dersin. B\u00f6ylece belki de sen de bir ki\u015fiye oray\u0131 tan\u0131tabilirsin.HAYD\u0130 O ZAMAN BU G\u00dcZEL YOLCULU\u011eA B\u0130RL\u0130KTE \u00c7IKALIM.<\/p>\n","protected":false},"excerpt":{"rendered":"<p>HAYD\u0130 \u00c7OCUKLAR MESC\u0130D-\u0130 NEBEV\u0130\u2019Y\u0130 E\u011eLENEREK \u00d6\u011eRENEL\u0130M.Mescid-i Nebev\u00ee neresidir?\u0130\u00e7inde neler var?Orada \u00e7ocuklar neler yapar?Bu sorular\u0131n cevaplar\u0131n\u0131 Mescid-i Nebev\u00ee\u2019nin dilinden dinleyelim. Bu g\u00fczel mescidi yak\u0131ndan tan\u0131yal\u0131m.Kitaptaki ara bul<span class=\"excerpt-hellip\"> [\u2026]<\/span><\/p>\n","protected":false},"featured_media":0,"template":"","meta":{"_monsterinsights_skip_tracking":false,"_monsterinsights_sitenote_active":false,"_monsterinsights_sitenote_note":"","_monsterinsights_sitenote_category":0},"product_brand":[],"product_cat":[12274,18802],"product_tag":[],"class_list":{"0":"post-771582","1":"product","2":"type-product","3":"status-publish","5":"product_cat-cocuk-ve-genclik-kitaplari","6":"product_cat-din-egitimi","7":"pa_cilt-ciltsiz","8":"pa_tur-kitap","9":"pa_yayinevi-gulce-kitap","10":"pa_yazar-sevval-tiryaki","12":"first","13":"instock","14":"sale","15":"shipping-taxable","16":"purchasable","17":"product-type-simple"},"_links":{"self":[{"href":"https:\/\/roveyayinevi.com.tr\/index.php\/wp-json\/wp\/v2\/product\/771582","targetHints":{"allow":["GET"]}}],"collection":[{"href":"https:\/\/roveyayinevi.com.tr\/index.php\/wp-json\/wp\/v2\/product"}],"about":[{"href":"https:\/\/roveyayinevi.com.tr\/index.php\/wp-json\/wp\/v2\/types\/product"}],"wp:attachment":[{"href":"https:\/\/roveyayinevi.com.tr\/index.php\/wp-json\/wp\/v2\/media?parent=771582"}],"wp:term":[{"taxonomy":"product_brand","embeddable":true,"href":"https:\/\/roveyayinevi.com.tr\/index.php\/wp-json\/wp\/v2\/product_brand?post=771582"},{"taxonomy":"product_cat","embeddable":true,"href":"https:\/\/roveyayinevi.com.tr\/index.php\/wp-json\/wp\/v2\/product_cat?post=771582"},{"taxonomy":"product_tag","embeddable":true,"href":"https:\/\/roveyayinevi.com.tr\/index.php\/wp-json\/wp\/v2\/product_tag?post=771582"}],"curies":[{"name":"wp","href":"https:\/\/api.w.org\/{rel}","templated":true}]}}