{"id":771579,"date":"2025-08-28T15:10:23","date_gmt":"2025-08-28T12:10:23","guid":{"rendered":"https:\/\/roveyayinevi.com.tr\/index.php\/urun\/mutlu-cocuk\/"},"modified":"2026-04-15T03:37:50","modified_gmt":"2026-04-15T00:37:50","slug":"mutlu-cocuk","status":"publish","type":"product","link":"https:\/\/roveyayinevi.com.tr\/index.php\/urun\/mutlu-cocuk\/","title":{"rendered":"Mutlu \u00c7ocuk"},"content":{"rendered":"<p>Mutlulu\u011fu \u00e7o\u011fu zaman anl\u0131k ya da ge\u00e7ici bir deneyim olarak d\u00fc\u015f\u00fcn\u00fcr\u00fcz. Kal\u0131c\u0131 ho\u015fnutluk ise \u00e7ok daha karma\u015f\u0131kt\u0131r. \u00c7ocuklar\u0131n ve ergenlerin y\u00fczde 10 ila 20\u2019sinin ruh sa\u011fl\u0131\u011f\u0131 sorunlar\u0131 ya\u015fad\u0131\u011f\u0131 bir d\u00fcnyada \u00e7ocuklar\u0131m\u0131z\u0131n hayata olumlu bakmalar\u0131n\u0131 sa\u011flamak \u00e7ok \u00f6nemlidir. \u00c7ocu\u011funuz mutsuzluk duygusuyla m\u00fccadele ediyorsa pani\u011fe kap\u0131lmay\u0131n. Birlikte oturup bu kitaptaki \u00f6nerileri incelemeye zaman ay\u0131r\u0131n. G\u00fcnl\u00fck aile ya\u015fam\u0131na d\u00e2hil edilebilecek pratik tavsiyelerin ve basit fikirlerin bile\u015fimini kullanarak, siz ve \u00e7ocu\u011funuz olumsuz duygular\u0131 y\u00f6netmek ve daha olumlu bir bak\u0131\u015f a\u00e7\u0131s\u0131 geli\u015ftirmek i\u00e7in birlikte \u00e7al\u0131\u015fabilirsiniz. \u00c7ocu\u011funuzu dinleyerek, anlayarak ve onunla i\u015f birli\u011fi yaparak dayan\u0131kl\u0131l\u0131k ve \u00f6zg\u00fcven a\u015f\u0131layabilir ve onun iyilik h\u00e2lini birlikte in\u015fa edebilirsiniz. Unutmay\u0131n, \u00e7ocu\u011funuzu zorluklar\u0131n \u00fcstesinden gelebilecek becerilerle donatt\u0131\u011f\u0131n\u0131zda, se\u00e7ti\u011fi yolun mutluluk ve kendini ger\u00e7ekle\u015ftirme ile d\u00f6\u015fenmesine de yard\u0131mc\u0131 olabilirsiniz. Mutlu \u00c7ocuk, \u00e7ocu\u011funuzla a\u00e7\u0131k ve yap\u0131c\u0131 ileti\u015fim kurman\u0131z i\u00e7in sizi y\u00f6nlendirirken, ebeveyn olarak sizin de daha pozitif bir tutum benimsemenizi sa\u011flayacak.<\/p>\n","protected":false},"excerpt":{"rendered":"<p>Mutlulu\u011fu \u00e7o\u011fu zaman anl\u0131k ya da ge\u00e7ici bir deneyim olarak d\u00fc\u015f\u00fcn\u00fcr\u00fcz. Kal\u0131c\u0131 ho\u015fnutluk ise \u00e7ok daha karma\u015f\u0131kt\u0131r. \u00c7ocuklar\u0131n ve ergenlerin y\u00fczde 10 ila 20\u2019sinin ruh sa\u011fl\u0131\u011f\u0131<span class=\"excerpt-hellip\"> [\u2026]<\/span><\/p>\n","protected":false},"featured_media":0,"template":"","meta":{"_monsterinsights_skip_tracking":false,"_monsterinsights_sitenote_active":false,"_monsterinsights_sitenote_note":"","_monsterinsights_sitenote_category":0},"product_brand":[],"product_cat":[12679,12357],"product_tag":[],"class_list":{"0":"post-771579","1":"product","2":"type-product","3":"status-publish","5":"product_cat-cocuk-psikolojisi","6":"product_cat-psikoloji","7":"pa_cilt-ciltsiz","8":"pa_tur-kitap","9":"pa_yayinevi-literatur-yayinevi","10":"pa_yazar-caroline-roope","12":"first","13":"instock","14":"sale","15":"shipping-taxable","16":"purchasable","17":"product-type-simple"},"_links":{"self":[{"href":"https:\/\/roveyayinevi.com.tr\/index.php\/wp-json\/wp\/v2\/product\/771579","targetHints":{"allow":["GET"]}}],"collection":[{"href":"https:\/\/roveyayinevi.com.tr\/index.php\/wp-json\/wp\/v2\/product"}],"about":[{"href":"https:\/\/roveyayinevi.com.tr\/index.php\/wp-json\/wp\/v2\/types\/product"}],"wp:attachment":[{"href":"https:\/\/roveyayinevi.com.tr\/index.php\/wp-json\/wp\/v2\/media?parent=771579"}],"wp:term":[{"taxonomy":"product_brand","embeddable":true,"href":"https:\/\/roveyayinevi.com.tr\/index.php\/wp-json\/wp\/v2\/product_brand?post=771579"},{"taxonomy":"product_cat","embeddable":true,"href":"https:\/\/roveyayinevi.com.tr\/index.php\/wp-json\/wp\/v2\/product_cat?post=771579"},{"taxonomy":"product_tag","embeddable":true,"href":"https:\/\/roveyayinevi.com.tr\/index.php\/wp-json\/wp\/v2\/product_tag?post=771579"}],"curies":[{"name":"wp","href":"https:\/\/api.w.org\/{rel}","templated":true}]}}