{"id":771575,"date":"2025-08-28T15:10:13","date_gmt":"2025-08-28T12:10:13","guid":{"rendered":"https:\/\/roveyayinevi.com.tr\/index.php\/urun\/dunyayi-durduran-kiz-super-zihin-operasyonu\/"},"modified":"2026-04-15T03:37:50","modified_gmt":"2026-04-15T00:37:50","slug":"dunyayi-durduran-kiz-super-zihin-operasyonu","status":"publish","type":"product","link":"https:\/\/roveyayinevi.com.tr\/index.php\/urun\/dunyayi-durduran-kiz-super-zihin-operasyonu\/","title":{"rendered":"D\u00fcnyay\u0131 Durduran K\u0131z &#8211; S\u00fcper Zihin Operasyonu"},"content":{"rendered":"<p>DURSUN D\u00dcNYA! S\u0131radan kahramanl\u0131k hik\u00e2yelerini unutun! \u00c7\u00fcnk\u00fc \u00c7i\u011fdem, nam\u0131di\u011fer DDK, s\u0131radan bir kahraman de\u011fil! O, d\u00fcnyay\u0131 durdurabilen ama i\u015f karde\u015fine gelince onu bir t\u00fcrl\u00fc durduramayan bir s\u00fcper kahraman!SARI ELMAS Y\u00dcZ\u00dcK M\u00dc KAYBOLDU? VEYA OKULDAK\u0130 PARALAR MI \u00c7ALINIYOR?Hooop, DDK sizin i\u00e7in orada! Hemen s\u00fcper kahraman kost\u00fcm\u00fcn\u00fc giyip d\u00fcnyay\u0131 durduruyor ve olaylara m\u00fcdahale ediyor.Bakal\u0131m DDK bu kar\u0131\u015f\u0131kl\u0131klar\u0131 \u00e7\u00f6zebilecek mi? Komik, heyecan dolu ve s\u00fcr\u00fckleyici bu kitapta kahkahalar\u0131n\u0131za engel olamayacaks\u0131n\u0131z!Not: Sizin de ba\u015f\u0131n\u0131z dertteyse DDK&#8217;ye ula\u015fmay\u0131 unutmay\u0131n! <\/p>\n","protected":false},"excerpt":{"rendered":"<p>DURSUN D\u00dcNYA! S\u0131radan kahramanl\u0131k hik\u00e2yelerini unutun! \u00c7\u00fcnk\u00fc \u00c7i\u011fdem, nam\u0131di\u011fer DDK, s\u0131radan bir kahraman de\u011fil! O, d\u00fcnyay\u0131 durdurabilen ama i\u015f karde\u015fine gelince onu bir t\u00fcrl\u00fc durduramayan bir<span class=\"excerpt-hellip\"> [\u2026]<\/span><\/p>\n","protected":false},"featured_media":0,"template":"","meta":{"_monsterinsights_skip_tracking":false,"_monsterinsights_sitenote_active":false,"_monsterinsights_sitenote_note":"","_monsterinsights_sitenote_category":0},"product_brand":[],"product_cat":[12274,12284],"product_tag":[],"class_list":{"0":"post-771575","1":"product","2":"type-product","3":"status-publish","5":"product_cat-cocuk-ve-genclik-kitaplari","6":"product_cat-hikayeler","7":"pa_cilt-ciltsiz","8":"pa_tur-kitap","9":"pa_yayinevi-timas-cocuk","10":"pa_yazar-selcen-yuksel-arvas","12":"first","13":"instock","14":"sale","15":"shipping-taxable","16":"purchasable","17":"product-type-simple"},"_links":{"self":[{"href":"https:\/\/roveyayinevi.com.tr\/index.php\/wp-json\/wp\/v2\/product\/771575","targetHints":{"allow":["GET"]}}],"collection":[{"href":"https:\/\/roveyayinevi.com.tr\/index.php\/wp-json\/wp\/v2\/product"}],"about":[{"href":"https:\/\/roveyayinevi.com.tr\/index.php\/wp-json\/wp\/v2\/types\/product"}],"wp:attachment":[{"href":"https:\/\/roveyayinevi.com.tr\/index.php\/wp-json\/wp\/v2\/media?parent=771575"}],"wp:term":[{"taxonomy":"product_brand","embeddable":true,"href":"https:\/\/roveyayinevi.com.tr\/index.php\/wp-json\/wp\/v2\/product_brand?post=771575"},{"taxonomy":"product_cat","embeddable":true,"href":"https:\/\/roveyayinevi.com.tr\/index.php\/wp-json\/wp\/v2\/product_cat?post=771575"},{"taxonomy":"product_tag","embeddable":true,"href":"https:\/\/roveyayinevi.com.tr\/index.php\/wp-json\/wp\/v2\/product_tag?post=771575"}],"curies":[{"name":"wp","href":"https:\/\/api.w.org\/{rel}","templated":true}]}}