{"id":771573,"date":"2025-08-28T15:10:09","date_gmt":"2025-08-28T12:10:09","guid":{"rendered":"https:\/\/roveyayinevi.com.tr\/index.php\/urun\/dudunun-sira-disi-sekerlemeleri\/"},"modified":"2026-04-15T03:37:50","modified_gmt":"2026-04-15T00:37:50","slug":"dudunun-sira-disi-sekerlemeleri","status":"publish","type":"product","link":"https:\/\/roveyayinevi.com.tr\/index.php\/urun\/dudunun-sira-disi-sekerlemeleri\/","title":{"rendered":"Dudu&#8217;nun S\u0131ra D\u0131\u015f\u0131 \u015eekerlemeleri"},"content":{"rendered":"<p>Kasaban\u0131n sevilen \u015fekercisi Dudu Teyze\u2019nin hayattaki en b\u00fcy\u00fck iste\u011fi t\u00fcm sevdiklerinin her daim mutlu olmas\u0131. Bu d\u00fc\u015f\u00fcnceyi ger\u00e7ekle\u015ftirmek \u00fczere kollar\u0131 s\u0131vayan Dudu Teyze, kasaba halk\u0131na b\u00fcy\u00fck bir s\u00fcrpriz haz\u0131rl\u0131yor. Fakat bu s\u00fcrpriz, Tekir Kasabas\u0131\u2019nda beklenmedik olaylar\u0131n da ba\u015flang\u0131c\u0131 olacak.Dudu Teyze \u015fimdi kasabas\u0131n\u0131 eski h\u00e2line d\u00f6nd\u00fcrmek ve mutlulu\u011fun ger\u00e7ek s\u0131rr\u0131n\u0131 bulmak zorunda.Reng\u00e2renk \u015fekerlemeler ve duygularla dolu bu macerada Dudu Teyze\u2019ye e\u015flik etmek ister misin?<\/p>\n","protected":false},"excerpt":{"rendered":"<p>Kasaban\u0131n sevilen \u015fekercisi Dudu Teyze\u2019nin hayattaki en b\u00fcy\u00fck iste\u011fi t\u00fcm sevdiklerinin her daim mutlu olmas\u0131. Bu d\u00fc\u015f\u00fcnceyi ger\u00e7ekle\u015ftirmek \u00fczere kollar\u0131 s\u0131vayan Dudu Teyze, kasaba halk\u0131na b\u00fcy\u00fck<span class=\"excerpt-hellip\"> [\u2026]<\/span><\/p>\n","protected":false},"featured_media":0,"template":"","meta":{"_monsterinsights_skip_tracking":false,"_monsterinsights_sitenote_active":false,"_monsterinsights_sitenote_note":"","_monsterinsights_sitenote_category":0},"product_brand":[],"product_cat":[12274,12284],"product_tag":[],"class_list":{"0":"post-771573","1":"product","2":"type-product","3":"status-publish","5":"product_cat-cocuk-ve-genclik-kitaplari","6":"product_cat-hikayeler","7":"pa_cilt-ciltsiz","8":"pa_tur-kitap","9":"pa_yayinevi-timas-cocuk","10":"pa_yazar-derya-ozgenc","12":"first","13":"instock","14":"sale","15":"shipping-taxable","16":"purchasable","17":"product-type-simple"},"_links":{"self":[{"href":"https:\/\/roveyayinevi.com.tr\/index.php\/wp-json\/wp\/v2\/product\/771573","targetHints":{"allow":["GET"]}}],"collection":[{"href":"https:\/\/roveyayinevi.com.tr\/index.php\/wp-json\/wp\/v2\/product"}],"about":[{"href":"https:\/\/roveyayinevi.com.tr\/index.php\/wp-json\/wp\/v2\/types\/product"}],"wp:attachment":[{"href":"https:\/\/roveyayinevi.com.tr\/index.php\/wp-json\/wp\/v2\/media?parent=771573"}],"wp:term":[{"taxonomy":"product_brand","embeddable":true,"href":"https:\/\/roveyayinevi.com.tr\/index.php\/wp-json\/wp\/v2\/product_brand?post=771573"},{"taxonomy":"product_cat","embeddable":true,"href":"https:\/\/roveyayinevi.com.tr\/index.php\/wp-json\/wp\/v2\/product_cat?post=771573"},{"taxonomy":"product_tag","embeddable":true,"href":"https:\/\/roveyayinevi.com.tr\/index.php\/wp-json\/wp\/v2\/product_tag?post=771573"}],"curies":[{"name":"wp","href":"https:\/\/api.w.org\/{rel}","templated":true}]}}