{"id":771571,"date":"2025-08-28T15:10:04","date_gmt":"2025-08-28T12:10:04","guid":{"rendered":"https:\/\/roveyayinevi.com.tr\/index.php\/urun\/karanlik-bilim\/"},"modified":"2026-04-15T03:37:50","modified_gmt":"2026-04-15T00:37:50","slug":"karanlik-bilim","status":"publish","type":"product","link":"https:\/\/roveyayinevi.com.tr\/index.php\/urun\/karanlik-bilim\/","title":{"rendered":"Karanl\u0131k Bilim"},"content":{"rendered":"<p>Kitap Tan\u0131t\u0131m Yaz\u0131s\u0131 :  20. y\u00fczy\u0131la girerken bilim ve teknolojideki ilerlemenin d\u00fcnyay\u0131 \u00e7ok daha iyi bir yer yapaca\u011f\u0131na olan inan\u00e7, d\u00fcnya sava\u015flar\u0131 ve deh\u015fetli makinelerin yaratt\u0131\u011f\u0131 y\u0131k\u0131mla son buldu. Atom bombas\u0131n\u0131n karanl\u0131k mantar bulutu alt\u0131ndan sadece korku ve deh\u015fet sa\u011f \u00e7\u0131kmay\u0131 ba\u015farm\u0131\u015ft\u0131.Art\u0131k bilim eskisi kadar masum de\u011fildi. Bununla birlikte, ilerleme ad\u0131na say\u0131s\u0131z tart\u0131\u015fmal\u0131 deney ve \u00e7al\u0131\u015fma da bilimin karanl\u0131k bir y\u00fcz\u00fc oldu\u011fu ger\u00e7e\u011fiyle bizi y\u00fczle\u015fmeye zorlad\u0131. Sava\u015f esirleri \u00fczerinde yap\u0131lan biyolojik \/ kimyasal deneyler, masum insanlar\u0131n bedenlerinin ve ruhlar\u0131n\u0131n deneme tahtas\u0131 gibi kullan\u0131ld\u0131\u011f\u0131 s\u00f6zde t\u0131bbi \u00e7al\u0131\u015fmalar ve di\u011fer canl\u0131lara yap\u0131lan i\u015fkenceler&#8230; Maalesef bilim tarihi bu tip say\u0131s\u0131z karanl\u0131k olayla dolu.\u0130\u015fte bu kitapta, bilimsel eti\u011fin hukuki zemin kazanmadan \u00f6nceki d\u00f6nemlerde bilim insanlar\u0131n\u0131n kaleme ald\u0131\u011f\u0131 karanl\u0131k hikayelerinden se\u00e7meler bulacaks\u0131n\u0131z.Kitab\u0131 bitirdikten sonra akl\u0131n\u0131zda tek bir soru olacak:Bilim ad\u0131na ne kadar ileri gidebilirsiniz?<\/p>\n","protected":false},"excerpt":{"rendered":"<p>Kitap Tan\u0131t\u0131m Yaz\u0131s\u0131 : 20. y\u00fczy\u0131la girerken bilim ve teknolojideki ilerlemenin d\u00fcnyay\u0131 \u00e7ok daha iyi bir yer yapaca\u011f\u0131na olan inan\u00e7, d\u00fcnya sava\u015flar\u0131 ve deh\u015fetli makinelerin yaratt\u0131\u011f\u0131<span class=\"excerpt-hellip\"> [\u2026]<\/span><\/p>\n","protected":false},"featured_media":0,"template":"","meta":{"_monsterinsights_skip_tracking":false,"_monsterinsights_sitenote_active":false,"_monsterinsights_sitenote_note":"","_monsterinsights_sitenote_category":0},"product_brand":[],"product_cat":[13005],"product_tag":[],"class_list":{"0":"post-771571","1":"product","2":"type-product","3":"status-publish","5":"product_cat-bilim-muhendislik","6":"pa_cilt-ciltsiz","7":"pa_tur-kitap","8":"pa_yayinevi-yediveren-yayinlari","9":"pa_yazar-ayhan-tarakci","11":"first","12":"instock","13":"sale","14":"shipping-taxable","15":"purchasable","16":"product-type-simple"},"_links":{"self":[{"href":"https:\/\/roveyayinevi.com.tr\/index.php\/wp-json\/wp\/v2\/product\/771571","targetHints":{"allow":["GET"]}}],"collection":[{"href":"https:\/\/roveyayinevi.com.tr\/index.php\/wp-json\/wp\/v2\/product"}],"about":[{"href":"https:\/\/roveyayinevi.com.tr\/index.php\/wp-json\/wp\/v2\/types\/product"}],"wp:attachment":[{"href":"https:\/\/roveyayinevi.com.tr\/index.php\/wp-json\/wp\/v2\/media?parent=771571"}],"wp:term":[{"taxonomy":"product_brand","embeddable":true,"href":"https:\/\/roveyayinevi.com.tr\/index.php\/wp-json\/wp\/v2\/product_brand?post=771571"},{"taxonomy":"product_cat","embeddable":true,"href":"https:\/\/roveyayinevi.com.tr\/index.php\/wp-json\/wp\/v2\/product_cat?post=771571"},{"taxonomy":"product_tag","embeddable":true,"href":"https:\/\/roveyayinevi.com.tr\/index.php\/wp-json\/wp\/v2\/product_tag?post=771571"}],"curies":[{"name":"wp","href":"https:\/\/api.w.org\/{rel}","templated":true}]}}