{"id":771570,"date":"2025-08-28T15:10:02","date_gmt":"2025-08-28T12:10:02","guid":{"rendered":"https:\/\/roveyayinevi.com.tr\/index.php\/urun\/tunelden-onceki-beyaz-ev-kutulu-set\/"},"modified":"2026-04-15T03:37:50","modified_gmt":"2026-04-15T00:37:50","slug":"tunelden-onceki-beyaz-ev-kutulu-set","status":"publish","type":"product","link":"https:\/\/roveyayinevi.com.tr\/index.php\/urun\/tunelden-onceki-beyaz-ev-kutulu-set\/","title":{"rendered":"T\u00fcnelden \u00d6nceki Beyaz Ev Kutulu Set"},"content":{"rendered":"<p>Korku hik\u00e2yelerinin ba\u015far\u0131l\u0131 anlat\u0131c\u0131s\u0131 ve ara\u015ft\u0131rmac\u0131s\u0131 I\u015f\u0131l I\u015f\u0131k\u2019tan, her sayfas\u0131 merak ve heyecan dolu bir polisiye roman serisi  sizleri bekliyor. Korkular\u0131n\u0131zla y\u00fczle\u015fmeye ve gizemli olaylar\u0131 \u00e7\u00f6zmeye haz\u0131r m\u0131s\u0131n\u0131z?<\/p>\n","protected":false},"excerpt":{"rendered":"<p>Korku hik\u00e2yelerinin ba\u015far\u0131l\u0131 anlat\u0131c\u0131s\u0131 ve ara\u015ft\u0131rmac\u0131s\u0131 I\u015f\u0131l I\u015f\u0131k\u2019tan, her sayfas\u0131 merak ve heyecan dolu bir polisiye roman serisi sizleri bekliyor. Korkular\u0131n\u0131zla y\u00fczle\u015fmeye ve gizemli olaylar\u0131 \u00e7\u00f6zmeye<span class=\"excerpt-hellip\"> [\u2026]<\/span><\/p>\n","protected":false},"featured_media":0,"template":"","meta":{"_monsterinsights_skip_tracking":false,"_monsterinsights_sitenote_active":false,"_monsterinsights_sitenote_note":"","_monsterinsights_sitenote_category":0},"product_brand":[],"product_cat":[12291,17033],"product_tag":[],"class_list":{"0":"post-771570","1":"product","2":"type-product","3":"status-publish","5":"product_cat-edebiyat","6":"product_cat-korku-gerilim","7":"pa_cilt-ciltsiz","8":"pa_tur-kitap","9":"pa_yayinevi-yediveren-yayinlari","10":"pa_yazar-isil-isik","12":"first","13":"instock","14":"sale","15":"shipping-taxable","16":"purchasable","17":"product-type-simple"},"_links":{"self":[{"href":"https:\/\/roveyayinevi.com.tr\/index.php\/wp-json\/wp\/v2\/product\/771570","targetHints":{"allow":["GET"]}}],"collection":[{"href":"https:\/\/roveyayinevi.com.tr\/index.php\/wp-json\/wp\/v2\/product"}],"about":[{"href":"https:\/\/roveyayinevi.com.tr\/index.php\/wp-json\/wp\/v2\/types\/product"}],"wp:attachment":[{"href":"https:\/\/roveyayinevi.com.tr\/index.php\/wp-json\/wp\/v2\/media?parent=771570"}],"wp:term":[{"taxonomy":"product_brand","embeddable":true,"href":"https:\/\/roveyayinevi.com.tr\/index.php\/wp-json\/wp\/v2\/product_brand?post=771570"},{"taxonomy":"product_cat","embeddable":true,"href":"https:\/\/roveyayinevi.com.tr\/index.php\/wp-json\/wp\/v2\/product_cat?post=771570"},{"taxonomy":"product_tag","embeddable":true,"href":"https:\/\/roveyayinevi.com.tr\/index.php\/wp-json\/wp\/v2\/product_tag?post=771570"}],"curies":[{"name":"wp","href":"https:\/\/api.w.org\/{rel}","templated":true}]}}