{"id":771566,"date":"2025-08-28T15:09:54","date_gmt":"2025-08-28T12:09:54","guid":{"rendered":"https:\/\/roveyayinevi.com.tr\/index.php\/urun\/dikenli-gul\/"},"modified":"2026-04-08T03:34:25","modified_gmt":"2026-04-08T00:34:25","slug":"dikenli-gul","status":"publish","type":"product","link":"https:\/\/roveyayinevi.com.tr\/index.php\/urun\/dikenli-gul\/","title":{"rendered":"Dikenli G\u00fcl"},"content":{"rendered":"<p>Kad\u0131n kendi masal\u0131n\u0131 ya\u015famak i\u00e7in \u00e7abalarken, adam bu masaldan ka\u00e7mak i\u00e7in elinden geleni yapacakt\u0131. Bet\u00fcl, yoklu\u011fun i\u00e7inde var olmaya \u00e7al\u0131\u015f\u0131rken kalbini kaybetmeyi \u00e7oktan g\u00f6ze alm\u0131\u015ft\u0131. Hayat\u0131n\u0131 art\u0131k bir figuran gibi de\u011fil de ba\u015frol olarak ya\u015fama zaman\u0131 gelmi\u015fti. Ve bu u\u011furda her \u015feyden vazge\u00e7meyi g\u00f6ze alm\u0131\u015ft\u0131. Kendinden bile\u2026 Kendisi i\u00e7in bir peri masal\u0131 istemiyordu. Ailesini bir peri masal\u0131nda ya\u015fatacak g\u00fcc\u00fc istiyordu. Bu g\u00fcc\u00fc elde etmek i\u00e7in ise elinden geleni ard\u0131na koymayacakt\u0131. D\u00fcnyan\u0131n en g\u00fc\u00e7l\u00fc adam\u0131 da olsan kendi hayat\u0131na h\u00fckmedemedikten sonra sadece kocaman bir hi\u00e7ten ibaretsin. Kerem de tam olarak kendini kocaman bir hi\u00e7 hissediyordu. Servet avc\u0131s\u0131 bir kad\u0131nla evleniyordu. \u0130\u015fin en garip taraf\u0131 ise m\u00fcstakbel kar\u0131s\u0131 servet avc\u0131s\u0131 oldu\u011funu bir an bile saklamam\u0131\u015ft\u0131.<\/p>\n","protected":false},"excerpt":{"rendered":"<p>Kad\u0131n kendi masal\u0131n\u0131 ya\u015famak i\u00e7in \u00e7abalarken, adam bu masaldan ka\u00e7mak i\u00e7in elinden geleni yapacakt\u0131. Bet\u00fcl, yoklu\u011fun i\u00e7inde var olmaya \u00e7al\u0131\u015f\u0131rken kalbini kaybetmeyi \u00e7oktan g\u00f6ze alm\u0131\u015ft\u0131. Hayat\u0131n\u0131<span class=\"excerpt-hellip\"> [\u2026]<\/span><\/p>\n","protected":false},"featured_media":0,"template":"","meta":{"_monsterinsights_skip_tracking":false,"_monsterinsights_sitenote_active":false,"_monsterinsights_sitenote_note":"","_monsterinsights_sitenote_category":0},"product_brand":[],"product_cat":[12291,12711],"product_tag":[],"class_list":{"0":"post-771566","1":"product","2":"type-product","3":"status-publish","5":"product_cat-edebiyat","6":"product_cat-roman-oyku","7":"pa_cilt-ciltsiz","8":"pa_tur-kitap","9":"pa_yayinevi-yediveren-yayinlari","10":"pa_yazar-dilek-taygun","12":"first","13":"instock","14":"sale","15":"shipping-taxable","16":"purchasable","17":"product-type-simple"},"_links":{"self":[{"href":"https:\/\/roveyayinevi.com.tr\/index.php\/wp-json\/wp\/v2\/product\/771566","targetHints":{"allow":["GET"]}}],"collection":[{"href":"https:\/\/roveyayinevi.com.tr\/index.php\/wp-json\/wp\/v2\/product"}],"about":[{"href":"https:\/\/roveyayinevi.com.tr\/index.php\/wp-json\/wp\/v2\/types\/product"}],"wp:attachment":[{"href":"https:\/\/roveyayinevi.com.tr\/index.php\/wp-json\/wp\/v2\/media?parent=771566"}],"wp:term":[{"taxonomy":"product_brand","embeddable":true,"href":"https:\/\/roveyayinevi.com.tr\/index.php\/wp-json\/wp\/v2\/product_brand?post=771566"},{"taxonomy":"product_cat","embeddable":true,"href":"https:\/\/roveyayinevi.com.tr\/index.php\/wp-json\/wp\/v2\/product_cat?post=771566"},{"taxonomy":"product_tag","embeddable":true,"href":"https:\/\/roveyayinevi.com.tr\/index.php\/wp-json\/wp\/v2\/product_tag?post=771566"}],"curies":[{"name":"wp","href":"https:\/\/api.w.org\/{rel}","templated":true}]}}