{"id":771562,"date":"2025-08-28T15:09:47","date_gmt":"2025-08-28T12:09:47","guid":{"rendered":"https:\/\/roveyayinevi.com.tr\/index.php\/urun\/bilal-civelek-5-kitap-takim\/"},"modified":"2026-04-15T03:37:49","modified_gmt":"2026-04-15T00:37:49","slug":"bilal-civelek-5-kitap-takim","status":"publish","type":"product","link":"https:\/\/roveyayinevi.com.tr\/index.php\/urun\/bilal-civelek-5-kitap-takim\/","title":{"rendered":"Bilal Civelek (5 Kitap Tak\u0131m)"},"content":{"rendered":"<p>&#8211; Dert Etme Allah Biliyor- Allah&#8217;a B\u0131rak Olmu\u015f Bil- Huzur Sende Allah\u0131m- Allah Bilsin Yeter- Dert Etme Sabret<\/p>\n","protected":false},"excerpt":{"rendered":"<p>&#8211; Dert Etme Allah Biliyor- Allah&#8217;a B\u0131rak Olmu\u015f Bil- Huzur Sende Allah\u0131m- Allah Bilsin Yeter- Dert Etme Sabret<\/p>\n","protected":false},"featured_media":0,"template":"","meta":{"_monsterinsights_skip_tracking":false,"_monsterinsights_sitenote_active":false,"_monsterinsights_sitenote_note":"","_monsterinsights_sitenote_category":0},"product_brand":[],"product_cat":[12718,12719,12720],"product_tag":[],"class_list":{"0":"post-771562","1":"product","2":"type-product","3":"status-publish","5":"product_cat-din","6":"product_cat-islam","7":"product_cat-tasavvuf-mezhepler-tarikatlar","8":"pa_cilt-ciltsiz","9":"pa_tur-kitap","10":"pa_yayinevi-yediveren-yayinlari","11":"pa_yazar-bilal-civelek","13":"first","14":"instock","15":"sale","16":"shipping-taxable","17":"purchasable","18":"product-type-simple"},"_links":{"self":[{"href":"https:\/\/roveyayinevi.com.tr\/index.php\/wp-json\/wp\/v2\/product\/771562","targetHints":{"allow":["GET"]}}],"collection":[{"href":"https:\/\/roveyayinevi.com.tr\/index.php\/wp-json\/wp\/v2\/product"}],"about":[{"href":"https:\/\/roveyayinevi.com.tr\/index.php\/wp-json\/wp\/v2\/types\/product"}],"wp:attachment":[{"href":"https:\/\/roveyayinevi.com.tr\/index.php\/wp-json\/wp\/v2\/media?parent=771562"}],"wp:term":[{"taxonomy":"product_brand","embeddable":true,"href":"https:\/\/roveyayinevi.com.tr\/index.php\/wp-json\/wp\/v2\/product_brand?post=771562"},{"taxonomy":"product_cat","embeddable":true,"href":"https:\/\/roveyayinevi.com.tr\/index.php\/wp-json\/wp\/v2\/product_cat?post=771562"},{"taxonomy":"product_tag","embeddable":true,"href":"https:\/\/roveyayinevi.com.tr\/index.php\/wp-json\/wp\/v2\/product_tag?post=771562"}],"curies":[{"name":"wp","href":"https:\/\/api.w.org\/{rel}","templated":true}]}}