{"id":771560,"date":"2025-08-28T15:09:43","date_gmt":"2025-08-28T12:09:43","guid":{"rendered":"https:\/\/roveyayinevi.com.tr\/index.php\/urun\/dinozorlar-eglenceli-yapboz\/"},"modified":"2026-04-15T03:37:49","modified_gmt":"2026-04-15T00:37:49","slug":"dinozorlar-eglenceli-yapboz","status":"publish","type":"product","link":"https:\/\/roveyayinevi.com.tr\/index.php\/urun\/dinozorlar-eglenceli-yapboz\/","title":{"rendered":"Dinozorlar &#8211; E\u011flenceli Yapboz"},"content":{"rendered":"<p>\u00d6nce en sevdi\u011fin dinazorlar\u0131 tan\u0131, sonra da \u201cdokun ve hisset\u201d bilmecelerini \u00e7\u00f6z!     E\u011flence ve \u00d6\u011frenme Bir Arada: &#8220;E\u011flenceli Yapboz &#8211; Dinozorlar&#8221; Minik k\u00e2\u015fifler i\u00e7in hem e\u011fitici hem de e\u011flenceli bir deneyim sunan E\u011flenceli Yapboz &#8211; Dinozorlar, \u00e7ocuklar\u0131 milyonlarca y\u0131l \u00f6ncesinin dev yarat\u0131klar\u0131yla tan\u0131\u015ft\u0131r\u0131yor! Renkli \u00e7izimleri, d\u00f6rt par\u00e7al\u0131 sa\u011flam yapbozlar\u0131 ve \u201cdokun ve hisset\u201d \u00f6zellikli sayfalar\u0131yla bu kitap, \u00e7ocuklar\u0131n hayal g\u00fcc\u00fcn\u00fc harekete ge\u00e7iriyor ve motor becerilerini geli\u015ftiriyor.  Dinozorlar\u0131 tan\u0131, par\u00e7alar\u0131 birle\u015ftir, dokun ve hisset!\u00c7ocuklar sevdikleri dinozorlar\u0131 ke\u015ffederken e\u011flenceli bilmecelerle d\u00fc\u015f\u00fcnmeye te\u015fvik ediliyor. Hem e\u011flenip hem \u00f6\u011frenmek isteyen minikler i\u00e7in harika bir ba\u015flang\u0131\u00e7! <\/p>\n","protected":false},"excerpt":{"rendered":"<p>\u00d6nce en sevdi\u011fin dinazorlar\u0131 tan\u0131, sonra da \u201cdokun ve hisset\u201d bilmecelerini \u00e7\u00f6z! E\u011flence ve \u00d6\u011frenme Bir Arada: &#8220;E\u011flenceli Yapboz &#8211; Dinozorlar&#8221; Minik k\u00e2\u015fifler i\u00e7in hem e\u011fitici<span class=\"excerpt-hellip\"> [\u2026]<\/span><\/p>\n","protected":false},"featured_media":0,"template":"","meta":{"_monsterinsights_skip_tracking":false,"_monsterinsights_sitenote_active":false,"_monsterinsights_sitenote_note":"","_monsterinsights_sitenote_category":0},"product_brand":[],"product_cat":[12274,12518],"product_tag":[],"class_list":{"0":"post-771560","1":"product","2":"type-product","3":"status-publish","5":"product_cat-cocuk-ve-genclik-kitaplari","6":"product_cat-okul-oncesi-kitaplar","7":"pa_cilt-ciltli","8":"pa_tur-kitap","9":"pa_yayinevi-ucan-fil-yayinlari","10":"pa_yazar-kolektif","12":"first","13":"instock","14":"sale","15":"shipping-taxable","16":"purchasable","17":"product-type-simple"},"_links":{"self":[{"href":"https:\/\/roveyayinevi.com.tr\/index.php\/wp-json\/wp\/v2\/product\/771560","targetHints":{"allow":["GET"]}}],"collection":[{"href":"https:\/\/roveyayinevi.com.tr\/index.php\/wp-json\/wp\/v2\/product"}],"about":[{"href":"https:\/\/roveyayinevi.com.tr\/index.php\/wp-json\/wp\/v2\/types\/product"}],"wp:attachment":[{"href":"https:\/\/roveyayinevi.com.tr\/index.php\/wp-json\/wp\/v2\/media?parent=771560"}],"wp:term":[{"taxonomy":"product_brand","embeddable":true,"href":"https:\/\/roveyayinevi.com.tr\/index.php\/wp-json\/wp\/v2\/product_brand?post=771560"},{"taxonomy":"product_cat","embeddable":true,"href":"https:\/\/roveyayinevi.com.tr\/index.php\/wp-json\/wp\/v2\/product_cat?post=771560"},{"taxonomy":"product_tag","embeddable":true,"href":"https:\/\/roveyayinevi.com.tr\/index.php\/wp-json\/wp\/v2\/product_tag?post=771560"}],"curies":[{"name":"wp","href":"https:\/\/api.w.org\/{rel}","templated":true}]}}