{"id":771559,"date":"2025-08-28T15:09:41","date_gmt":"2025-08-28T12:09:41","guid":{"rendered":"https:\/\/roveyayinevi.com.tr\/index.php\/urun\/sosyal-cocuk\/"},"modified":"2026-04-15T03:37:49","modified_gmt":"2026-04-15T00:37:49","slug":"sosyal-cocuk","status":"publish","type":"product","link":"https:\/\/roveyayinevi.com.tr\/index.php\/urun\/sosyal-cocuk\/","title":{"rendered":"Sosyal \u00c7ocuk"},"content":{"rendered":"<p>\u00c7ocukluk arkada\u015fl\u0131klar\u0131, ba\u015fkalar\u0131yla ba\u011flant\u0131 kurmay\u0131 \u00f6\u011frendi\u011fimiz en \u00f6nemli alanlardan biridir ve gelecekteki ili\u015fkilerimizi nas\u0131l kuraca\u011f\u0131m\u0131z\u0131 belirleyen beceriler edinmemizi sa\u011flar. \u00c7ocu\u011funuzun arkada\u015fl\u0131klar\u0131n\u0131n niteli\u011fi ya da niceli\u011fi hakk\u0131nda kayg\u0131 duyuyorsan\u0131z, yaln\u0131z de\u011filsiniz. Sa\u011fl\u0131kl\u0131 ve g\u00fc\u00e7l\u00fc ba\u011flar kurabilmesine, g\u00fcvenli bir sosyal alan\u0131n\u0131n olu\u015fmas\u0131na yard\u0131m edebilir, zorbal\u0131k ve bask\u0131 kar\u015f\u0131s\u0131nda \u00f6zg\u00fcvenli davranmas\u0131n\u0131 te\u015fvik edebilirsiniz. Sosyal \u00c7ocuk, 5-16 ya\u015f aras\u0131nda kurulan potansiyel arkada\u015fl\u0131klara geni\u015f bir a\u00e7\u0131dan bakarak, profesyonellerin \u00f6neri ve tekniklerini bir araya getiriyor ve bunlar\u0131 uygulamas\u0131 kolay ipu\u00e7lar\u0131na d\u00f6n\u00fc\u015ft\u00fcr\u00fcyor. \u0130yi bir arkada\u015fl\u0131\u011f\u0131n ne anlama geldi\u011fini a\u00e7\u0131klayan, ba\u011f g\u00fc\u00e7lendirici aktivite \u00f6nerileri sunan, olumlu tutum ve empati geli\u015ftirme odakl\u0131 ipu\u00e7lar\u0131 veren Sosyal \u00c7ocuk, her ya\u015ftan \u00e7ocu\u011fa faydal\u0131 olacak g\u00fcncel bir rehber.<\/p>\n","protected":false},"excerpt":{"rendered":"<p>\u00c7ocukluk arkada\u015fl\u0131klar\u0131, ba\u015fkalar\u0131yla ba\u011flant\u0131 kurmay\u0131 \u00f6\u011frendi\u011fimiz en \u00f6nemli alanlardan biridir ve gelecekteki ili\u015fkilerimizi nas\u0131l kuraca\u011f\u0131m\u0131z\u0131 belirleyen beceriler edinmemizi sa\u011flar. \u00c7ocu\u011funuzun arkada\u015fl\u0131klar\u0131n\u0131n niteli\u011fi ya da niceli\u011fi hakk\u0131nda<span class=\"excerpt-hellip\"> [\u2026]<\/span><\/p>\n","protected":false},"featured_media":0,"template":"","meta":{"_monsterinsights_skip_tracking":false,"_monsterinsights_sitenote_active":false,"_monsterinsights_sitenote_note":"","_monsterinsights_sitenote_category":0},"product_brand":[],"product_cat":[12679,12357],"product_tag":[],"class_list":{"0":"post-771559","1":"product","2":"type-product","3":"status-publish","5":"product_cat-cocuk-psikolojisi","6":"product_cat-psikoloji","7":"pa_cilt-ciltsiz","8":"pa_tur-kitap","9":"pa_yayinevi-literatur-yayinevi","10":"pa_yazar-poppy-oneill","12":"first","13":"instock","14":"sale","15":"shipping-taxable","16":"purchasable","17":"product-type-simple"},"_links":{"self":[{"href":"https:\/\/roveyayinevi.com.tr\/index.php\/wp-json\/wp\/v2\/product\/771559","targetHints":{"allow":["GET"]}}],"collection":[{"href":"https:\/\/roveyayinevi.com.tr\/index.php\/wp-json\/wp\/v2\/product"}],"about":[{"href":"https:\/\/roveyayinevi.com.tr\/index.php\/wp-json\/wp\/v2\/types\/product"}],"wp:attachment":[{"href":"https:\/\/roveyayinevi.com.tr\/index.php\/wp-json\/wp\/v2\/media?parent=771559"}],"wp:term":[{"taxonomy":"product_brand","embeddable":true,"href":"https:\/\/roveyayinevi.com.tr\/index.php\/wp-json\/wp\/v2\/product_brand?post=771559"},{"taxonomy":"product_cat","embeddable":true,"href":"https:\/\/roveyayinevi.com.tr\/index.php\/wp-json\/wp\/v2\/product_cat?post=771559"},{"taxonomy":"product_tag","embeddable":true,"href":"https:\/\/roveyayinevi.com.tr\/index.php\/wp-json\/wp\/v2\/product_tag?post=771559"}],"curies":[{"name":"wp","href":"https:\/\/api.w.org\/{rel}","templated":true}]}}