{"id":771558,"date":"2025-08-28T15:09:40","date_gmt":"2025-08-28T12:09:40","guid":{"rendered":"https:\/\/roveyayinevi.com.tr\/index.php\/urun\/kayginin-tamiri\/"},"modified":"2025-11-21T11:45:06","modified_gmt":"2025-11-21T08:45:06","slug":"kayginin-tamiri","status":"publish","type":"product","link":"https:\/\/roveyayinevi.com.tr\/index.php\/urun\/kayginin-tamiri\/","title":{"rendered":"Kayg\u0131n\u0131n Tamiri"},"content":{"rendered":"<p>Uzun zamand\u0131r akl\u0131n\u0131zda olan o seyahate \u00e7\u0131kmak, i\u00e7inizde tutup s\u00f6yleyemedi\u011finiz c\u00fcmleleri hayk\u0131rmak ya da \u00e7ok daha basitinden, yeni bir arkada\u015f edinmek i\u00e7in neyi bekliyorsunuz? Kayg\u0131lar\u0131n\u0131z\u0131n azalmas\u0131n\u0131 m\u0131? Daha \u00f6zg\u00fcvenli biri olmay\u0131 m\u0131? Sahiden eyleme ge\u00e7medi\u011finiz s\u00fcrece bu pek de m\u00fcmk\u00fcn olmayabilir. Kayg\u0131, istedi\u011finiz hayat\u0131 ya\u015faman\u0131z ve \u00f6z sayg\u0131n\u0131z\u0131 koruman\u0131z i\u00e7in b\u00fcy\u00fck bir engel gibi g\u00f6r\u00fcnebilir ama sonsuza kadar bu \u015fekilde olmak zorunda de\u011fil. Kayg\u0131n\u0131n Tamiri, kontrol\u00fc ele al\u0131p kayg\u0131lar\u0131n\u0131z\u0131 y\u00f6netmeniz, \u00f6z sayg\u0131n\u0131z\u0131 g\u00fc\u00e7lendirmeniz ve \u00f6zg\u00fcveninizi kazanman\u0131z i\u00e7in pratik ipu\u00e7lar\u0131 sunuyor. G\u00fcnl\u00fck hayat\u0131n\u0131zda uygulayabilece\u011finiz basit egzersizler \u00f6neriyor; refah\u0131n\u0131z\u0131 art\u0131rman\u0131z\u0131 ve daha mutlu, daha tatmin edici bir hayat ya\u015faman\u0131z\u0131 destekliyor. Kayg\u0131n\u0131n Tamiri, nazik ve cesaretlendirici bir rehber.<\/p>\n","protected":false},"excerpt":{"rendered":"<p>Uzun zamand\u0131r akl\u0131n\u0131zda olan o seyahate \u00e7\u0131kmak, i\u00e7inizde tutup s\u00f6yleyemedi\u011finiz c\u00fcmleleri hayk\u0131rmak ya da \u00e7ok daha basitinden, yeni bir arkada\u015f edinmek i\u00e7in neyi bekliyorsunuz? Kayg\u0131lar\u0131n\u0131z\u0131n azalmas\u0131n\u0131<span class=\"excerpt-hellip\"> [\u2026]<\/span><\/p>\n","protected":false},"featured_media":0,"template":"","meta":{"_monsterinsights_skip_tracking":false,"_monsterinsights_sitenote_active":false,"_monsterinsights_sitenote_note":"","_monsterinsights_sitenote_category":0},"product_brand":[],"product_cat":[12357],"product_tag":[],"class_list":{"0":"post-771558","1":"product","2":"type-product","3":"status-publish","5":"product_cat-psikoloji","6":"pa_cilt-ciltsiz","7":"pa_tur-kitap","8":"pa_yayinevi-literatur-yayinevi","9":"pa_yazar-anna-barnes","11":"first","12":"instock","13":"sale","14":"shipping-taxable","15":"purchasable","16":"product-type-simple"},"_links":{"self":[{"href":"https:\/\/roveyayinevi.com.tr\/index.php\/wp-json\/wp\/v2\/product\/771558","targetHints":{"allow":["GET"]}}],"collection":[{"href":"https:\/\/roveyayinevi.com.tr\/index.php\/wp-json\/wp\/v2\/product"}],"about":[{"href":"https:\/\/roveyayinevi.com.tr\/index.php\/wp-json\/wp\/v2\/types\/product"}],"wp:attachment":[{"href":"https:\/\/roveyayinevi.com.tr\/index.php\/wp-json\/wp\/v2\/media?parent=771558"}],"wp:term":[{"taxonomy":"product_brand","embeddable":true,"href":"https:\/\/roveyayinevi.com.tr\/index.php\/wp-json\/wp\/v2\/product_brand?post=771558"},{"taxonomy":"product_cat","embeddable":true,"href":"https:\/\/roveyayinevi.com.tr\/index.php\/wp-json\/wp\/v2\/product_cat?post=771558"},{"taxonomy":"product_tag","embeddable":true,"href":"https:\/\/roveyayinevi.com.tr\/index.php\/wp-json\/wp\/v2\/product_tag?post=771558"}],"curies":[{"name":"wp","href":"https:\/\/api.w.org\/{rel}","templated":true}]}}