{"id":771557,"date":"2025-08-28T15:09:38","date_gmt":"2025-08-28T12:09:38","guid":{"rendered":"https:\/\/roveyayinevi.com.tr\/index.php\/urun\/ozguvenin-tamiri\/"},"modified":"2026-04-15T03:37:49","modified_gmt":"2026-04-15T00:37:49","slug":"ozguvenin-tamiri","status":"publish","type":"product","link":"https:\/\/roveyayinevi.com.tr\/index.php\/urun\/ozguvenin-tamiri\/","title":{"rendered":"\u00d6zg\u00fcvenin Tamiri"},"content":{"rendered":"<p>\u00d6zg\u00fcven, becerilerinize inanman\u0131z ve ba\u015faraca\u011f\u0131n\u0131z\u0131 bilerek kendinizi g\u00fcvende hissetmenizdir. Hi\u00e7 kimse do\u011fu\u015ftan \u00f6zg\u00fcvenli de\u011fildir, ancak kendinize g\u00f6sterdi\u011finiz ilgi, nezaket ve sayg\u0131yla \u00f6zg\u00fcveninizi bizzat siz in\u015fa edebilirsiniz. Elbette bir insan\u0131n hayat\u0131n her alan\u0131nda \u00f6zg\u00fcvenli olmas\u0131n\u0131 bekleyemeyiz ancak zor anlarda kendini yat\u0131\u015ft\u0131rabilmek, ba\u015far\u0131s\u0131zl\u0131k kar\u015f\u0131s\u0131nda cesaret tohumlar\u0131n\u0131 b\u00fcy\u00fctmek \u00f6zg\u00fcvenli insan\u0131n i\u015fidir. \u00d6zg\u00fcvenin Tamiri \u00f6zg\u00fcveninizin neden zay\u0131f oldu\u011funu, kendinize bu konuda nas\u0131l destek verebilece\u011finizi, hayata olan bak\u0131\u015f a\u00e7\u0131n\u0131z\u0131 nas\u0131l de\u011fi\u015ftirebilece\u011finizi anlaman\u0131z\u0131 sa\u011fl\u0131yor ve bu konuyu \u00e7\u00f6zd\u00fckten sonra olumsuz d\u00fc\u015f\u00fcnce ve davran\u0131\u015f kal\u0131plar\u0131n\u0131z\u0131 etkisiz h\u00e2le getirmek i\u00e7in gerekli ipu\u00e7lar\u0131n\u0131 veriyor. Okuduktan sonra kendinize kocaman bir \u201cAferin!\u201d vereceksiniz.<\/p>\n","protected":false},"excerpt":{"rendered":"<p>\u00d6zg\u00fcven, becerilerinize inanman\u0131z ve ba\u015faraca\u011f\u0131n\u0131z\u0131 bilerek kendinizi g\u00fcvende hissetmenizdir. Hi\u00e7 kimse do\u011fu\u015ftan \u00f6zg\u00fcvenli de\u011fildir, ancak kendinize g\u00f6sterdi\u011finiz ilgi, nezaket ve sayg\u0131yla \u00f6zg\u00fcveninizi bizzat siz in\u015fa edebilirsiniz.<span class=\"excerpt-hellip\"> [\u2026]<\/span><\/p>\n","protected":false},"featured_media":0,"template":"","meta":{"_monsterinsights_skip_tracking":false,"_monsterinsights_sitenote_active":false,"_monsterinsights_sitenote_note":"","_monsterinsights_sitenote_category":0},"product_brand":[],"product_cat":[12357],"product_tag":[],"class_list":{"0":"post-771557","1":"product","2":"type-product","3":"status-publish","5":"product_cat-psikoloji","6":"pa_cilt-ciltsiz","7":"pa_tur-kitap","8":"pa_yayinevi-literatur-yayinevi","9":"pa_yazar-debbi-marco","11":"first","12":"instock","13":"sale","14":"shipping-taxable","15":"purchasable","16":"product-type-simple"},"_links":{"self":[{"href":"https:\/\/roveyayinevi.com.tr\/index.php\/wp-json\/wp\/v2\/product\/771557","targetHints":{"allow":["GET"]}}],"collection":[{"href":"https:\/\/roveyayinevi.com.tr\/index.php\/wp-json\/wp\/v2\/product"}],"about":[{"href":"https:\/\/roveyayinevi.com.tr\/index.php\/wp-json\/wp\/v2\/types\/product"}],"wp:attachment":[{"href":"https:\/\/roveyayinevi.com.tr\/index.php\/wp-json\/wp\/v2\/media?parent=771557"}],"wp:term":[{"taxonomy":"product_brand","embeddable":true,"href":"https:\/\/roveyayinevi.com.tr\/index.php\/wp-json\/wp\/v2\/product_brand?post=771557"},{"taxonomy":"product_cat","embeddable":true,"href":"https:\/\/roveyayinevi.com.tr\/index.php\/wp-json\/wp\/v2\/product_cat?post=771557"},{"taxonomy":"product_tag","embeddable":true,"href":"https:\/\/roveyayinevi.com.tr\/index.php\/wp-json\/wp\/v2\/product_tag?post=771557"}],"curies":[{"name":"wp","href":"https:\/\/api.w.org\/{rel}","templated":true}]}}