{"id":771556,"date":"2025-08-28T15:09:36","date_gmt":"2025-08-28T12:09:36","guid":{"rendered":"https:\/\/roveyayinevi.com.tr\/index.php\/urun\/alp-aydinlik-ada-ulkesinde\/"},"modified":"2026-04-15T03:37:49","modified_gmt":"2026-04-15T00:37:49","slug":"alp-aydinlik-ada-ulkesinde","status":"publish","type":"product","link":"https:\/\/roveyayinevi.com.tr\/index.php\/urun\/alp-aydinlik-ada-ulkesinde\/","title":{"rendered":"Alp Ayd\u0131nl\u0131k Ada \u00dclkesinde"},"content":{"rendered":"<p>Bir ilkbahar sabah\u0131 Alp, bah\u00e7ede yaln\u0131z ba\u015f\u0131nayken gizemli bir kelebek belirir. Bu kar\u015f\u0131la\u015fma, onu bamba\u015fka bir d\u00fcnyan\u0131n kap\u0131s\u0131na g\u00f6t\u00fcr\u00fcr. G\u00f6ky\u00fcz\u00fcnde ba\u015flayan bu yolculuk, sadece d\u0131\u015far\u0131ya de\u011fil, Alp\u2019in kalbine de a\u00e7\u0131l\u0131r. Yeni yerler, gizemli bitkiler ve beklenmedik dostluklar onu beklemektedir. Her ad\u0131mda cesaret, sevgi ve \u00f6zlemin i\u00e7 i\u00e7e ge\u00e7ti\u011fi bir s\u0131navla kar\u015f\u0131la\u015f\u0131r. K\u00fc\u00e7\u00fck bir \u00e7ocuk, b\u00fcy\u00fck kararlar vermek zorunda kal\u0131r. G\u00f6rd\u00fc\u011f\u00fc her \u015fey, bildi\u011fi her \u015feyi sorgulamas\u0131na neden olur. Peki, Alp bu yolculu\u011fun sonunda neye ula\u015facak? <\/p>\n","protected":false},"excerpt":{"rendered":"<p>Bir ilkbahar sabah\u0131 Alp, bah\u00e7ede yaln\u0131z ba\u015f\u0131nayken gizemli bir kelebek belirir. Bu kar\u015f\u0131la\u015fma, onu bamba\u015fka bir d\u00fcnyan\u0131n kap\u0131s\u0131na g\u00f6t\u00fcr\u00fcr. G\u00f6ky\u00fcz\u00fcnde ba\u015flayan bu yolculuk, sadece d\u0131\u015far\u0131ya de\u011fil,<span class=\"excerpt-hellip\"> [\u2026]<\/span><\/p>\n","protected":false},"featured_media":0,"template":"","meta":{"_monsterinsights_skip_tracking":false,"_monsterinsights_sitenote_active":false,"_monsterinsights_sitenote_note":"","_monsterinsights_sitenote_category":0},"product_brand":[],"product_cat":[12274,12284],"product_tag":[],"class_list":{"0":"post-771556","1":"product","2":"type-product","3":"status-publish","5":"product_cat-cocuk-ve-genclik-kitaplari","6":"product_cat-hikayeler","7":"pa_cilt-ciltsiz","8":"pa_tur-kitap","9":"pa_yayinevi-gulnar-yayinlari","10":"pa_yazar-ceylan-yilmaz","12":"first","13":"instock","14":"sale","15":"shipping-taxable","16":"purchasable","17":"product-type-simple"},"_links":{"self":[{"href":"https:\/\/roveyayinevi.com.tr\/index.php\/wp-json\/wp\/v2\/product\/771556","targetHints":{"allow":["GET"]}}],"collection":[{"href":"https:\/\/roveyayinevi.com.tr\/index.php\/wp-json\/wp\/v2\/product"}],"about":[{"href":"https:\/\/roveyayinevi.com.tr\/index.php\/wp-json\/wp\/v2\/types\/product"}],"wp:attachment":[{"href":"https:\/\/roveyayinevi.com.tr\/index.php\/wp-json\/wp\/v2\/media?parent=771556"}],"wp:term":[{"taxonomy":"product_brand","embeddable":true,"href":"https:\/\/roveyayinevi.com.tr\/index.php\/wp-json\/wp\/v2\/product_brand?post=771556"},{"taxonomy":"product_cat","embeddable":true,"href":"https:\/\/roveyayinevi.com.tr\/index.php\/wp-json\/wp\/v2\/product_cat?post=771556"},{"taxonomy":"product_tag","embeddable":true,"href":"https:\/\/roveyayinevi.com.tr\/index.php\/wp-json\/wp\/v2\/product_tag?post=771556"}],"curies":[{"name":"wp","href":"https:\/\/api.w.org\/{rel}","templated":true}]}}