{"id":771554,"date":"2025-08-28T15:09:32","date_gmt":"2025-08-28T12:09:32","guid":{"rendered":"https:\/\/roveyayinevi.com.tr\/index.php\/urun\/kendini-de-seven-anne\/"},"modified":"2026-04-15T03:37:49","modified_gmt":"2026-04-15T00:37:49","slug":"kendini-de-seven-anne","status":"publish","type":"product","link":"https:\/\/roveyayinevi.com.tr\/index.php\/urun\/kendini-de-seven-anne\/","title":{"rendered":"Kendini de Seven Anne"},"content":{"rendered":"<p>Anneler G\u00fcn\u00fc bir g\u00fcn de\u011fil her g\u00fcnd\u00fcr Anne olmak ba\u015fka hi\u00e7bir \u015feye benzemez. Bebe\u011fine duydu\u011fun sonsuz ba\u011fl\u0131l\u0131k inan\u0131lmaz derecede g\u00fc\u00e7l\u00fcd\u00fcr. Ancak bir bebe\u011fin ilk on iki ay\u0131, pek \u00e7ok yeni anneye duygusal ini\u015f \u00e7\u0131k\u0131\u015flar ya\u015fatabilir. Bu d\u00f6nemin b\u00fcy\u00fck bir k\u0131sm\u0131n\u0131 sevgi ve cinnet aras\u0131nda gidip gelerek bu k\u00fc\u00e7\u00fcc\u00fck, muhte\u015fem insan\u0131n bunca kaostan nas\u0131l sorumlu olabilece\u011fine hayret ederek ge\u00e7irebilirsin. Bebe\u011finle ilgilenmek \u00f6ncelikli olsa da di\u011fer birincil ki\u015fiyi, yani KEND\u0130N\u0130 ihmal etmemelisin. E\u011fer kendine iyi bak\u0131p ihtiya\u00e7lar\u0131n\u0131 \u00f6nemsersen, bebe\u011finle aranda daha sa\u011fl\u0131kl\u0131 ve sa\u011flam bir ba\u011f kurars\u0131n. 365 ipucu ve \u00f6z bak\u0131m \u00f6nerileriyle dolu Kendini de Seven Anne seni bir b\u00fct\u00fcn olarak d\u00f6n\u00fc\u015ft\u00fcren bu deneyim boyunca her g\u00fcn elinden tutan en yeni ve en iyi arkada\u015f\u0131n olacak. \u00c7\u00fcnk\u00fc sen kendini seversen, bebe\u011fin mutlu bir anneyle b\u00fcy\u00fcyecek.<\/p>\n","protected":false},"excerpt":{"rendered":"<p>Anneler G\u00fcn\u00fc bir g\u00fcn de\u011fil her g\u00fcnd\u00fcr Anne olmak ba\u015fka hi\u00e7bir \u015feye benzemez. Bebe\u011fine duydu\u011fun sonsuz ba\u011fl\u0131l\u0131k inan\u0131lmaz derecede g\u00fc\u00e7l\u00fcd\u00fcr. Ancak bir bebe\u011fin ilk on iki<span class=\"excerpt-hellip\"> [\u2026]<\/span><\/p>\n","protected":false},"featured_media":0,"template":"","meta":{"_monsterinsights_skip_tracking":false,"_monsterinsights_sitenote_active":false,"_monsterinsights_sitenote_note":"","_monsterinsights_sitenote_category":0},"product_brand":[],"product_cat":[17996,12364],"product_tag":[],"class_list":{"0":"post-771554","1":"product","2":"type-product","3":"status-publish","5":"product_cat-ebeveyn-kitaplari","6":"product_cat-genel-konular","7":"pa_cilt-ciltsiz","8":"pa_tur-kitap","9":"pa_yayinevi-literatur-yayinevi","10":"pa_yazar-zeena-moolla","12":"first","13":"instock","14":"sale","15":"shipping-taxable","16":"purchasable","17":"product-type-simple"},"_links":{"self":[{"href":"https:\/\/roveyayinevi.com.tr\/index.php\/wp-json\/wp\/v2\/product\/771554","targetHints":{"allow":["GET"]}}],"collection":[{"href":"https:\/\/roveyayinevi.com.tr\/index.php\/wp-json\/wp\/v2\/product"}],"about":[{"href":"https:\/\/roveyayinevi.com.tr\/index.php\/wp-json\/wp\/v2\/types\/product"}],"wp:attachment":[{"href":"https:\/\/roveyayinevi.com.tr\/index.php\/wp-json\/wp\/v2\/media?parent=771554"}],"wp:term":[{"taxonomy":"product_brand","embeddable":true,"href":"https:\/\/roveyayinevi.com.tr\/index.php\/wp-json\/wp\/v2\/product_brand?post=771554"},{"taxonomy":"product_cat","embeddable":true,"href":"https:\/\/roveyayinevi.com.tr\/index.php\/wp-json\/wp\/v2\/product_cat?post=771554"},{"taxonomy":"product_tag","embeddable":true,"href":"https:\/\/roveyayinevi.com.tr\/index.php\/wp-json\/wp\/v2\/product_tag?post=771554"}],"curies":[{"name":"wp","href":"https:\/\/api.w.org\/{rel}","templated":true}]}}