{"id":771550,"date":"2025-08-28T15:09:24","date_gmt":"2025-08-28T12:09:24","guid":{"rendered":"https:\/\/roveyayinevi.com.tr\/index.php\/urun\/kiz-kulesi\/"},"modified":"2026-04-15T03:37:49","modified_gmt":"2026-04-15T00:37:49","slug":"kiz-kulesi","status":"publish","type":"product","link":"https:\/\/roveyayinevi.com.tr\/index.php\/urun\/kiz-kulesi\/","title":{"rendered":"K\u0131z Kulesi"},"content":{"rendered":"<p>R\u00fczg\u00e2r\u0131 \u00e7ektim o saatte doyas\u0131ya ci\u011ferlerime, Farkl\u0131 bir \u00e7i\u00e7ek kokusu gibi geldi bana gece, Sonra birden atlay\u0131verdim yery\u00fcz\u00fcne, Gelincik tarlas\u0131na d\u00fc\u015fm\u00fc\u015f gibiydim, Her yer k\u0131pk\u0131rm\u0131z\u0131 gelincik\u2026 Ana vatandayd\u0131m yine d\u00fcn gece\u2026   Hayal miydi t\u00fcm o g\u00fczellikler, Belki de,  ya hayaldi, ya da r\u00fcya\u2026 Sessiz sinemada film seyreder gibi Kendimi seyrettim sessizce d\u00fcn gece, Sonra ya\u011fan s\u0131cak kar\u0131 seyrettim ince ince. Doyamad\u0131m, doyamad\u0131m onca g\u00fczelli\u011fe, <\/p>\n","protected":false},"excerpt":{"rendered":"<p>R\u00fczg\u00e2r\u0131 \u00e7ektim o saatte doyas\u0131ya ci\u011ferlerime, Farkl\u0131 bir \u00e7i\u00e7ek kokusu gibi geldi bana gece, Sonra birden atlay\u0131verdim yery\u00fcz\u00fcne, Gelincik tarlas\u0131na d\u00fc\u015fm\u00fc\u015f gibiydim, Her yer k\u0131pk\u0131rm\u0131z\u0131 gelincik\u2026<span class=\"excerpt-hellip\"> [\u2026]<\/span><\/p>\n","protected":false},"featured_media":0,"template":"","meta":{"_monsterinsights_skip_tracking":false,"_monsterinsights_sitenote_active":false,"_monsterinsights_sitenote_note":"","_monsterinsights_sitenote_category":0},"product_brand":[],"product_cat":[12291,12509],"product_tag":[],"class_list":{"0":"post-771550","1":"product","2":"type-product","3":"status-publish","5":"product_cat-edebiyat","6":"product_cat-siir","7":"pa_cilt-ciltsiz","8":"pa_tur-kitap","9":"pa_yayinevi-defne-yayinevi","10":"pa_yazar-birgul-kapaklikaya","12":"first","13":"instock","14":"sale","15":"shipping-taxable","16":"purchasable","17":"product-type-simple"},"_links":{"self":[{"href":"https:\/\/roveyayinevi.com.tr\/index.php\/wp-json\/wp\/v2\/product\/771550","targetHints":{"allow":["GET"]}}],"collection":[{"href":"https:\/\/roveyayinevi.com.tr\/index.php\/wp-json\/wp\/v2\/product"}],"about":[{"href":"https:\/\/roveyayinevi.com.tr\/index.php\/wp-json\/wp\/v2\/types\/product"}],"wp:attachment":[{"href":"https:\/\/roveyayinevi.com.tr\/index.php\/wp-json\/wp\/v2\/media?parent=771550"}],"wp:term":[{"taxonomy":"product_brand","embeddable":true,"href":"https:\/\/roveyayinevi.com.tr\/index.php\/wp-json\/wp\/v2\/product_brand?post=771550"},{"taxonomy":"product_cat","embeddable":true,"href":"https:\/\/roveyayinevi.com.tr\/index.php\/wp-json\/wp\/v2\/product_cat?post=771550"},{"taxonomy":"product_tag","embeddable":true,"href":"https:\/\/roveyayinevi.com.tr\/index.php\/wp-json\/wp\/v2\/product_tag?post=771550"}],"curies":[{"name":"wp","href":"https:\/\/api.w.org\/{rel}","templated":true}]}}