{"id":771545,"date":"2025-08-28T15:09:10","date_gmt":"2025-08-28T12:09:10","guid":{"rendered":"https:\/\/roveyayinevi.com.tr\/index.php\/urun\/perg-efsaneleri-3-bataklik-ulke\/"},"modified":"2026-04-15T03:37:49","modified_gmt":"2026-04-15T00:37:49","slug":"perg-efsaneleri-3-bataklik-ulke","status":"publish","type":"product","link":"https:\/\/roveyayinevi.com.tr\/index.php\/urun\/perg-efsaneleri-3-bataklik-ulke\/","title":{"rendered":"Perg Efsaneleri 3 \u2013 Batakl\u0131k \u00dclke"},"content":{"rendered":"<p>&#8220;\u00d6zg\u00fcr B\u00f6lge&#8217;ye ho\u015f geldiniz gezginler. Y\u00fcre\u011finizde neyle geldiyseniz, y\u00fcre\u011fimizde onu bulacaks\u0131n\u0131z.&#8221; Kahramanlar\u0131m\u0131z, Merderan&#8217;a verdikleri s\u00f6z\u00fc tutmak i\u00e7in Perg&#8217;in gizemli topraklar\u0131na, Batakl\u0131k \u00dclke Fuoli&#8217;ye do\u011fru yelken a\u00e7\u0131yorlar. Daha \u00f6nce t\u00fcrl\u00fc canavarlarla sava\u015ft\u0131klar\u0131 maceralar\u0131 d\u00fc\u015f\u00fcn\u00fcnce bu yolculu\u011fun olays\u0131z ge\u00e7mesini umuyorlar. Ancak onlar\u0131 yeni d\u00fc\u015fmanlar, yeni dostluklar ve bir\u00e7ok s\u00fcrpriz bekliyor. Batakl\u0131k \u00dclke&#8217;nin iki \u015fehri bir sava\u015f\u0131n e\u015fi\u011finde. \u015eehirleri y\u00f6neten emirlerin inan\u0131\u015flar\u0131 g\u00f6zlerini k\u00f6r etmi\u015f ve batakl\u0131\u011f\u0131n derinliklerinde uyuyan canavarlar\u0131 uyand\u0131rmak \u00fczereler. Leofold, Guorin, Nela ve Nume bu sava\u015f\u0131 \u00f6nlemek i\u00e7in kay\u0131p bir veliaht\u0131 bulmal\u0131, gizli bir \u00f6rg\u00fct\u00fc alt etmeli ve \u00d6zg\u00fcr B\u00f6lge&#8217;yi korumal\u0131lar. Perg Efsaneleri serisinin bu \u00fc\u00e7\u00fcnc\u00fc kitab\u0131nda k\u00f6r inan\u00e7lar\u0131n yol a\u00e7t\u0131\u011f\u0131 felaketleri, iktidar h\u0131rs\u0131na kar\u015f\u0131 \u00f6zg\u00fcrl\u00fc\u011f\u00fcn g\u00fcc\u00fcn\u00fc okuyacak; karanl\u0131klara g\u00f6m\u00fclen ruhlar\u0131n tek kurtulu\u015funun sevgi oldu\u011funa \u015fahit olacaks\u0131n\u0131z. <\/p>\n","protected":false},"excerpt":{"rendered":"<p>&#8220;\u00d6zg\u00fcr B\u00f6lge&#8217;ye ho\u015f geldiniz gezginler. Y\u00fcre\u011finizde neyle geldiyseniz, y\u00fcre\u011fimizde onu bulacaks\u0131n\u0131z.&#8221; Kahramanlar\u0131m\u0131z, Merderan&#8217;a verdikleri s\u00f6z\u00fc tutmak i\u00e7in Perg&#8217;in gizemli topraklar\u0131na, Batakl\u0131k \u00dclke Fuoli&#8217;ye do\u011fru yelken a\u00e7\u0131yorlar.<span class=\"excerpt-hellip\"> [\u2026]<\/span><\/p>\n","protected":false},"featured_media":0,"template":"","meta":{"_monsterinsights_skip_tracking":false,"_monsterinsights_sitenote_active":false,"_monsterinsights_sitenote_note":"","_monsterinsights_sitenote_category":0},"product_brand":[],"product_cat":[12291,14777],"product_tag":[],"class_list":{"0":"post-771545","1":"product","2":"type-product","3":"status-publish","5":"product_cat-edebiyat","6":"product_cat-fantastik","7":"pa_cilt-ciltsiz","8":"pa_tur-kitap","9":"pa_yayinevi-x-libris","10":"pa_yazar-baris-mustecaplioglu","12":"first","13":"instock","14":"sale","15":"shipping-taxable","16":"purchasable","17":"product-type-simple"},"_links":{"self":[{"href":"https:\/\/roveyayinevi.com.tr\/index.php\/wp-json\/wp\/v2\/product\/771545","targetHints":{"allow":["GET"]}}],"collection":[{"href":"https:\/\/roveyayinevi.com.tr\/index.php\/wp-json\/wp\/v2\/product"}],"about":[{"href":"https:\/\/roveyayinevi.com.tr\/index.php\/wp-json\/wp\/v2\/types\/product"}],"wp:attachment":[{"href":"https:\/\/roveyayinevi.com.tr\/index.php\/wp-json\/wp\/v2\/media?parent=771545"}],"wp:term":[{"taxonomy":"product_brand","embeddable":true,"href":"https:\/\/roveyayinevi.com.tr\/index.php\/wp-json\/wp\/v2\/product_brand?post=771545"},{"taxonomy":"product_cat","embeddable":true,"href":"https:\/\/roveyayinevi.com.tr\/index.php\/wp-json\/wp\/v2\/product_cat?post=771545"},{"taxonomy":"product_tag","embeddable":true,"href":"https:\/\/roveyayinevi.com.tr\/index.php\/wp-json\/wp\/v2\/product_tag?post=771545"}],"curies":[{"name":"wp","href":"https:\/\/api.w.org\/{rel}","templated":true}]}}