{"id":771543,"date":"2025-08-28T15:09:03","date_gmt":"2025-08-28T12:09:03","guid":{"rendered":"https:\/\/roveyayinevi.com.tr\/index.php\/urun\/hepimiz-burada-yasiyoruz\/"},"modified":"2026-04-15T03:37:49","modified_gmt":"2026-04-15T00:37:49","slug":"hepimiz-burada-yasiyoruz","status":"publish","type":"product","link":"https:\/\/roveyayinevi.com.tr\/index.php\/urun\/hepimiz-burada-yasiyoruz\/","title":{"rendered":"Hepimiz Burada Ya\u015f\u0131yoruz"},"content":{"rendered":"<p>Bu bir yeniden do\u011fu\u015f ve kendini bulma hik\u00e2yesi, Jojo Moyes\u2019un g\u00fc\u00e7l\u00fc kaleminden ruhunuza dokunacak bir aile roman\u0131na haz\u0131r m\u0131s\u0131n\u0131z?   Lila Kennedy\u2019nin ba\u015f\u0131 olduk\u00e7a dertte. Y\u0131k\u0131lm\u0131\u015f bir evlilik, iki asi gen\u00e7 k\u0131z ve da\u011f\u0131lmak \u00fczere olan bir evle u\u011fra\u015f\u0131yor. Sessizce yanlar\u0131na ta\u015f\u0131nm\u0131\u015f ya\u015fl\u0131 \u00fcvey babas\u0131yla nas\u0131l ba\u015fa \u00e7\u0131kmas\u0131 gerekti\u011finden hi\u00e7 emin de\u011fil.   Bir zamanlar umut vadeden kariyeri \u015fimdi serbest d\u00fc\u015f\u00fc\u015fte, a\u015fk hayat\u0131 ise&#8230; karmakar\u0131\u015f\u0131k.   Hayat\u0131n\u0131 tamamen g\u00fcvenli bir noktaya ta\u015f\u0131d\u0131\u011f\u0131n\u0131 d\u00fc\u015f\u00fcnd\u00fc\u011f\u00fc anda t\u00fcm dengeler de\u011fi\u015fti\u011finden, art\u0131k yeni bir plan i\u00e7in kollar\u0131n\u0131 s\u0131vamas\u0131 gerekiyor. Fakat tam o anda barda\u011f\u0131 ta\u015f\u0131ran son damla geliyor; otuz be\u015f y\u0131l \u00f6nce Hollywood\u2019a ka\u00e7t\u0131\u011f\u0131ndan beri neredeyse hi\u00e7 g\u00f6rmedi\u011fi \u00f6z babas\u0131 aniden kap\u0131s\u0131nda beliriyor.   Bazen ailenizi asla affedemeyece\u011finizi d\u00fc\u015f\u00fcn\u00fcrs\u00fcn\u00fcz&#8230; Ancak zamanla sevgi ve aile olman\u0131n ger\u00e7ek anlam\u0131 \u00fczerine hayat\u0131n\u0131za dokunacak onlarca an\u0131 ortaya \u00e7\u0131kar. <\/p>\n","protected":false},"excerpt":{"rendered":"<p>Bu bir yeniden do\u011fu\u015f ve kendini bulma hik\u00e2yesi, Jojo Moyes\u2019un g\u00fc\u00e7l\u00fc kaleminden ruhunuza dokunacak bir aile roman\u0131na haz\u0131r m\u0131s\u0131n\u0131z? Lila Kennedy\u2019nin ba\u015f\u0131 olduk\u00e7a dertte. Y\u0131k\u0131lm\u0131\u015f bir<span class=\"excerpt-hellip\"> [\u2026]<\/span><\/p>\n","protected":false},"featured_media":0,"template":"","meta":{"_monsterinsights_skip_tracking":false,"_monsterinsights_sitenote_active":false,"_monsterinsights_sitenote_note":"","_monsterinsights_sitenote_category":0},"product_brand":[],"product_cat":[12291,12711],"product_tag":[],"class_list":{"0":"post-771543","1":"product","2":"type-product","3":"status-publish","5":"product_cat-edebiyat","6":"product_cat-roman-oyku","7":"pa_cilt-ciltsiz","8":"pa_tur-kitap","9":"pa_yayinevi-dex-yayinevi","10":"pa_yazar-jojo-moyes","12":"first","13":"instock","14":"sale","15":"shipping-taxable","16":"purchasable","17":"product-type-simple"},"_links":{"self":[{"href":"https:\/\/roveyayinevi.com.tr\/index.php\/wp-json\/wp\/v2\/product\/771543","targetHints":{"allow":["GET"]}}],"collection":[{"href":"https:\/\/roveyayinevi.com.tr\/index.php\/wp-json\/wp\/v2\/product"}],"about":[{"href":"https:\/\/roveyayinevi.com.tr\/index.php\/wp-json\/wp\/v2\/types\/product"}],"wp:attachment":[{"href":"https:\/\/roveyayinevi.com.tr\/index.php\/wp-json\/wp\/v2\/media?parent=771543"}],"wp:term":[{"taxonomy":"product_brand","embeddable":true,"href":"https:\/\/roveyayinevi.com.tr\/index.php\/wp-json\/wp\/v2\/product_brand?post=771543"},{"taxonomy":"product_cat","embeddable":true,"href":"https:\/\/roveyayinevi.com.tr\/index.php\/wp-json\/wp\/v2\/product_cat?post=771543"},{"taxonomy":"product_tag","embeddable":true,"href":"https:\/\/roveyayinevi.com.tr\/index.php\/wp-json\/wp\/v2\/product_tag?post=771543"}],"curies":[{"name":"wp","href":"https:\/\/api.w.org\/{rel}","templated":true}]}}