{"id":771540,"date":"2025-08-28T15:08:55","date_gmt":"2025-08-28T12:08:55","guid":{"rendered":"https:\/\/roveyayinevi.com.tr\/index.php\/urun\/gezegen-gezgini-1\/"},"modified":"2026-04-15T03:37:49","modified_gmt":"2026-04-15T00:37:49","slug":"gezegen-gezgini-1","status":"publish","type":"product","link":"https:\/\/roveyayinevi.com.tr\/index.php\/urun\/gezegen-gezgini-1\/","title":{"rendered":"Gezegen Gezgini 1"},"content":{"rendered":"<p>Herkesin Uyudu\u011fu Bir Gezegende Uyan\u0131k Birini Arayan Bir Gezginin Hik\u00e2yesiBaz\u0131 gezegenlerde, insanlar \u201cTobias a\u011fac\u0131\u201dn\u0131n yayd\u0131\u011f\u0131 zehir y\u00fcz\u00fcnden uyanamad\u0131klar\u0131 uykulara dalarlar. Sakinlerinin uykuya dald\u0131\u011f\u0131 gezegenlere \u201cuyuyan gezegenler\u201d denir. G\u00f6kevi Hayalet Gezileri isimli \u015firketin \u00e7al\u0131\u015fan\u0131 olan 303, uyuyan gezegenlere seyahat ederek buralar\u0131n k\u00fclt\u00fcrlerini kay\u0131t alt\u0131na al\u0131r ve g\u00f6rd\u00fc\u011f\u00fc s\u0131ra d\u0131\u015f\u0131 \u015feyleri not eder. Bu esnada Tobias a\u011fac\u0131n\u0131n zehrine direnen insanlarla kar\u015f\u0131la\u015f\u0131r ve onlar\u0131n hik\u00e2yelerini dinler.Gezegen Gezgini 1, \u00e7izer ve manga sanat\u00e7\u0131s\u0131 olan Sakatsuki Sakana\u2019n\u0131n ikinci, Gezegen Gezgini serisininse birinci kitab\u0131. 303\u2019\u00fcn ziyaret etti\u011fi gezegenleri ve orada kar\u015f\u0131la\u015ft\u0131\u011f\u0131 \u015fa\u015f\u0131rt\u0131c\u0131 k\u00fclt\u00fcrleri anlatan Gezegen Gezgini\u2019nde 303, tan\u0131\u015ft\u0131\u011f\u0131 insanlar\u0131n bir g\u00fcn uykuya dal\u0131p bir daha uyanmayacaklar\u0131n\u0131 bildi\u011fi i\u00e7in ziyaret etti\u011fi gezegenlerden kalbi k\u0131r\u0131k bir \u015fekilde ayr\u0131l\u0131yor. Gezegen Gezgini, uyuyan gezegenlerde h\u00e2l\u00e2 uyan\u0131k birilerinin oldu\u011funu umut eden bir kahraman\u0131n hik\u00e2yesi.<\/p>\n","protected":false},"excerpt":{"rendered":"<p>Herkesin Uyudu\u011fu Bir Gezegende Uyan\u0131k Birini Arayan Bir Gezginin Hik\u00e2yesiBaz\u0131 gezegenlerde, insanlar \u201cTobias a\u011fac\u0131\u201dn\u0131n yayd\u0131\u011f\u0131 zehir y\u00fcz\u00fcnden uyanamad\u0131klar\u0131 uykulara dalarlar. Sakinlerinin uykuya dald\u0131\u011f\u0131 gezegenlere \u201cuyuyan gezegenler\u201d<span class=\"excerpt-hellip\"> [\u2026]<\/span><\/p>\n","protected":false},"featured_media":0,"template":"","meta":{"_monsterinsights_skip_tracking":false,"_monsterinsights_sitenote_active":false,"_monsterinsights_sitenote_note":"","_monsterinsights_sitenote_category":0},"product_brand":[],"product_cat":[12416,12291],"product_tag":[],"class_list":{"0":"post-771540","1":"product","2":"type-product","3":"status-publish","5":"product_cat-cizgi-roman","6":"product_cat-edebiyat","7":"pa_cilt-ciltsiz","8":"pa_tur-kitap","9":"pa_yayinevi-yuzu-kitap","10":"pa_yazar-sakana-sakatsuki","12":"first","13":"instock","14":"sale","15":"shipping-taxable","16":"purchasable","17":"product-type-simple"},"_links":{"self":[{"href":"https:\/\/roveyayinevi.com.tr\/index.php\/wp-json\/wp\/v2\/product\/771540","targetHints":{"allow":["GET"]}}],"collection":[{"href":"https:\/\/roveyayinevi.com.tr\/index.php\/wp-json\/wp\/v2\/product"}],"about":[{"href":"https:\/\/roveyayinevi.com.tr\/index.php\/wp-json\/wp\/v2\/types\/product"}],"wp:attachment":[{"href":"https:\/\/roveyayinevi.com.tr\/index.php\/wp-json\/wp\/v2\/media?parent=771540"}],"wp:term":[{"taxonomy":"product_brand","embeddable":true,"href":"https:\/\/roveyayinevi.com.tr\/index.php\/wp-json\/wp\/v2\/product_brand?post=771540"},{"taxonomy":"product_cat","embeddable":true,"href":"https:\/\/roveyayinevi.com.tr\/index.php\/wp-json\/wp\/v2\/product_cat?post=771540"},{"taxonomy":"product_tag","embeddable":true,"href":"https:\/\/roveyayinevi.com.tr\/index.php\/wp-json\/wp\/v2\/product_tag?post=771540"}],"curies":[{"name":"wp","href":"https:\/\/api.w.org\/{rel}","templated":true}]}}