{"id":771536,"date":"2025-08-28T15:08:46","date_gmt":"2025-08-28T12:08:46","guid":{"rendered":"https:\/\/roveyayinevi.com.tr\/index.php\/urun\/munacatname\/"},"modified":"2026-04-15T03:37:49","modified_gmt":"2026-04-15T00:37:49","slug":"munacatname","status":"publish","type":"product","link":"https:\/\/roveyayinevi.com.tr\/index.php\/urun\/munacatname\/","title":{"rendered":"M\u00fcnacatname"},"content":{"rendered":"<p>Ey yolunu \u015fa\u015f\u0131rm\u0131\u015flar\u0131n yol g\u00f6stereni!Ey bi\u00e7arelere \u00e7are, avarelere derman k\u0131lan!Ey da\u011f\u0131lm\u0131\u015flar\u0131 birle\u015ftiren, d\u00fc\u015fm\u00fc\u015fleri kald\u0131ran!Tut elimizden\u2026 M\u00fcn\u00e2c\u00e2tn\u00e2meler edebiyat\u0131n en nadide \u00f6rneklerindendir. Allah\u2019a yakar\u0131\u015f ve tazarrunun en co\u015fkun nidalar\u0131 yank\u0131 bulur bu metinlerde; \u00e7a\u011flar, co\u015far\u2026Fars\u00e7a asl\u0131ndan ilk kez T\u00fcrk\u00e7eye terc\u00fcme edilen Fars edebiyat\u0131n\u0131n usta kalemlerinden mutasavv\u0131f \u015fair H\u00e2ce Abdullah Herev\u00ee\u2019ye ait M\u00fcn\u00e2c\u00e2tn\u00e2me eseri \u00e2deta dua ve yakar\u0131\u015f\u0131n \u00fcslubunu \u00f6\u011fretmekte. A\u015fk\u0131n dolup ta\u015ft\u0131\u011f\u0131, c\u00fcr\u2019alar\u0131n soluksuz i\u00e7ildi\u011fi bu manzumeler, T\u00fcrk edebiyat\u0131nda da \u00e7ok sevilmi\u015f ve neredeyse her \u015fair taraf\u0131ndan bir beyitle bile olsa i\u015flenmeye gayret edilmi\u015ftir.D\u00f6k\u00fcleni toplayan, k\u0131r\u0131lan\u0131 onaran bir merhametin ete\u011findeki insan, yeniden do\u011frulmay\u0131 \u00f6\u011frenir bu metinlerde. Kendi noksan\u0131n\u0131 bilip kusursuz olan y\u00fcce yarat\u0131c\u0131ya olan ba\u011fl\u0131l\u0131\u011f\u0131n, Kur\u2019an-\u0131 Kerim\u2019in ifadesiyle \u201c\u015fah damar\u0131ndan yak\u0131n\u201d oldu\u011funu hat\u0131rlatan bu co\u015fkun metinler insana kendi aczini g\u00f6stermenin yan\u0131 s\u0131ra her solukta yeni bir \u00fcmit tazelemektedir. Ut ve miskim yoksa da asma dal\u0131 getirdimKara y\u00fcz\u00fcm\u00fc ve ak sa\u00e7\u0131m\u0131 getirdim\u00dcmitsizli\u011fin k\u00fcf\u00fcr oldu\u011funu buyurdunEmrine uydum umut dolu bir g\u00f6n\u00fcl getirdim.<\/p>\n","protected":false},"excerpt":{"rendered":"<p>Ey yolunu \u015fa\u015f\u0131rm\u0131\u015flar\u0131n yol g\u00f6stereni!Ey bi\u00e7arelere \u00e7are, avarelere derman k\u0131lan!Ey da\u011f\u0131lm\u0131\u015flar\u0131 birle\u015ftiren, d\u00fc\u015fm\u00fc\u015fleri kald\u0131ran!Tut elimizden\u2026 M\u00fcn\u00e2c\u00e2tn\u00e2meler edebiyat\u0131n en nadide \u00f6rneklerindendir. Allah\u2019a yakar\u0131\u015f ve tazarrunun en co\u015fkun<span class=\"excerpt-hellip\"> [\u2026]<\/span><\/p>\n","protected":false},"featured_media":0,"template":"","meta":{"_monsterinsights_skip_tracking":false,"_monsterinsights_sitenote_active":false,"_monsterinsights_sitenote_note":"","_monsterinsights_sitenote_category":0},"product_brand":[],"product_cat":[12718,12719,15238],"product_tag":[],"class_list":{"0":"post-771536","1":"product","2":"type-product","3":"status-publish","5":"product_cat-din","6":"product_cat-islam","7":"product_cat-tasavvuf","8":"pa_cilt-ciltsiz","9":"pa_tur-kitap","10":"pa_yayinevi-sufi-kitap","11":"pa_yazar-herevi-herevi","13":"first","14":"instock","15":"sale","16":"shipping-taxable","17":"purchasable","18":"product-type-simple"},"_links":{"self":[{"href":"https:\/\/roveyayinevi.com.tr\/index.php\/wp-json\/wp\/v2\/product\/771536","targetHints":{"allow":["GET"]}}],"collection":[{"href":"https:\/\/roveyayinevi.com.tr\/index.php\/wp-json\/wp\/v2\/product"}],"about":[{"href":"https:\/\/roveyayinevi.com.tr\/index.php\/wp-json\/wp\/v2\/types\/product"}],"wp:attachment":[{"href":"https:\/\/roveyayinevi.com.tr\/index.php\/wp-json\/wp\/v2\/media?parent=771536"}],"wp:term":[{"taxonomy":"product_brand","embeddable":true,"href":"https:\/\/roveyayinevi.com.tr\/index.php\/wp-json\/wp\/v2\/product_brand?post=771536"},{"taxonomy":"product_cat","embeddable":true,"href":"https:\/\/roveyayinevi.com.tr\/index.php\/wp-json\/wp\/v2\/product_cat?post=771536"},{"taxonomy":"product_tag","embeddable":true,"href":"https:\/\/roveyayinevi.com.tr\/index.php\/wp-json\/wp\/v2\/product_tag?post=771536"}],"curies":[{"name":"wp","href":"https:\/\/api.w.org\/{rel}","templated":true}]}}