{"id":771535,"date":"2025-08-28T15:08:44","date_gmt":"2025-08-28T12:08:44","guid":{"rendered":"https:\/\/roveyayinevi.com.tr\/index.php\/urun\/ezan-sesi\/"},"modified":"2026-04-15T03:37:49","modified_gmt":"2026-04-15T00:37:49","slug":"ezan-sesi","status":"publish","type":"product","link":"https:\/\/roveyayinevi.com.tr\/index.php\/urun\/ezan-sesi\/","title":{"rendered":"Ezan Sesi"},"content":{"rendered":"<p>Bo\u011faz\u2019da bir yal\u0131, kalbe i\u015fleyen ezan sesi, iki a\u015fk&#8230; Haluk G\u00f6n\u00fclyurdu, hayat\u0131n anlam\u0131n\u0131 ve kendi yolunu arayan gen\u00e7 bir adam. Bo\u011faz\u2019\u0131n sular\u0131nda yank\u0131lanan ezan sesi, i\u00e7inde sorular uyand\u0131r\u0131rken, y\u0131llar sonra yolu yeniden Hazal\u2019la kesi\u015fince a\u015fk\u0131 ke\u015ffeder. Fakat kader sadece a\u015fk\u0131 de\u011fil, aralar\u0131ndaki s\u0131navlar\u0131 da yazm\u0131\u015ft\u0131r. Kalplerine d\u00fc\u015fen sevda onlar\u0131 bir arada tutmaya yetecek mi, yoksa \u0130lahi A\u015fk m\u0131 galip gelecek?Eserleriyle okurlar\u0131nda derin izler b\u0131rakan Ahmed G\u00fcnbay Y\u0131ld\u0131z\u2019dan, kalbinde ezan sesine yer olan herkes i\u00e7in a\u015fk ve maneviyatla \u00f6r\u00fcl\u00fc etkileyici bir roman: Ezan Sesi&#8230;<\/p>\n","protected":false},"excerpt":{"rendered":"<p>Bo\u011faz\u2019da bir yal\u0131, kalbe i\u015fleyen ezan sesi, iki a\u015fk&#8230; Haluk G\u00f6n\u00fclyurdu, hayat\u0131n anlam\u0131n\u0131 ve kendi yolunu arayan gen\u00e7 bir adam. Bo\u011faz\u2019\u0131n sular\u0131nda yank\u0131lanan ezan sesi, i\u00e7inde<span class=\"excerpt-hellip\"> [\u2026]<\/span><\/p>\n","protected":false},"featured_media":0,"template":"","meta":{"_monsterinsights_skip_tracking":false,"_monsterinsights_sitenote_active":false,"_monsterinsights_sitenote_note":"","_monsterinsights_sitenote_category":0},"product_brand":[],"product_cat":[12291,12711],"product_tag":[],"class_list":{"0":"post-771535","1":"product","2":"type-product","3":"status-publish","5":"product_cat-edebiyat","6":"product_cat-roman-oyku","7":"pa_cilt-ciltsiz","8":"pa_tur-kitap","9":"pa_yayinevi-timas-yayinlari","10":"pa_yazar-ahmed-gunbay-yildiz","12":"first","13":"instock","14":"sale","15":"shipping-taxable","16":"purchasable","17":"product-type-simple"},"_links":{"self":[{"href":"https:\/\/roveyayinevi.com.tr\/index.php\/wp-json\/wp\/v2\/product\/771535","targetHints":{"allow":["GET"]}}],"collection":[{"href":"https:\/\/roveyayinevi.com.tr\/index.php\/wp-json\/wp\/v2\/product"}],"about":[{"href":"https:\/\/roveyayinevi.com.tr\/index.php\/wp-json\/wp\/v2\/types\/product"}],"wp:attachment":[{"href":"https:\/\/roveyayinevi.com.tr\/index.php\/wp-json\/wp\/v2\/media?parent=771535"}],"wp:term":[{"taxonomy":"product_brand","embeddable":true,"href":"https:\/\/roveyayinevi.com.tr\/index.php\/wp-json\/wp\/v2\/product_brand?post=771535"},{"taxonomy":"product_cat","embeddable":true,"href":"https:\/\/roveyayinevi.com.tr\/index.php\/wp-json\/wp\/v2\/product_cat?post=771535"},{"taxonomy":"product_tag","embeddable":true,"href":"https:\/\/roveyayinevi.com.tr\/index.php\/wp-json\/wp\/v2\/product_tag?post=771535"}],"curies":[{"name":"wp","href":"https:\/\/api.w.org\/{rel}","templated":true}]}}