{"id":771533,"date":"2025-08-28T15:08:40","date_gmt":"2025-08-28T12:08:40","guid":{"rendered":"https:\/\/roveyayinevi.com.tr\/index.php\/urun\/beyaz-dis-29\/"},"modified":"2026-04-15T03:37:49","modified_gmt":"2026-04-15T00:37:49","slug":"beyaz-dis-29","status":"publish","type":"product","link":"https:\/\/roveyayinevi.com.tr\/index.php\/urun\/beyaz-dis-29\/","title":{"rendered":"Beyaz Di\u015f"},"content":{"rendered":"<p>Ve sonunda bir g\u00fcn Beyaz Di\u015f kul\u00fcbenin a\u00e7\u0131k duran kap\u0131s\u0131ndan bekledi\u011fi felaketin belirtisi olanbavulu g\u00f6rd\u00fc. Sevgili efendisi e\u015fyalar\u0131n\u0131 bavula yerle\u015ftiriyordu. \u00dcstelik bir s\u00fcr\u00fc gidip gelenoluyordu. Kul\u00fcbenin o al\u0131\u015f\u0131lm\u0131\u015f, sakin havas\u0131n\u0131n yerinde yeller esiyordu \u015fimdi, art\u0131k bir hayhuydur, garip bir karga\u015fal\u0131kt\u0131r g\u0131rla gidiyordu. \u0130\u015fte b\u00fct\u00fcn bunlar bekledi\u011fi felaketin kesinbelirtileriydi.Beyaz Di\u015f o ana dek yaln\u0131zca \u00f6nseziyle kestirebildi\u011fi \u015feyi \u015fimdi g\u00f6z\u00fcyle g\u00f6r\u00fcyor, daha iyikavr\u0131yordu. Sevgili efendisi ka\u00e7maya haz\u0131rlan\u0131yordu. Ge\u00e7en gidi\u015finde kendisini g\u00f6t\u00fcrmemi\u015fti,\u00f6yleyse hi\u00e7 ku\u015fkusuz \u015fimdi de g\u00f6t\u00fcrmeyecekti.O gece tam bir kurt gibi uzun uzun uludu. T\u0131pk\u0131 yavruyken ormandan ka\u00e7\u0131p kampa d\u00f6nd\u00fc\u011f\u00fc veGri Kunduz&#8217;un \u00e7ad\u0131r\u0131n\u0131n oldu\u011fu yerde \u00e7erden \u00e7\u00f6pten ba\u015fka bir \u015fey bulamad\u0131\u011f\u0131 zamanki gibi\u015fimdi de burnunu y\u0131ld\u0131zlara do\u011fru kald\u0131rm\u0131\u015f, i\u00e7ini onlara d\u00f6k\u00fcyordu. Kul\u00fcbedekiler yatal\u0131 pekfazla olmam\u0131\u015ft\u0131.<\/p>\n","protected":false},"excerpt":{"rendered":"<p>Ve sonunda bir g\u00fcn Beyaz Di\u015f kul\u00fcbenin a\u00e7\u0131k duran kap\u0131s\u0131ndan bekledi\u011fi felaketin belirtisi olanbavulu g\u00f6rd\u00fc. Sevgili efendisi e\u015fyalar\u0131n\u0131 bavula yerle\u015ftiriyordu. \u00dcstelik bir s\u00fcr\u00fc gidip gelenoluyordu. Kul\u00fcbenin<span class=\"excerpt-hellip\"> [\u2026]<\/span><\/p>\n","protected":false},"featured_media":0,"template":"","meta":{"_monsterinsights_skip_tracking":false,"_monsterinsights_sitenote_active":false,"_monsterinsights_sitenote_note":"","_monsterinsights_sitenote_category":0},"product_brand":[],"product_cat":[12274,12284],"product_tag":[],"class_list":{"0":"post-771533","1":"product","2":"type-product","3":"status-publish","5":"product_cat-cocuk-ve-genclik-kitaplari","6":"product_cat-hikayeler","7":"pa_cilt-ciltsiz","8":"pa_tur-kitap","9":"pa_yayinevi-yediveren-cocuk","10":"pa_yazar-jack-london","12":"first","13":"instock","14":"sale","15":"shipping-taxable","16":"purchasable","17":"product-type-simple"},"_links":{"self":[{"href":"https:\/\/roveyayinevi.com.tr\/index.php\/wp-json\/wp\/v2\/product\/771533","targetHints":{"allow":["GET"]}}],"collection":[{"href":"https:\/\/roveyayinevi.com.tr\/index.php\/wp-json\/wp\/v2\/product"}],"about":[{"href":"https:\/\/roveyayinevi.com.tr\/index.php\/wp-json\/wp\/v2\/types\/product"}],"wp:attachment":[{"href":"https:\/\/roveyayinevi.com.tr\/index.php\/wp-json\/wp\/v2\/media?parent=771533"}],"wp:term":[{"taxonomy":"product_brand","embeddable":true,"href":"https:\/\/roveyayinevi.com.tr\/index.php\/wp-json\/wp\/v2\/product_brand?post=771533"},{"taxonomy":"product_cat","embeddable":true,"href":"https:\/\/roveyayinevi.com.tr\/index.php\/wp-json\/wp\/v2\/product_cat?post=771533"},{"taxonomy":"product_tag","embeddable":true,"href":"https:\/\/roveyayinevi.com.tr\/index.php\/wp-json\/wp\/v2\/product_tag?post=771533"}],"curies":[{"name":"wp","href":"https:\/\/api.w.org\/{rel}","templated":true}]}}