{"id":771530,"date":"2025-08-28T15:08:32","date_gmt":"2025-08-28T12:08:32","guid":{"rendered":"https:\/\/roveyayinevi.com.tr\/index.php\/urun\/cocuk-kalbi-18\/"},"modified":"2026-04-15T03:37:48","modified_gmt":"2026-04-15T00:37:48","slug":"cocuk-kalbi-18","status":"publish","type":"product","link":"https:\/\/roveyayinevi.com.tr\/index.php\/urun\/cocuk-kalbi-18\/","title":{"rendered":"\u00c7ocuk Kalbi"},"content":{"rendered":"<p>Unutulmaz \u00fc\u00e7 ayl\u0131k tatil bir d\u00fc\u015f gibi ge\u00e7ti.Bug\u00fcn okulun ilk g\u00fcn\u00fc.Annemle birlikte sabah erkenden okulun \u00fc\u00e7\u00fcnc\u00fc s\u0131n\u0131f\u0131na kaydolmak \u00fczere yola \u00e7\u0131kt\u0131k. Benise, ge\u00e7irdi\u011fim o g\u00fczel tatili d\u00fc\u015f\u00fcn\u00fcyor, bu nedenle istemeye istemeye annemin pe\u015findeny\u00fcr\u00fcyordum. Etraf \u00e7ocuklarla doluydu. Anneler, babalar kitap\u00e7\u0131 veya k\u0131rtasiyecid\u00fckk\u00e2nlar\u0131na dolu\u015fmu\u015flar, \u00e7ocuklar\u0131 i\u00e7in kalem, kitap, \u00e7anta, defter al\u0131yorlard\u0131. Okulun \u00f6n\u00fcde o denli kalabal\u0131kt\u0131 ki kap\u0131c\u0131 da, polis de kap\u0131n\u0131n \u00f6n\u00fcn\u00fc a\u00e7\u0131k tutmakta olduk\u00e7azorlan\u0131yorlard\u0131.\u00c7ocuk Klasik\u0307 leri \u0307 serim\u0307 iz\u0307 le siz\u0307 \u00e7ocuklar\u0131 bu kez de\u00c7ocuk Kalbi kitab\u0131yla bulu\u015fturuyoruz.<\/p>\n","protected":false},"excerpt":{"rendered":"<p>Unutulmaz \u00fc\u00e7 ayl\u0131k tatil bir d\u00fc\u015f gibi ge\u00e7ti.Bug\u00fcn okulun ilk g\u00fcn\u00fc.Annemle birlikte sabah erkenden okulun \u00fc\u00e7\u00fcnc\u00fc s\u0131n\u0131f\u0131na kaydolmak \u00fczere yola \u00e7\u0131kt\u0131k. Benise, ge\u00e7irdi\u011fim o g\u00fczel tatili<span class=\"excerpt-hellip\"> [\u2026]<\/span><\/p>\n","protected":false},"featured_media":0,"template":"","meta":{"_monsterinsights_skip_tracking":false,"_monsterinsights_sitenote_active":false,"_monsterinsights_sitenote_note":"","_monsterinsights_sitenote_category":0},"product_brand":[],"product_cat":[12274,12284],"product_tag":[],"class_list":{"0":"post-771530","1":"product","2":"type-product","3":"status-publish","5":"product_cat-cocuk-ve-genclik-kitaplari","6":"product_cat-hikayeler","7":"pa_cilt-ciltsiz","8":"pa_tur-kitap","9":"pa_yayinevi-yediveren-cocuk","10":"pa_yazar-edmondo-de-amicis","12":"first","13":"instock","14":"sale","15":"shipping-taxable","16":"purchasable","17":"product-type-simple"},"_links":{"self":[{"href":"https:\/\/roveyayinevi.com.tr\/index.php\/wp-json\/wp\/v2\/product\/771530","targetHints":{"allow":["GET"]}}],"collection":[{"href":"https:\/\/roveyayinevi.com.tr\/index.php\/wp-json\/wp\/v2\/product"}],"about":[{"href":"https:\/\/roveyayinevi.com.tr\/index.php\/wp-json\/wp\/v2\/types\/product"}],"wp:attachment":[{"href":"https:\/\/roveyayinevi.com.tr\/index.php\/wp-json\/wp\/v2\/media?parent=771530"}],"wp:term":[{"taxonomy":"product_brand","embeddable":true,"href":"https:\/\/roveyayinevi.com.tr\/index.php\/wp-json\/wp\/v2\/product_brand?post=771530"},{"taxonomy":"product_cat","embeddable":true,"href":"https:\/\/roveyayinevi.com.tr\/index.php\/wp-json\/wp\/v2\/product_cat?post=771530"},{"taxonomy":"product_tag","embeddable":true,"href":"https:\/\/roveyayinevi.com.tr\/index.php\/wp-json\/wp\/v2\/product_tag?post=771530"}],"curies":[{"name":"wp","href":"https:\/\/api.w.org\/{rel}","templated":true}]}}