{"id":771527,"date":"2025-08-28T15:08:26","date_gmt":"2025-08-28T12:08:26","guid":{"rendered":"https:\/\/roveyayinevi.com.tr\/index.php\/urun\/don-kisot-18\/"},"modified":"2026-04-15T03:37:48","modified_gmt":"2026-04-15T00:37:48","slug":"don-kisot-18","status":"publish","type":"product","link":"https:\/\/roveyayinevi.com.tr\/index.php\/urun\/don-kisot-18\/","title":{"rendered":"Don Ki\u015fot"},"content":{"rendered":"<p>B\u00f6yle konu\u015fa konu\u015fa ilerlerken d\u00fczl\u00fckte kar\u015f\u0131lar\u0131na yel de\u011firmenleri \u00e7\u0131kt\u0131. Don Ki\u015fotovada otuz k\u0131rk kadar yel de\u011firmeni g\u00f6r\u00fcnce seyisi San\u00e7o&#8217;ya seslendi.&#8221;Dostum, \u015fans\u0131m\u0131z iyi gidiyor, \u015fu kar\u015f\u0131daki devleri g\u00f6r\u00fcyor musun? Say\u0131lar\u0131 otuzdanfazla, bunlar ile sava\u015f\u0131p hepsini \u00f6ld\u00fcrece\u011fim. Alaca\u011f\u0131m\u0131z ganimetler ile zenginle\u015fmeyeba\u015flayaca\u011f\u0131z. Bu al\u00e7ak yarat\u0131klar\u0131 yery\u00fcz\u00fcnden kald\u0131rmak ile kutsal bir hizmet de ifaetmi\u015f olaca\u011f\u0131m.&#8221;San\u00e7o hayretle &#8220;Hangi devler?&#8221; dedi.&#8221;\u0130\u015fte \u015fu g\u00f6rd\u00fcklerin, kollar\u0131 da ne kadar b\u00fcy\u00fck.&#8221;&#8221;Fakat efendim, onlar dev de\u011fil yel de\u011firmeni. Sizin kol zannettikleriniz dekanatlar\u0131ndan ba\u015fka bir \u015fey de\u011fil.&#8221;&#8221;Senin maceralarda hi\u00e7 tecr\u00fcben olmad\u0131\u011f\u0131 g\u00f6r\u00fcl\u00fcyor. E\u011fer korkuyorsan bir kenara \u00e7ekilipdua etmeye ba\u015fla, ben e\u015fit \u015fartlar i\u00e7inde bulunmad\u0131\u011f\u0131m h\u00e2lde bu tehlikeli sava\u015fagiri\u015fece\u011fim.&#8221;S\u00f6zlerini bitirir bitirmez Rosinante&#8217;yi mahmuzlay\u0131p de\u011firmenlere sald\u0131rd\u0131. Bunlar\u0131n devde\u011fil yel de\u011firmeni oldu\u011funu ba\u011f\u0131ra ba\u011f\u0131ra s\u00f6yleyen San\u00e7o&#8217;yu dinlemiyordu bile. \u0130\u015fingarip yan\u0131 de\u011firmenlere yakla\u015ft\u0131\u011f\u0131 h\u00e2lde fikrini hi\u00e7 de\u011fi\u015ftirmemesiydi.<\/p>\n","protected":false},"excerpt":{"rendered":"<p>B\u00f6yle konu\u015fa konu\u015fa ilerlerken d\u00fczl\u00fckte kar\u015f\u0131lar\u0131na yel de\u011firmenleri \u00e7\u0131kt\u0131. Don Ki\u015fotovada otuz k\u0131rk kadar yel de\u011firmeni g\u00f6r\u00fcnce seyisi San\u00e7o&#8217;ya seslendi.&#8221;Dostum, \u015fans\u0131m\u0131z iyi gidiyor, \u015fu kar\u015f\u0131daki devleri<span class=\"excerpt-hellip\"> [\u2026]<\/span><\/p>\n","protected":false},"featured_media":0,"template":"","meta":{"_monsterinsights_skip_tracking":false,"_monsterinsights_sitenote_active":false,"_monsterinsights_sitenote_note":"","_monsterinsights_sitenote_category":0},"product_brand":[],"product_cat":[12274,12284],"product_tag":[],"class_list":{"0":"post-771527","1":"product","2":"type-product","3":"status-publish","5":"product_cat-cocuk-ve-genclik-kitaplari","6":"product_cat-hikayeler","7":"pa_cilt-ciltsiz","8":"pa_tur-kitap","9":"pa_yayinevi-yediveren-cocuk","10":"pa_yazar-miguel-de-cervantes-saavedra","12":"first","13":"instock","14":"sale","15":"shipping-taxable","16":"purchasable","17":"product-type-simple"},"_links":{"self":[{"href":"https:\/\/roveyayinevi.com.tr\/index.php\/wp-json\/wp\/v2\/product\/771527","targetHints":{"allow":["GET"]}}],"collection":[{"href":"https:\/\/roveyayinevi.com.tr\/index.php\/wp-json\/wp\/v2\/product"}],"about":[{"href":"https:\/\/roveyayinevi.com.tr\/index.php\/wp-json\/wp\/v2\/types\/product"}],"wp:attachment":[{"href":"https:\/\/roveyayinevi.com.tr\/index.php\/wp-json\/wp\/v2\/media?parent=771527"}],"wp:term":[{"taxonomy":"product_brand","embeddable":true,"href":"https:\/\/roveyayinevi.com.tr\/index.php\/wp-json\/wp\/v2\/product_brand?post=771527"},{"taxonomy":"product_cat","embeddable":true,"href":"https:\/\/roveyayinevi.com.tr\/index.php\/wp-json\/wp\/v2\/product_cat?post=771527"},{"taxonomy":"product_tag","embeddable":true,"href":"https:\/\/roveyayinevi.com.tr\/index.php\/wp-json\/wp\/v2\/product_tag?post=771527"}],"curies":[{"name":"wp","href":"https:\/\/api.w.org\/{rel}","templated":true}]}}