{"id":771521,"date":"2025-08-28T15:08:14","date_gmt":"2025-08-28T12:08:14","guid":{"rendered":"https:\/\/roveyayinevi.com.tr\/index.php\/urun\/kalbimin-akli\/"},"modified":"2026-04-11T03:36:29","modified_gmt":"2026-04-11T00:36:29","slug":"kalbimin-akli","status":"publish","type":"product","link":"https:\/\/roveyayinevi.com.tr\/index.php\/urun\/kalbimin-akli\/","title":{"rendered":"Kalbimin Akl\u0131"},"content":{"rendered":"<p>\u201cGer\u00e7ekli\u011fe ko\u015fan hayaller zincir tutmaz!\u201d\u201cAsla \u2018bittim\u2019 deme!\u00c7aresizli\u011fin en dibini g\u00f6rd\u00fc\u011f\u00fcnde ye\u015feren umutlarYar\u0131n ya\u015fayaca\u011f\u0131n mutluluktan ald\u0131\u011f\u0131n bor\u00e7lard\u0131r.\u201d\u0130ki kom\u015fu kasaba yar\u0131\u015fa girer. Her ikisi de di\u011ferine kendinin daha zengin oldu\u011funu iddia eder. Bu sebeple iki kasaban\u0131n ortas\u0131na birer havuz yapt\u0131r\u0131l\u0131r. Zenginli\u011fi g\u00f6stersin diye gece herkesin bir kova s\u00fct\u00fc havuza d\u00f6kmesi istenir. Zenginliklerini g\u00f6sterebilecekleri i\u00e7in halk keyiflidir. Gece olunca herkes g\u00f6t\u00fcrd\u00fc\u011f\u00fcn\u00fc havuza d\u00f6ker. Sabah oldu\u011funda bir de bakarlar havuz su ile doludur. &#8220;Nas\u0131l olsa bu kadar s\u00fct\u00fcn i\u00e7inde su d\u00f6ksem belli olmaz.\u201d diyerek havuza s\u00fct getiren kimse olmam\u0131\u015ft\u0131r. Herkes \u201cne fark eder ki\u201d diye d\u00fc\u015f\u00fcnm\u00fc\u015ft\u00fcr.\u00c7ok \u015fey fark eder!\u0130\u00e7inde biriktirdi\u011fin \u201cke\u015fkeleri\u201d \u201ciyikilere\u201d \u00e7evirecek,Yalan s\u00f6ylendi\u011finde bunu anlayacak,\u0130nsanlar\u0131n kalbini okur gibi bakacak,Kaderinde k\u0131r\u0131lma anlar\u0131 olacak de\u011fi\u015fimleri kucaklayacak,Korkular\u0131nla y\u00fczle\u015fme cesaretini g\u00f6sterecekVe duvarlar\u0131n\u0131 y\u0131kacaks\u0131n.Dikkat et!Okuyup bitirdi\u011finde bu kitap seni de\u011fi\u015ftirebilir\u2026\u00c7\u00fcnk\u00fc havuza s\u00fct d\u00f6kt\u00fck su de\u011fil.<\/p>\n","protected":false},"excerpt":{"rendered":"<p>\u201cGer\u00e7ekli\u011fe ko\u015fan hayaller zincir tutmaz!\u201d\u201cAsla \u2018bittim\u2019 deme!\u00c7aresizli\u011fin en dibini g\u00f6rd\u00fc\u011f\u00fcnde ye\u015feren umutlarYar\u0131n ya\u015fayaca\u011f\u0131n mutluluktan ald\u0131\u011f\u0131n bor\u00e7lard\u0131r.\u201d\u0130ki kom\u015fu kasaba yar\u0131\u015fa girer. Her ikisi de di\u011ferine kendinin daha<span class=\"excerpt-hellip\"> [\u2026]<\/span><\/p>\n","protected":false},"featured_media":0,"template":"","meta":{"_monsterinsights_skip_tracking":false,"_monsterinsights_sitenote_active":false,"_monsterinsights_sitenote_note":"","_monsterinsights_sitenote_category":0},"product_brand":[],"product_cat":[12364,12376],"product_tag":[],"class_list":{"0":"post-771521","1":"product","2":"type-product","3":"status-publish","5":"product_cat-genel-konular","6":"product_cat-kisisel-gelisim","7":"pa_cilt-ciltsiz","8":"pa_tur-kitap","9":"pa_yayinevi-yediveren-yayinlari","10":"pa_yazar-murat-tunali","12":"first","13":"instock","14":"sale","15":"shipping-taxable","16":"purchasable","17":"product-type-simple"},"_links":{"self":[{"href":"https:\/\/roveyayinevi.com.tr\/index.php\/wp-json\/wp\/v2\/product\/771521","targetHints":{"allow":["GET"]}}],"collection":[{"href":"https:\/\/roveyayinevi.com.tr\/index.php\/wp-json\/wp\/v2\/product"}],"about":[{"href":"https:\/\/roveyayinevi.com.tr\/index.php\/wp-json\/wp\/v2\/types\/product"}],"wp:attachment":[{"href":"https:\/\/roveyayinevi.com.tr\/index.php\/wp-json\/wp\/v2\/media?parent=771521"}],"wp:term":[{"taxonomy":"product_brand","embeddable":true,"href":"https:\/\/roveyayinevi.com.tr\/index.php\/wp-json\/wp\/v2\/product_brand?post=771521"},{"taxonomy":"product_cat","embeddable":true,"href":"https:\/\/roveyayinevi.com.tr\/index.php\/wp-json\/wp\/v2\/product_cat?post=771521"},{"taxonomy":"product_tag","embeddable":true,"href":"https:\/\/roveyayinevi.com.tr\/index.php\/wp-json\/wp\/v2\/product_tag?post=771521"}],"curies":[{"name":"wp","href":"https:\/\/api.w.org\/{rel}","templated":true}]}}