{"id":771520,"date":"2025-08-28T15:08:10","date_gmt":"2025-08-28T12:08:10","guid":{"rendered":"https:\/\/roveyayinevi.com.tr\/index.php\/urun\/teskilat-i-mahsusa-operasyon\/"},"modified":"2026-04-15T03:37:48","modified_gmt":"2026-04-15T00:37:48","slug":"teskilat-i-mahsusa-operasyon","status":"publish","type":"product","link":"https:\/\/roveyayinevi.com.tr\/index.php\/urun\/teskilat-i-mahsusa-operasyon\/","title":{"rendered":"Te\u015fkilat-\u0131 Mahsusa Operasyon"},"content":{"rendered":"<p>Ortado\u011fu, olmaz diye beklenilen her \u015feyin olabilece\u011fi, kadim topraklard\u0131r. Dinlerin, milletlerin ve mucizelerin diyar\u0131 olan Ortado\u011fu&#8217;ya h\u00e2kim olan, D\u00fcnya&#8217;ya h\u00e2kim olur. \u00c7a\u011flar \u00f6tesinden g\u00fcn\u00fcm\u00fcze devam ede gelen bu topraklardaki Hak ile Bat\u0131l&#8217;\u0131n sava\u015f\u0131, kahramanl\u0131klarla, ihanetlerle, kan ve g\u00f6zya\u015flar\u0131yla kendinden s\u00f6z ettirmeye devam etmektedir. Elinizdeki bu kitap; Y\u00fcce T\u00fcrk Milleti&#8217;nin uhdesinde ne\u015fv\u00fcnema bulmu\u015f Te\u015fkilat-\u0131 Mahsusa&#8217;n\u0131n,  Hakk&#8217;\u0131n sancaktar\u0131 olmaya azmetmesini ve bu u\u011furda can verip can almaya yemin etmesini anlatmaktad\u0131r. ?\u0130hanet maya meselesidir, haine merhamet mazluma ihanettir.&#8221; d\u00fcsturuyla yola \u00e7\u0131kan Te\u015fkilat-\u0131 Mahsusa; Anadolu&#8217;da ve Ortado\u011fu&#8217;da ameliyat yapmaya kalk\u0131\u015fan Vatikan&#8217;\u0131n, Siyonistlerin ve k\u00f6kleri tarihin derinliklerinde sakl\u0131 yerli hainlerin, hain planlar\u0131n\u0131 bozmak, yapt\u0131klar\u0131 zul\u00fcmlerin hesab\u0131n\u0131 sormak ve Ortado\u011fu&#8217;daki kan\u0131 ve g\u00f6zya\u015f\u0131n\u0131 durdurabilmek i\u00e7in yola \u00e7\u0131km\u0131\u015ft\u0131r.Kurgu olaylar \u00fczerinden \u00e7\u0131kaca\u011f\u0131n\u0131z bu yolculukta, ter\u00f6r \u015febekelerinin hain y\u00f6ntemlerine, tan\u0131d\u0131k simalara ve ger\u00e7ek kahramanlara rastlayacaks\u0131n\u0131z. T\u00fcrk Milleti&#8217;nin ve \u00c2lem-i \u0130slam&#8217;\u0131n as\u0131rlard\u0131r g\u00f6nl\u00fcndekileri dile getiren bu kitab\u0131 okudu\u011funuzda; \u0130lay-\u0131 Kelimetullah Davas\u0131&#8217;n\u0131n d\u00fcnyaya h\u00fckmetme vaktinin geldi\u011fini anlayacaks\u0131n\u0131z!<\/p>\n","protected":false},"excerpt":{"rendered":"<p>Ortado\u011fu, olmaz diye beklenilen her \u015feyin olabilece\u011fi, kadim topraklard\u0131r. Dinlerin, milletlerin ve mucizelerin diyar\u0131 olan Ortado\u011fu&#8217;ya h\u00e2kim olan, D\u00fcnya&#8217;ya h\u00e2kim olur. \u00c7a\u011flar \u00f6tesinden g\u00fcn\u00fcm\u00fcze devam ede<span class=\"excerpt-hellip\"> [\u2026]<\/span><\/p>\n","protected":false},"featured_media":0,"template":"","meta":{"_monsterinsights_skip_tracking":false,"_monsterinsights_sitenote_active":false,"_monsterinsights_sitenote_note":"","_monsterinsights_sitenote_category":0},"product_brand":[],"product_cat":[12291,12745],"product_tag":[],"class_list":{"0":"post-771520","1":"product","2":"type-product","3":"status-publish","5":"product_cat-edebiyat","6":"product_cat-tarihi-roman","7":"pa_cilt-ciltsiz","8":"pa_tur-kitap","9":"pa_yayinevi-yediveren-yayinlari","10":"pa_yazar-mehmet-isik","12":"first","13":"instock","14":"sale","15":"shipping-taxable","16":"purchasable","17":"product-type-simple"},"_links":{"self":[{"href":"https:\/\/roveyayinevi.com.tr\/index.php\/wp-json\/wp\/v2\/product\/771520","targetHints":{"allow":["GET"]}}],"collection":[{"href":"https:\/\/roveyayinevi.com.tr\/index.php\/wp-json\/wp\/v2\/product"}],"about":[{"href":"https:\/\/roveyayinevi.com.tr\/index.php\/wp-json\/wp\/v2\/types\/product"}],"wp:attachment":[{"href":"https:\/\/roveyayinevi.com.tr\/index.php\/wp-json\/wp\/v2\/media?parent=771520"}],"wp:term":[{"taxonomy":"product_brand","embeddable":true,"href":"https:\/\/roveyayinevi.com.tr\/index.php\/wp-json\/wp\/v2\/product_brand?post=771520"},{"taxonomy":"product_cat","embeddable":true,"href":"https:\/\/roveyayinevi.com.tr\/index.php\/wp-json\/wp\/v2\/product_cat?post=771520"},{"taxonomy":"product_tag","embeddable":true,"href":"https:\/\/roveyayinevi.com.tr\/index.php\/wp-json\/wp\/v2\/product_tag?post=771520"}],"curies":[{"name":"wp","href":"https:\/\/api.w.org\/{rel}","templated":true}]}}