{"id":771519,"date":"2025-08-28T15:08:07","date_gmt":"2025-08-28T12:08:07","guid":{"rendered":"https:\/\/roveyayinevi.com.tr\/index.php\/urun\/bana-askla-gel\/"},"modified":"2026-04-15T03:37:48","modified_gmt":"2026-04-15T00:37:48","slug":"bana-askla-gel","status":"publish","type":"product","link":"https:\/\/roveyayinevi.com.tr\/index.php\/urun\/bana-askla-gel\/","title":{"rendered":"Bana A\u015fkla Gel"},"content":{"rendered":"<p>A\u015fk, yaln\u0131zca \u00f6l\u00fcme en yak\u0131n anda okunabilen bir y\u00fcrek yaz\u0131s\u0131d\u0131r. (Kapak S\u00f6z\u00fc)Yakaland\u0131\u011f\u0131m en g\u00fczel hastal\u0131\u011f\u0131n belki de tek kelime ile ifade edilmesiydi a\u015fk. Her s\u0131zlatt\u0131\u011f\u0131 yara, ondan da az\u0131l\u0131, ondan da ac\u0131mas\u0131z&#8230; En umulmad\u0131k anda a\u00e7t\u0131\u011f\u0131 \u015fefkat kollar\u0131 da olmasa, kim katlan\u0131rd\u0131 ki bu illete? Ya\u011fmurun getirdi\u011fi toprak kokusunu, denizin kayal\u0131klarla sevi\u015firken \u00e7\u0131kard\u0131\u011f\u0131 o sesi, g\u00fcne\u015fin uyku mahmurlu\u011funu alan tazeli\u011fini, r\u00fczg\u00e2r\u0131n \u015fevkle saran sadakatini, bulutlar\u0131n insan tahlil ettiren o \u015fekillerini a\u015fktan ba\u015fka hangi duygu sunabiliyor ki insana? Sevgili mi? O, aciz bedene ayr\u0131 bir y\u00fcrek s\u0131z\u0131s\u0131 de\u011fil mi zaten? K\u00f6re resim g\u00f6stermeye \u00e7al\u0131\u015fmak gibidir y\u00e2re a\u015fk\u0131 sunmak, tatt\u0131rmak, ya\u015fatmak&#8230;Y\u00e2r, benim sava\u015f\u0131ma silahs\u0131z cepheler a\u00e7ma! Evvela a\u015fk\u0131 hisset iliklerine kadar ve ona bulan etinle, kemi\u011finle. Ard\u0131ndan bul beni, herkesin unuttu\u011fu anda. \u00d6nce a\u015fka tutul, yand\u0131k\u00e7a bana tutun! \u0130lk sen bul o mukaddes hissi. Sonra s\u0131\u011f\u0131n onun koynuna ve bir gece yar\u0131s\u0131 \u00e7al kap\u0131m\u0131. Velhas\u0131l sen bana a\u015fkla gel sevgili, bana a\u015fkla gel!<\/p>\n","protected":false},"excerpt":{"rendered":"<p>A\u015fk, yaln\u0131zca \u00f6l\u00fcme en yak\u0131n anda okunabilen bir y\u00fcrek yaz\u0131s\u0131d\u0131r. (Kapak S\u00f6z\u00fc)Yakaland\u0131\u011f\u0131m en g\u00fczel hastal\u0131\u011f\u0131n belki de tek kelime ile ifade edilmesiydi a\u015fk. Her s\u0131zlatt\u0131\u011f\u0131 yara,<span class=\"excerpt-hellip\"> [\u2026]<\/span><\/p>\n","protected":false},"featured_media":0,"template":"","meta":{"_monsterinsights_skip_tracking":false,"_monsterinsights_sitenote_active":false,"_monsterinsights_sitenote_note":"","_monsterinsights_sitenote_category":0},"product_brand":[],"product_cat":[12291,12711],"product_tag":[],"class_list":{"0":"post-771519","1":"product","2":"type-product","3":"status-publish","5":"product_cat-edebiyat","6":"product_cat-roman-oyku","7":"pa_cilt-ciltsiz","8":"pa_tur-kitap","9":"pa_yayinevi-yediveren-yayinlari","10":"pa_yazar-akif-bayrak","12":"first","13":"instock","14":"sale","15":"shipping-taxable","16":"purchasable","17":"product-type-simple"},"_links":{"self":[{"href":"https:\/\/roveyayinevi.com.tr\/index.php\/wp-json\/wp\/v2\/product\/771519","targetHints":{"allow":["GET"]}}],"collection":[{"href":"https:\/\/roveyayinevi.com.tr\/index.php\/wp-json\/wp\/v2\/product"}],"about":[{"href":"https:\/\/roveyayinevi.com.tr\/index.php\/wp-json\/wp\/v2\/types\/product"}],"wp:attachment":[{"href":"https:\/\/roveyayinevi.com.tr\/index.php\/wp-json\/wp\/v2\/media?parent=771519"}],"wp:term":[{"taxonomy":"product_brand","embeddable":true,"href":"https:\/\/roveyayinevi.com.tr\/index.php\/wp-json\/wp\/v2\/product_brand?post=771519"},{"taxonomy":"product_cat","embeddable":true,"href":"https:\/\/roveyayinevi.com.tr\/index.php\/wp-json\/wp\/v2\/product_cat?post=771519"},{"taxonomy":"product_tag","embeddable":true,"href":"https:\/\/roveyayinevi.com.tr\/index.php\/wp-json\/wp\/v2\/product_tag?post=771519"}],"curies":[{"name":"wp","href":"https:\/\/api.w.org\/{rel}","templated":true}]}}