{"id":771518,"date":"2025-08-28T15:08:05","date_gmt":"2025-08-28T12:08:05","guid":{"rendered":"https:\/\/roveyayinevi.com.tr\/index.php\/urun\/payitahtin-kapilari\/"},"modified":"2026-04-15T03:37:48","modified_gmt":"2026-04-15T00:37:48","slug":"payitahtin-kapilari","status":"publish","type":"product","link":"https:\/\/roveyayinevi.com.tr\/index.php\/urun\/payitahtin-kapilari\/","title":{"rendered":"Payitaht\u0131n Kap\u0131lar\u0131"},"content":{"rendered":"<p>\u0130stanbul\u2026 En \u00e7ok ku\u015fat\u0131lan ve ele ge\u00e7irilmek i\u00e7in en \u00e7ok \u00e7aba sarf edilen \u015fehir. \u00dc\u00e7 imparatorlu\u011fun ba\u015fkenti, d\u00fcnyan\u0131n g\u00f6zbebe\u011fi. \u0130stanbul, bu d\u00fcnyaya d\u00fc\u015fm\u00fc\u015f bir inci tanesi ise etraf\u0131n\u0131 saran surlar onu koruyan istiridye kabuklar\u0131d\u0131r.Bu surlar\u0131n \u00f6nlerine kimler gelmemi\u015ftir ki? Bo\u011faz&#8217;a k\u00f6pr\u00fc kuran Perslerden devasa ordular\u0131 ile h\u00fccum eden Bulgarlara, Roma \u0130mparatoru Septimus Severus\u2019tan kendi dinda\u015flar\u0131na bile ac\u0131mayan Latinlere kadar bu surlar\u0131n \u00f6n\u00fcne gelenlerin zorlad\u0131\u011f\u0131 kap\u0131lar ancak 1453&#8217;te a\u00e7\u0131lacakt\u0131r.Avrupa Hun \u0130mparatoru Attila&#8217;n\u0131n \u00f6n\u00fcne kadar gelip gerisin geri d\u00f6nd\u00fc\u011f\u00fc Alt\u0131n Kap\u0131&#8217;n\u0131n Bizans imparatorlar\u0131 i\u00e7in anlam\u0131 neydi?\u0130stanbul&#8217;un fethine sebep olan, a\u00e7\u0131k unutulan bir kap\u0131 m\u0131yd\u0131?Osmanl\u0131 sultanlar\u0131 k\u0131l\u0131\u00e7 ku\u015fanma merasiminden sonra \u015fehre neden Edirne Kap\u0131&#8217;dan girerlerdi?E\u011fri Kap\u0131&#8217;n\u0131n ad\u0131 nereden geliyordu?Ka\u015f\u0131k\u00e7\u0131 Elmas\u0131 hangi kap\u0131n\u0131n \u00f6n\u00fcnde bulundu?Sur dibinde yatan sahabeler kimlerdir?Sarayburnu&#8217;ndaki \u0130mparatorluk Saray\u0131, Theodious surlar\u0131, V. Leon&#8217;un eklemeleri, Hali\u00e7&#8217;in \u00f6nem kazanmas\u0131yla b\u00fcy\u00fcyen Blaherna Saray\u0131, Osmanl\u0131 d\u00f6neminde yap\u0131lan eklemeler, yazd\u0131r\u0131lan kitabeler, sur duvarlar\u0131n\u0131n ve kap\u0131lar\u0131n\u0131n mimari detaylar\u0131\u2026Sanat tarih\u00e7i Talha U\u011furluel \u00fc\u00e7 imparatorlu\u011fun izlerini ta\u015f\u0131yan \u0130stanbul sur ve kap\u0131lar\u0131n\u0131n incelikle i\u015flenmi\u015f mimari \u00f6zelliklerinin yan\u0131 s\u0131ra bu kap\u0131lar\u0131n ard\u0131nda sakl\u0131 kalan nice hik\u00e2yeyi g\u00fcn\u00fcm\u00fcze ta\u015f\u0131yor.<\/p>\n","protected":false},"excerpt":{"rendered":"<p>\u0130stanbul\u2026 En \u00e7ok ku\u015fat\u0131lan ve ele ge\u00e7irilmek i\u00e7in en \u00e7ok \u00e7aba sarf edilen \u015fehir. \u00dc\u00e7 imparatorlu\u011fun ba\u015fkenti, d\u00fcnyan\u0131n g\u00f6zbebe\u011fi. \u0130stanbul, bu d\u00fcnyaya d\u00fc\u015fm\u00fc\u015f bir inci tanesi<span class=\"excerpt-hellip\"> [\u2026]<\/span><\/p>\n","protected":false},"featured_media":0,"template":"","meta":{"_monsterinsights_skip_tracking":false,"_monsterinsights_sitenote_active":false,"_monsterinsights_sitenote_note":"","_monsterinsights_sitenote_category":0},"product_brand":[],"product_cat":[12312,12304],"product_tag":[],"class_list":{"0":"post-771518","1":"product","2":"type-product","3":"status-publish","5":"product_cat-diger","6":"product_cat-tarih","7":"pa_cilt-ciltsiz","8":"pa_tur-kitap","9":"pa_yayinevi-timas-yayinlari","10":"pa_yazar-talha-ugurluel","12":"first","13":"instock","14":"sale","15":"shipping-taxable","16":"purchasable","17":"product-type-simple"},"_links":{"self":[{"href":"https:\/\/roveyayinevi.com.tr\/index.php\/wp-json\/wp\/v2\/product\/771518","targetHints":{"allow":["GET"]}}],"collection":[{"href":"https:\/\/roveyayinevi.com.tr\/index.php\/wp-json\/wp\/v2\/product"}],"about":[{"href":"https:\/\/roveyayinevi.com.tr\/index.php\/wp-json\/wp\/v2\/types\/product"}],"wp:attachment":[{"href":"https:\/\/roveyayinevi.com.tr\/index.php\/wp-json\/wp\/v2\/media?parent=771518"}],"wp:term":[{"taxonomy":"product_brand","embeddable":true,"href":"https:\/\/roveyayinevi.com.tr\/index.php\/wp-json\/wp\/v2\/product_brand?post=771518"},{"taxonomy":"product_cat","embeddable":true,"href":"https:\/\/roveyayinevi.com.tr\/index.php\/wp-json\/wp\/v2\/product_cat?post=771518"},{"taxonomy":"product_tag","embeddable":true,"href":"https:\/\/roveyayinevi.com.tr\/index.php\/wp-json\/wp\/v2\/product_tag?post=771518"}],"curies":[{"name":"wp","href":"https:\/\/api.w.org\/{rel}","templated":true}]}}