{"id":771515,"date":"2025-08-28T15:07:59","date_gmt":"2025-08-28T12:07:59","guid":{"rendered":"https:\/\/roveyayinevi.com.tr\/index.php\/urun\/anlayarak-hizli-okuma-teknikleri-ve-okuma-psikolojisi\/"},"modified":"2026-04-15T03:37:48","modified_gmt":"2026-04-15T00:37:48","slug":"anlayarak-hizli-okuma-teknikleri-ve-okuma-psikolojisi","status":"publish","type":"product","link":"https:\/\/roveyayinevi.com.tr\/index.php\/urun\/anlayarak-hizli-okuma-teknikleri-ve-okuma-psikolojisi\/","title":{"rendered":"Anlayarak H\u0131zl\u0131 Okuma Teknikleri ve Okuma Psikolojisi"},"content":{"rendered":"<p>Bu kitab\u0131 okuduktan sonra ne mi olacak?Okuma h\u0131z\u0131n\u0131z minimum iki kat\u0131na \u00e7\u0131kacak.1 dakikada 1.000 kelime okuyabilmenin alt\u0131nda yatan s\u0131rlar\u0131 \u00f6\u011freneceksiniz. Birka\u00e7saatte bir kitap bitirebilmenin tad\u0131na varacaks\u0131n\u0131z. Ve \u00f6\u011frenciler! S\u0131navlarda \u2018zamanyetmedi&#8217; sorunu ortadan kalkacak. Bir soruyu birka\u00e7 saniyede \u00e7\u00f6zebilir durumageleceksiniz. Sayfalarca ders notlar\u0131 art\u0131k g\u00f6z\u00fcn\u00fcz\u00fc korkutamayacak. \u0130nsano\u011flual\u0131\u015fkanl\u0131klar\u0131n\u0131 davran\u0131\u015flar\u0131 yoluyla kazan\u0131r. Okumak bir al\u0131\u015fkanl\u0131ksa \u2018h\u0131zl\u0131 okuma&#8217;daha geli\u015fmi\u015f bir al\u0131\u015fkanl\u0131k bi\u00e7imidir. Bunu kazanabilmek i\u00e7in belli bir s\u00fcre\u00e7tenge\u00e7meniz ve e\u011fitimini tamamlaman\u0131z gerekmektedir. Bu kitapta \u2018H\u0131zl\u0131 OkumaTeknikleri&#8217;ni ve uygulama bi\u00e7imlerini \u00f6\u011freneceksiniz. Baz\u0131 teknikler zor veuygulanamaz gelse de kesinlikle disiplini elden b\u0131rakmamal\u0131s\u0131n\u0131z. Unutmay\u0131n insanba\u015farabilece\u011fine inand\u0131\u011f\u0131 \u015feyi ba\u015far\u0131r.Hi\u00e7bir \u015feyi bile!<\/p>\n","protected":false},"excerpt":{"rendered":"<p>Bu kitab\u0131 okuduktan sonra ne mi olacak?Okuma h\u0131z\u0131n\u0131z minimum iki kat\u0131na \u00e7\u0131kacak.1 dakikada 1.000 kelime okuyabilmenin alt\u0131nda yatan s\u0131rlar\u0131 \u00f6\u011freneceksiniz. Birka\u00e7saatte bir kitap bitirebilmenin tad\u0131na varacaks\u0131n\u0131z.<span class=\"excerpt-hellip\"> [\u2026]<\/span><\/p>\n","protected":false},"featured_media":0,"template":"","meta":{"_monsterinsights_skip_tracking":false,"_monsterinsights_sitenote_active":false,"_monsterinsights_sitenote_note":"","_monsterinsights_sitenote_category":0},"product_brand":[],"product_cat":[12364,12376],"product_tag":[],"class_list":{"0":"post-771515","1":"product","2":"type-product","3":"status-publish","5":"product_cat-genel-konular","6":"product_cat-kisisel-gelisim","7":"pa_cilt-ciltsiz","8":"pa_tur-kitap","9":"pa_yayinevi-yediveren-yayinlari","10":"pa_yazar-murat-tunali","12":"first","13":"instock","14":"sale","15":"shipping-taxable","16":"purchasable","17":"product-type-simple"},"_links":{"self":[{"href":"https:\/\/roveyayinevi.com.tr\/index.php\/wp-json\/wp\/v2\/product\/771515","targetHints":{"allow":["GET"]}}],"collection":[{"href":"https:\/\/roveyayinevi.com.tr\/index.php\/wp-json\/wp\/v2\/product"}],"about":[{"href":"https:\/\/roveyayinevi.com.tr\/index.php\/wp-json\/wp\/v2\/types\/product"}],"wp:attachment":[{"href":"https:\/\/roveyayinevi.com.tr\/index.php\/wp-json\/wp\/v2\/media?parent=771515"}],"wp:term":[{"taxonomy":"product_brand","embeddable":true,"href":"https:\/\/roveyayinevi.com.tr\/index.php\/wp-json\/wp\/v2\/product_brand?post=771515"},{"taxonomy":"product_cat","embeddable":true,"href":"https:\/\/roveyayinevi.com.tr\/index.php\/wp-json\/wp\/v2\/product_cat?post=771515"},{"taxonomy":"product_tag","embeddable":true,"href":"https:\/\/roveyayinevi.com.tr\/index.php\/wp-json\/wp\/v2\/product_tag?post=771515"}],"curies":[{"name":"wp","href":"https:\/\/api.w.org\/{rel}","templated":true}]}}